{"id":245811,"date":"2025-12-23T10:53:26","date_gmt":"2025-12-23T10:53:26","guid":{"rendered":"https:\/\/www.delicias-uk.com\/?post_type=product&#038;p=245811"},"modified":"2026-01-17T13:57:28","modified_gmt":"2026-01-17T13:57:28","slug":"achocolatado-ucal-250ml-x-3","status":"publish","type":"product","link":"https:\/\/www.delicias-uk.com\/pt-pt\/produto\/achocolatado-ucal-250ml-x-3\/","title":{"rendered":"Achocolatado Ucal 250ml x 3"},"content":{"rendered":"<p data-start=\"117\" data-end=\"382\">O <strong data-start=\"119\" data-end=\"136\">Ucal Original<\/strong> \u00e9 a combina\u00e7\u00e3o perfeita de leite e chocolate, com o sabor cl\u00e1ssico que atravessa gera\u00e7\u00f5es. Neste <strong data-start=\"234\" data-end=\"253\">tripack pr\u00e1tico<\/strong>, cada garrafa PET de 25cl \u00e9 ideal para levar consigo, seja para o lanche, pequeno-almo\u00e7o ou um momento de pausa ao longo do dia.<\/p>\n<p data-start=\"384\" data-end=\"543\">Produzido com <strong data-start=\"398\" data-end=\"420\">leite de qualidade<\/strong> e um delicioso toque de chocolate, o Ucal Original \u00e9 uma fonte de energia e prazer, pronto a beber e f\u00e1cil de transportar.<\/p>\n<p data-start=\"545\" data-end=\"565\"><strong data-start=\"545\" data-end=\"565\">Caracter\u00edsticas:<\/strong><\/p>\n<ul>\n<li data-start=\"568\" data-end=\"597\">Bebida l\u00e1ctea com chocolate<\/li>\n<li data-start=\"600\" data-end=\"629\">Embalagem tripack: 3 x 25cl<\/li>\n<li data-start=\"632\" data-end=\"651\">Pronto a consumir<\/li>\n<li data-start=\"654\" data-end=\"685\">Ideal para crian\u00e7as e adultos<\/li>\n<li data-start=\"688\" data-end=\"718\">Formato pr\u00e1tico e reutiliz\u00e1vel<\/li>\n<\/ul>\n<p data-start=\"720\" data-end=\"812\">Perfeito para partilhar ou para ter sempre \u00e0 m\u00e3o o sabor inconfund\u00edvel do <strong data-start=\"794\" data-end=\"811\">Ucal Original<\/strong>.<\/p>\n","protected":false},"excerpt":{"rendered":"<ul>\n<li data-start=\"568\" data-end=\"597\">Bebida l\u00e1ctea com chocolate<\/li>\n<li data-start=\"600\" data-end=\"629\">Embalagem tripack: 3 x 25cl<\/li>\n<li data-start=\"632\" data-end=\"651\">Pronto a consumir<\/li>\n<li data-start=\"654\" data-end=\"685\">Ideal para crian\u00e7as e adultos<\/li>\n<li data-start=\"688\" data-end=\"718\">Formato pr\u00e1tico e reutiliz\u00e1vel<\/li>\n<\/ul>\n","protected":false},"author":43538,"featured_media":245813,"comment_status":"open","ping_status":"closed","template":"","meta":[],"pwb-brand":[],"product_brand":[],"product_cat":[8737],"product_tag":[],"class_list":{"0":"post-245811","1":"product","2":"type-product","3":"status-publish","4":"has-post-thumbnail","6":"product_cat-achocolatado","8":"first","9":"outofstock","10":"taxable","11":"shipping-taxable","12":"purchasable","13":"product-type-simple"},"aioseo_notices":[],"brands":[],"_links":{"self":[{"href":"https:\/\/www.delicias-uk.com\/pt-pt\/wp-json\/wp\/v2\/product\/245811","targetHints":{"allow":["GET"]}}],"collection":[{"href":"https:\/\/www.delicias-uk.com\/pt-pt\/wp-json\/wp\/v2\/product"}],"about":[{"href":"https:\/\/www.delicias-uk.com\/pt-pt\/wp-json\/wp\/v2\/types\/product"}],"author":[{"embeddable":true,"href":"https:\/\/www.delicias-uk.com\/pt-pt\/wp-json\/wp\/v2\/users\/43538"}],"replies":[{"embeddable":true,"href":"https:\/\/www.delicias-uk.com\/pt-pt\/wp-json\/wp\/v2\/comments?post=245811"}],"wp:featuredmedia":[{"embeddable":true,"href":"https:\/\/www.delicias-uk.com\/pt-pt\/wp-json\/wp\/v2\/media\/245813"}],"wp:attachment":[{"href":"https:\/\/www.delicias-uk.com\/pt-pt\/wp-json\/wp\/v2\/media?parent=245811"}],"wp:term":[{"taxonomy":"pwb-brand","embeddable":true,"href":"https:\/\/www.delicias-uk.com\/pt-pt\/wp-json\/wp\/v2\/pwb-brand?post=245811"},{"taxonomy":"product_brand","embeddable":true,"href":"https:\/\/www.delicias-uk.com\/pt-pt\/wp-json\/wp\/v2\/product_brand?post=245811"},{"taxonomy":"product_cat","embeddable":true,"href":"https:\/\/www.delicias-uk.com\/pt-pt\/wp-json\/wp\/v2\/product_cat?post=245811"},{"taxonomy":"product_tag","embeddable":true,"href":"https:\/\/www.delicias-uk.com\/pt-pt\/wp-json\/wp\/v2\/product_tag?post=245811"}],"curies":[{"name":"wp","href":"https:\/\/api.w.org\/{rel}","templated":true}]}}