{"id":244438,"date":"2025-12-11T15:02:13","date_gmt":"2025-12-11T15:02:13","guid":{"rendered":"https:\/\/www.delicias-uk.com\/?post_type=product&#038;p=244438"},"modified":"2026-02-02T15:11:00","modified_gmt":"2026-02-02T15:11:00","slug":"churros-mini-doce-de-leite-golden-bites-25g-x-12-airfryer-300g","status":"publish","type":"product","link":"https:\/\/www.delicias-uk.com\/pt-pt\/produto\/churros-mini-doce-de-leite-golden-bites-25g-x-12-airfryer-300g\/","title":{"rendered":"Churros Mini Doce de Leite Golden Bites (25g x 12) Airfryer 300g"},"content":{"rendered":"<p data-start=\"140\" data-end=\"440\">Delicie-se com os irresist\u00edveis <strong data-start=\"172\" data-end=\"211\">Churros Mini Doce de Leite Golden Bites<\/strong>, perfeitos para preparar na airfryer. Cada unidade de 25g traz a combina\u00e7\u00e3o ideal de massa macia e estaladi\u00e7a por fora com um delicioso recheio cremoso de Doce de Leite por dentro \u2014 um doce r\u00e1pido, pr\u00e1tico e absolutamente delicioso.<\/p>\n<p data-start=\"442\" data-end=\"464\"><strong data-start=\"442\" data-end=\"462\">Caracter\u00edsticas:<\/strong><\/p>\n<ul>\n<li data-start=\"467\" data-end=\"506\">Pacote com <strong data-start=\"477\" data-end=\"504\">12 unidades de 25g cada<\/strong><\/li>\n<li data-start=\"509\" data-end=\"552\">Prepara\u00e7\u00e3o f\u00e1cil e r\u00e1pida na <strong data-start=\"538\" data-end=\"550\">airfryer<\/strong><\/li>\n<li data-start=\"555\" data-end=\"604\">Massa crocante com recheio de Doce de Leite cremoso<\/li>\n<li data-start=\"607\" data-end=\"672\">Ideal para <strong data-start=\"618\" data-end=\"670\">sobremesas, lanches, festas e momentos especiais<\/strong><\/li>\n<\/ul>\n<p data-start=\"674\" data-end=\"801\"><strong data-start=\"674\" data-end=\"698\">Sugest\u00e3o de Preparo:<\/strong><br data-start=\"698\" data-end=\"701\" \/>Pr\u00e9-aque\u00e7a a airfryer a 180\u00b0C e aque\u00e7a os churros por 6\u20138 minutos, at\u00e9 ficarem dourados e crocantes.<\/p>\n","protected":false},"excerpt":{"rendered":"<ul>\n<li data-start=\"467\" data-end=\"506\">Pacote com <strong data-start=\"477\" data-end=\"504\">12 unidades de 25g cada<\/strong><\/li>\n<li data-start=\"509\" data-end=\"552\">Prepara\u00e7\u00e3o f\u00e1cil e r\u00e1pida na <strong data-start=\"538\" data-end=\"550\">airfryer<\/strong><\/li>\n<li data-start=\"555\" data-end=\"604\">Massa crocante com recheio de Doce de Leite cremoso<\/li>\n<li data-start=\"607\" data-end=\"672\">Ideal para <strong data-start=\"618\" data-end=\"670\">sobremesas, lanches, festas e momentos especiais<\/strong><\/li>\n<\/ul>\n","protected":false},"author":43538,"featured_media":244442,"comment_status":"closed","ping_status":"closed","template":"","meta":[],"pwb-brand":[],"product_brand":[],"product_cat":[8305,8399],"product_tag":[],"class_list":{"0":"post-244438","1":"product","2":"type-product","3":"status-publish","4":"has-post-thumbnail","6":"product_cat-produtos-congelados","7":"product_cat-pastelaria-congelada","9":"first","10":"instock","11":"taxable","12":"shipping-taxable","13":"purchasable","14":"product-type-simple"},"aioseo_notices":[],"brands":[],"_links":{"self":[{"href":"https:\/\/www.delicias-uk.com\/pt-pt\/wp-json\/wp\/v2\/product\/244438","targetHints":{"allow":["GET"]}}],"collection":[{"href":"https:\/\/www.delicias-uk.com\/pt-pt\/wp-json\/wp\/v2\/product"}],"about":[{"href":"https:\/\/www.delicias-uk.com\/pt-pt\/wp-json\/wp\/v2\/types\/product"}],"author":[{"embeddable":true,"href":"https:\/\/www.delicias-uk.com\/pt-pt\/wp-json\/wp\/v2\/users\/43538"}],"replies":[{"embeddable":true,"href":"https:\/\/www.delicias-uk.com\/pt-pt\/wp-json\/wp\/v2\/comments?post=244438"}],"wp:featuredmedia":[{"embeddable":true,"href":"https:\/\/www.delicias-uk.com\/pt-pt\/wp-json\/wp\/v2\/media\/244442"}],"wp:attachment":[{"href":"https:\/\/www.delicias-uk.com\/pt-pt\/wp-json\/wp\/v2\/media?parent=244438"}],"wp:term":[{"taxonomy":"pwb-brand","embeddable":true,"href":"https:\/\/www.delicias-uk.com\/pt-pt\/wp-json\/wp\/v2\/pwb-brand?post=244438"},{"taxonomy":"product_brand","embeddable":true,"href":"https:\/\/www.delicias-uk.com\/pt-pt\/wp-json\/wp\/v2\/product_brand?post=244438"},{"taxonomy":"product_cat","embeddable":true,"href":"https:\/\/www.delicias-uk.com\/pt-pt\/wp-json\/wp\/v2\/product_cat?post=244438"},{"taxonomy":"product_tag","embeddable":true,"href":"https:\/\/www.delicias-uk.com\/pt-pt\/wp-json\/wp\/v2\/product_tag?post=244438"}],"curies":[{"name":"wp","href":"https:\/\/api.w.org\/{rel}","templated":true}]}}