{"id":244387,"date":"2026-02-02T15:19:29","date_gmt":"2026-02-02T15:19:29","guid":{"rendered":"https:\/\/www.delicias-uk.com\/?post_type=product&#038;p=244387"},"modified":"2026-02-02T15:22:52","modified_gmt":"2026-02-02T15:22:52","slug":"bolinhos-de-carne-golden-bites-25g-x-12-airfryer-300g","status":"publish","type":"product","link":"https:\/\/www.delicias-uk.com\/pt-pt\/produto\/bolinhos-de-carne-golden-bites-25g-x-12-airfryer-300g\/","title":{"rendered":"Bolinhos de Carne Golden Bites (25g x 12) Airfryer 300g"},"content":{"rendered":"<p data-start=\"136\" data-end=\"408\">Delicie-se com o sabor e a croc\u00e2ncia dos <strong data-start=\"177\" data-end=\"211\">Bolinhos de Carne Golden Bites<\/strong>, preparados especialmente para airfryer. Cada unidade de 25g combina uma massa crocante por fora com um recheio suculento e temperado de carne por dentro \u2014 saboroso, pr\u00e1tico e pronto em minutos.<\/p>\n<p data-start=\"410\" data-end=\"430\"><strong data-start=\"410\" data-end=\"430\">Caracter\u00edsticas:<\/strong><\/p>\n<ul>\n<li data-start=\"433\" data-end=\"472\">Caixa com <strong data-start=\"443\" data-end=\"470\">12 unidades de 25g cada<\/strong><\/li>\n<li data-start=\"475\" data-end=\"510\">Prepara\u00e7\u00e3o r\u00e1pida na <strong data-start=\"496\" data-end=\"508\">airfryer<\/strong><\/li>\n<li data-start=\"513\" data-end=\"554\">Crocante por fora, suculento por dentro<\/li>\n<li data-start=\"557\" data-end=\"615\">Ideal para <strong data-start=\"568\" data-end=\"613\">snacks, entradas, festas e para partilhar<\/strong><\/li>\n<\/ul>\n<p data-start=\"617\" data-end=\"747\"><strong data-start=\"617\" data-end=\"641\">Sugest\u00e3o de Preparo:<\/strong><br data-start=\"641\" data-end=\"644\" \/>Pr\u00e9-aque\u00e7a a airfryer a 180\u00b0C e aque\u00e7a os bolinhos por 6\u20138 minutos, at\u00e9 ficarem dourados e crocantes.<\/p>\n","protected":false},"excerpt":{"rendered":"<ul>\n<li data-start=\"433\" data-end=\"472\">Caixa com <strong data-start=\"443\" data-end=\"470\">12 unidades de 25g cada<\/strong><\/li>\n<li data-start=\"475\" data-end=\"510\">Prepara\u00e7\u00e3o r\u00e1pida na <strong data-start=\"496\" data-end=\"508\">airfryer<\/strong><\/li>\n<li data-start=\"513\" data-end=\"554\">Crocante por fora, suculento por dentro<\/li>\n<li data-start=\"557\" data-end=\"615\">Ideal para <strong data-start=\"568\" data-end=\"613\">snacks, entradas, festas e para partilhar<\/strong><\/li>\n<\/ul>\n","protected":false},"author":43538,"featured_media":244382,"comment_status":"closed","ping_status":"closed","template":"","meta":[],"pwb-brand":[],"product_brand":[],"product_cat":[8305,8413],"product_tag":[],"class_list":{"0":"post-244387","1":"product","2":"type-product","3":"status-publish","4":"has-post-thumbnail","6":"product_cat-produtos-congelados","7":"product_cat-salgado-congelado","9":"first","10":"instock","11":"taxable","12":"shipping-taxable","13":"purchasable","14":"product-type-simple"},"aioseo_notices":[],"brands":[],"_links":{"self":[{"href":"https:\/\/www.delicias-uk.com\/pt-pt\/wp-json\/wp\/v2\/product\/244387","targetHints":{"allow":["GET"]}}],"collection":[{"href":"https:\/\/www.delicias-uk.com\/pt-pt\/wp-json\/wp\/v2\/product"}],"about":[{"href":"https:\/\/www.delicias-uk.com\/pt-pt\/wp-json\/wp\/v2\/types\/product"}],"author":[{"embeddable":true,"href":"https:\/\/www.delicias-uk.com\/pt-pt\/wp-json\/wp\/v2\/users\/43538"}],"replies":[{"embeddable":true,"href":"https:\/\/www.delicias-uk.com\/pt-pt\/wp-json\/wp\/v2\/comments?post=244387"}],"wp:featuredmedia":[{"embeddable":true,"href":"https:\/\/www.delicias-uk.com\/pt-pt\/wp-json\/wp\/v2\/media\/244382"}],"wp:attachment":[{"href":"https:\/\/www.delicias-uk.com\/pt-pt\/wp-json\/wp\/v2\/media?parent=244387"}],"wp:term":[{"taxonomy":"pwb-brand","embeddable":true,"href":"https:\/\/www.delicias-uk.com\/pt-pt\/wp-json\/wp\/v2\/pwb-brand?post=244387"},{"taxonomy":"product_brand","embeddable":true,"href":"https:\/\/www.delicias-uk.com\/pt-pt\/wp-json\/wp\/v2\/product_brand?post=244387"},{"taxonomy":"product_cat","embeddable":true,"href":"https:\/\/www.delicias-uk.com\/pt-pt\/wp-json\/wp\/v2\/product_cat?post=244387"},{"taxonomy":"product_tag","embeddable":true,"href":"https:\/\/www.delicias-uk.com\/pt-pt\/wp-json\/wp\/v2\/product_tag?post=244387"}],"curies":[{"name":"wp","href":"https:\/\/api.w.org\/{rel}","templated":true}]}}