{"id":244379,"date":"2026-02-02T15:17:35","date_gmt":"2026-02-02T15:17:35","guid":{"rendered":"https:\/\/www.delicias-uk.com\/?post_type=product&#038;p=244379"},"modified":"2026-02-16T11:31:49","modified_gmt":"2026-02-16T11:31:49","slug":"bolinhas-de-queijo-golden-bites-25g-x-12-airfryer-300g","status":"publish","type":"product","link":"https:\/\/www.delicias-uk.com\/pt-pt\/produto\/bolinhas-de-queijo-golden-bites-25g-x-12-airfryer-300g\/","title":{"rendered":"Bolinhas de Queijo Golden Bites (25g x 12) Airfryer 300g"},"content":{"rendered":"<p data-start=\"134\" data-end=\"411\">Descubra a croc\u00e2ncia irresist\u00edvel das <strong data-start=\"172\" data-end=\"207\">Bolinhas de Queijo Golden Bites<\/strong>, preparadas especialmente para airfryer. Cada por\u00e7\u00e3o de 25g oferece uma combina\u00e7\u00e3o perfeita de massa leve por fora e recheio cremoso de queijo por dentro, garantindo sabor e praticidade no seu dia a dia.<\/p>\n<p data-start=\"413\" data-end=\"577\">Ideais para <strong data-start=\"425\" data-end=\"480\">petiscos, festas, snacks r\u00e1pidos ou acompanhamentos<\/strong>, ficam prontas em poucos minutos, sem necessidade de \u00f3leo \u2014 resultado leve, dourado e delicioso.<\/p>\n<p data-start=\"579\" data-end=\"599\"><strong data-start=\"579\" data-end=\"599\">Caracter\u00edsticas:<\/strong><\/p>\n<ul>\n<li data-start=\"602\" data-end=\"641\">Caixa com <strong data-start=\"612\" data-end=\"634\">12 unidades de 25g<\/strong> cada<\/li>\n<li data-start=\"644\" data-end=\"679\">Prepara\u00e7\u00e3o r\u00e1pida na <strong data-start=\"665\" data-end=\"677\">airfryer<\/strong><\/li>\n<li data-start=\"682\" data-end=\"726\">Massa crocante e recheio de queijo cremoso<\/li>\n<li data-start=\"729\" data-end=\"774\">Perfeito para lanches, entradas e partilhas<\/li>\n<\/ul>\n<p data-start=\"776\" data-end=\"899\"><strong data-start=\"776\" data-end=\"807\">Modo de preparo (sugest\u00e3o):<\/strong><br data-start=\"807\" data-end=\"810\" \/>Pr\u00e9-aque\u00e7a a airfryer a 180\u00b0C e aque\u00e7a as bolinhas por 6\u20138 minutos, at\u00e9 ficarem douradas.<\/p>\n","protected":false},"excerpt":{"rendered":"<ul>\n<li data-start=\"602\" data-end=\"641\">Caixa com <strong data-start=\"612\" data-end=\"634\">12 unidades de 25g<\/strong> cada<\/li>\n<li data-start=\"644\" data-end=\"679\">Prepara\u00e7\u00e3o r\u00e1pida na <strong data-start=\"665\" data-end=\"677\">airfryer<\/strong><\/li>\n<li data-start=\"682\" data-end=\"726\">Massa crocante e recheio de queijo cremoso<\/li>\n<li data-start=\"729\" data-end=\"774\">Perfeito para lanches, entradas e partilhas<\/li>\n<\/ul>\n","protected":false},"author":43538,"featured_media":248958,"comment_status":"closed","ping_status":"closed","template":"","meta":[],"pwb-brand":[],"product_brand":[],"product_cat":[8305,8413],"product_tag":[],"class_list":{"0":"post-244379","1":"product","2":"type-product","3":"status-publish","4":"has-post-thumbnail","6":"product_cat-produtos-congelados","7":"product_cat-salgado-congelado","9":"first","10":"instock","11":"taxable","12":"shipping-taxable","13":"purchasable","14":"product-type-simple"},"aioseo_notices":[],"brands":[],"_links":{"self":[{"href":"https:\/\/www.delicias-uk.com\/pt-pt\/wp-json\/wp\/v2\/product\/244379","targetHints":{"allow":["GET"]}}],"collection":[{"href":"https:\/\/www.delicias-uk.com\/pt-pt\/wp-json\/wp\/v2\/product"}],"about":[{"href":"https:\/\/www.delicias-uk.com\/pt-pt\/wp-json\/wp\/v2\/types\/product"}],"author":[{"embeddable":true,"href":"https:\/\/www.delicias-uk.com\/pt-pt\/wp-json\/wp\/v2\/users\/43538"}],"replies":[{"embeddable":true,"href":"https:\/\/www.delicias-uk.com\/pt-pt\/wp-json\/wp\/v2\/comments?post=244379"}],"wp:featuredmedia":[{"embeddable":true,"href":"https:\/\/www.delicias-uk.com\/pt-pt\/wp-json\/wp\/v2\/media\/248958"}],"wp:attachment":[{"href":"https:\/\/www.delicias-uk.com\/pt-pt\/wp-json\/wp\/v2\/media?parent=244379"}],"wp:term":[{"taxonomy":"pwb-brand","embeddable":true,"href":"https:\/\/www.delicias-uk.com\/pt-pt\/wp-json\/wp\/v2\/pwb-brand?post=244379"},{"taxonomy":"product_brand","embeddable":true,"href":"https:\/\/www.delicias-uk.com\/pt-pt\/wp-json\/wp\/v2\/product_brand?post=244379"},{"taxonomy":"product_cat","embeddable":true,"href":"https:\/\/www.delicias-uk.com\/pt-pt\/wp-json\/wp\/v2\/product_cat?post=244379"},{"taxonomy":"product_tag","embeddable":true,"href":"https:\/\/www.delicias-uk.com\/pt-pt\/wp-json\/wp\/v2\/product_tag?post=244379"}],"curies":[{"name":"wp","href":"https:\/\/api.w.org\/{rel}","templated":true}]}}