{"id":243273,"date":"2025-12-03T11:06:28","date_gmt":"2025-12-03T11:06:28","guid":{"rendered":"https:\/\/www.delicias-uk.com\/?post_type=product&#038;p=243273"},"modified":"2026-01-12T10:25:52","modified_gmt":"2026-01-12T10:25:52","slug":"bacalhau-salgado-lombos-sr-bacalhau-caixa-15kg","status":"publish","type":"product","link":"https:\/\/www.delicias-uk.com\/pt-pt\/produto\/bacalhau-salgado-lombos-sr-bacalhau-caixa-15kg\/","title":{"rendered":"Bacalhau Salgado Lombos Sr. Bacalhau Caixa 1,5kg"},"content":{"rendered":"<p data-start=\"148\" data-end=\"433\">O <strong data-start=\"150\" data-end=\"190\">Bacalhau Salgado Lombos Sr. Bacalhau<\/strong> oferece a tradi\u00e7\u00e3o e qualidade do bacalhau portugu\u00eas em cortes selecionados, ideais para preparar pratos cl\u00e1ssicos ou receitas gourmet em casa. Cada caixa cont\u00e9m <strong data-start=\"353\" data-end=\"395\">1,5kg de lombos cuidadosamente curados<\/strong>, prontos para dessalgar e cozinhar.<\/p>\n<p data-start=\"435\" data-end=\"465\"><strong data-start=\"435\" data-end=\"463\">Por que voc\u00ea vai adorar:<\/strong><\/p>\n<ul>\n<li data-start=\"468\" data-end=\"527\"><strong data-start=\"468\" data-end=\"491\">Lombos selecionados<\/strong>: sabor aut\u00eantico e textura firme.<\/li>\n<li data-start=\"530\" data-end=\"621\"><strong data-start=\"530\" data-end=\"549\">Produto salgado<\/strong>: mant\u00e9m o tradicional m\u00e9todo de conserva\u00e7\u00e3o e o sabor caracter\u00edstico.<\/li>\n<li data-start=\"624\" data-end=\"701\"><strong data-start=\"624\" data-end=\"642\">Caixa de 1,5kg<\/strong>: ideal para refei\u00e7\u00f5es em fam\u00edlia ou prepara\u00e7\u00f5es maiores.<\/li>\n<li data-start=\"704\" data-end=\"799\"><strong data-start=\"704\" data-end=\"716\">Vers\u00e1til<\/strong>: perfeito para assados, cozidos, grelhados ou receitas tradicionais de bacalhau.<\/li>\n<\/ul>\n<p data-start=\"801\" data-end=\"941\"><strong data-start=\"801\" data-end=\"816\">Ideal para:<\/strong><br data-start=\"816\" data-end=\"819\" \/>Quem deseja preparar pratos portugueses tradicionais com praticidade e qualidade, mantendo o sabor cl\u00e1ssico do bacalhau.<\/p>\n","protected":false},"excerpt":{"rendered":"<ul>\n<li data-start=\"468\" data-end=\"527\"><strong data-start=\"468\" data-end=\"491\">Lombos selecionados<\/strong>: sabor aut\u00eantico e textura firme.<\/li>\n<li data-start=\"530\" data-end=\"621\"><strong data-start=\"530\" data-end=\"549\">Produto salgado<\/strong>: mant\u00e9m o tradicional m\u00e9todo de conserva\u00e7\u00e3o e o sabor caracter\u00edstico.<\/li>\n<li data-start=\"624\" data-end=\"701\"><strong data-start=\"624\" data-end=\"642\">Caixa de 1,5kg<\/strong>: ideal para refei\u00e7\u00f5es em fam\u00edlia ou prepara\u00e7\u00f5es maiores.<\/li>\n<li data-start=\"704\" data-end=\"799\"><strong data-start=\"704\" data-end=\"716\">Vers\u00e1til<\/strong>: perfeito para assados, cozidos, grelhados ou receitas tradicionais de bacalhau.<\/li>\n<\/ul>\n","protected":false},"author":43538,"featured_media":243268,"comment_status":"closed","ping_status":"closed","template":"","meta":[],"pwb-brand":[],"product_brand":[],"product_cat":[8291,8387],"product_tag":[],"class_list":{"0":"post-243273","1":"product","2":"type-product","3":"status-publish","4":"has-post-thumbnail","6":"product_cat-produtos-portugueses","7":"product_cat-bacalhau-seco","9":"first","10":"outofstock","11":"taxable","12":"shipping-taxable","13":"purchasable","14":"product-type-simple"},"aioseo_notices":[],"brands":[],"_links":{"self":[{"href":"https:\/\/www.delicias-uk.com\/pt-pt\/wp-json\/wp\/v2\/product\/243273","targetHints":{"allow":["GET"]}}],"collection":[{"href":"https:\/\/www.delicias-uk.com\/pt-pt\/wp-json\/wp\/v2\/product"}],"about":[{"href":"https:\/\/www.delicias-uk.com\/pt-pt\/wp-json\/wp\/v2\/types\/product"}],"author":[{"embeddable":true,"href":"https:\/\/www.delicias-uk.com\/pt-pt\/wp-json\/wp\/v2\/users\/43538"}],"replies":[{"embeddable":true,"href":"https:\/\/www.delicias-uk.com\/pt-pt\/wp-json\/wp\/v2\/comments?post=243273"}],"wp:featuredmedia":[{"embeddable":true,"href":"https:\/\/www.delicias-uk.com\/pt-pt\/wp-json\/wp\/v2\/media\/243268"}],"wp:attachment":[{"href":"https:\/\/www.delicias-uk.com\/pt-pt\/wp-json\/wp\/v2\/media?parent=243273"}],"wp:term":[{"taxonomy":"pwb-brand","embeddable":true,"href":"https:\/\/www.delicias-uk.com\/pt-pt\/wp-json\/wp\/v2\/pwb-brand?post=243273"},{"taxonomy":"product_brand","embeddable":true,"href":"https:\/\/www.delicias-uk.com\/pt-pt\/wp-json\/wp\/v2\/product_brand?post=243273"},{"taxonomy":"product_cat","embeddable":true,"href":"https:\/\/www.delicias-uk.com\/pt-pt\/wp-json\/wp\/v2\/product_cat?post=243273"},{"taxonomy":"product_tag","embeddable":true,"href":"https:\/\/www.delicias-uk.com\/pt-pt\/wp-json\/wp\/v2\/product_tag?post=243273"}],"curies":[{"name":"wp","href":"https:\/\/api.w.org\/{rel}","templated":true}]}}