{"id":241878,"date":"2025-11-21T16:14:16","date_gmt":"2025-11-21T16:14:16","guid":{"rendered":"https:\/\/www.delicias-uk.com\/?post_type=product&#038;p=241878"},"modified":"2026-03-27T12:36:25","modified_gmt":"2026-03-27T12:36:25","slug":"bacalhau-salgado-cortado-graudo-1-2-peixe-brites","status":"publish","type":"product","link":"https:\/\/www.delicias-uk.com\/pt-pt\/produto\/bacalhau-salgado-cortado-graudo-1-2-peixe-brites\/","title":{"rendered":"Bacalhau Salgado Cortado Graudo (1\/2 peixe) Brites"},"content":{"rendered":"<p data-start=\"147\" data-end=\"489\">Descubra a qualidade tradicional do <strong data-start=\"183\" data-end=\"225\">Bacalhau Salgado Cortado Gra\u00fado Brites<\/strong>, preparado a partir de peixes selecionados e cuidadosamente curados para garantir sabor, textura e rendimento superiores. Vendido em <strong data-start=\"359\" data-end=\"385\">meia posta (1\/2 peixe)<\/strong>, este bacalhau gra\u00fado \u00e9 ideal para quem procura praticidade sem abrir m\u00e3o do aut\u00eantico sabor portugu\u00eas.<\/p>\n<p data-start=\"491\" data-end=\"726\">Perfeito para pratos cl\u00e1ssicos como <strong data-start=\"527\" data-end=\"546\">Bacalhau \u00e0 Br\u00e1s<\/strong>, <strong data-start=\"548\" data-end=\"563\">Gomes de S\u00e1<\/strong>, <strong data-start=\"565\" data-end=\"584\">Assado no forno<\/strong>\u00a0ou para receitas especiais de festividades. Sua cura uniforme e cortes generosos proporcionam uma experi\u00eancia gastron\u00f3mica rica e suculenta.<\/p>\n<p data-start=\"728\" data-end=\"748\"><strong data-start=\"728\" data-end=\"748\">Caracter\u00edsticas:<\/strong><\/p>\n<ul>\n<li data-start=\"751\" data-end=\"805\">Tamanho: Gra\u00fado (alta qualidade e melhor rendimento)<\/li>\n<li data-start=\"808\" data-end=\"836\">Formato: 1\/2 peixe cortado<\/li>\n<li data-start=\"839\" data-end=\"915\">Marca: Brites \u2013 reconhecida pela excel\u00eancia no processo de salga e secagem<\/li>\n<li data-start=\"918\" data-end=\"957\">Ideal para assar, cozinhar ou grelhar<\/li>\n<li data-start=\"960\" data-end=\"1015\">Sabor tradicional, textura firme e macia ap\u00f3s demolha<\/li>\n<\/ul>\n<p data-start=\"1017\" data-end=\"1142\"><strong data-start=\"1017\" data-end=\"1026\">Dica:<\/strong> Para melhores resultados, deixe o bacalhau de molho em \u00e1gua fria entre 24 e 48 horas, trocando a \u00e1gua regularmente.<\/p>\n","protected":false},"excerpt":{"rendered":"<ul>\n<li data-start=\"751\" data-end=\"805\">Tamanho: Gra\u00fado (alta qualidade e melhor rendimento)<\/li>\n<li data-start=\"808\" data-end=\"836\">Formato: 1\/2 peixe cortado<\/li>\n<li data-start=\"839\" data-end=\"915\">Marca: Brites \u2013 reconhecida pela excel\u00eancia no processo de salga e secagem<\/li>\n<li data-start=\"918\" data-end=\"957\">Ideal para assar, cozinhar ou grelhar<\/li>\n<li data-start=\"960\" data-end=\"1015\">Sabor tradicional, textura firme e macia ap\u00f3s demolha<\/li>\n<\/ul>\n","protected":false},"author":43538,"featured_media":241884,"comment_status":"closed","ping_status":"closed","template":"","meta":[],"pwb-brand":[],"product_brand":[],"product_cat":[8387],"product_tag":[],"class_list":{"0":"post-241878","1":"product","2":"type-product","3":"status-publish","4":"has-post-thumbnail","6":"product_cat-bacalhau-seco","8":"first","9":"instock","10":"taxable","11":"shipping-taxable","12":"purchasable","13":"product-type-variable"},"aioseo_notices":[],"brands":[],"_links":{"self":[{"href":"https:\/\/www.delicias-uk.com\/pt-pt\/wp-json\/wp\/v2\/product\/241878","targetHints":{"allow":["GET"]}}],"collection":[{"href":"https:\/\/www.delicias-uk.com\/pt-pt\/wp-json\/wp\/v2\/product"}],"about":[{"href":"https:\/\/www.delicias-uk.com\/pt-pt\/wp-json\/wp\/v2\/types\/product"}],"author":[{"embeddable":true,"href":"https:\/\/www.delicias-uk.com\/pt-pt\/wp-json\/wp\/v2\/users\/43538"}],"replies":[{"embeddable":true,"href":"https:\/\/www.delicias-uk.com\/pt-pt\/wp-json\/wp\/v2\/comments?post=241878"}],"wp:featuredmedia":[{"embeddable":true,"href":"https:\/\/www.delicias-uk.com\/pt-pt\/wp-json\/wp\/v2\/media\/241884"}],"wp:attachment":[{"href":"https:\/\/www.delicias-uk.com\/pt-pt\/wp-json\/wp\/v2\/media?parent=241878"}],"wp:term":[{"taxonomy":"pwb-brand","embeddable":true,"href":"https:\/\/www.delicias-uk.com\/pt-pt\/wp-json\/wp\/v2\/pwb-brand?post=241878"},{"taxonomy":"product_brand","embeddable":true,"href":"https:\/\/www.delicias-uk.com\/pt-pt\/wp-json\/wp\/v2\/product_brand?post=241878"},{"taxonomy":"product_cat","embeddable":true,"href":"https:\/\/www.delicias-uk.com\/pt-pt\/wp-json\/wp\/v2\/product_cat?post=241878"},{"taxonomy":"product_tag","embeddable":true,"href":"https:\/\/www.delicias-uk.com\/pt-pt\/wp-json\/wp\/v2\/product_tag?post=241878"}],"curies":[{"name":"wp","href":"https:\/\/api.w.org\/{rel}","templated":true}]}}