{"id":241449,"date":"2025-11-18T10:16:56","date_gmt":"2025-11-18T10:16:56","guid":{"rendered":"https:\/\/www.delicias-uk.com\/?post_type=product&#038;p=241449"},"modified":"2025-11-18T10:16:57","modified_gmt":"2025-11-18T10:16:57","slug":"achocolatado-agros-1l","status":"publish","type":"product","link":"https:\/\/www.delicias-uk.com\/pt-pt\/produto\/achocolatado-agros-1l\/","title":{"rendered":"Achocolatado Agros 1L"},"content":{"rendered":"<p data-start=\"177\" data-end=\"612\">O <strong data-start=\"179\" data-end=\"204\">AGROS Achocolatado 1L<\/strong> \u00e9 uma bebida deliciosa e cremosa, feita com leite de alta qualidade e chocolate rico em sabor. Perfeito para consumir fresco, ao pequeno-almo\u00e7o, lanche ou a qualquer hora do dia. A sua textura suave e o equil\u00edbrio ideal entre do\u00e7ura e cacau fazem deste achocolatado uma escolha irresist\u00edvel para crian\u00e7as e adultos. Pr\u00e1tico e pronto a beber, vem em embalagem Tetra Pak de 1 litro, ideal para toda a fam\u00edlia.<\/p>\n<p data-start=\"614\" data-end=\"744\"><strong data-start=\"614\" data-end=\"631\">Quantidade:<\/strong> 1L<br data-start=\"634\" data-end=\"637\" \/><strong data-start=\"637\" data-end=\"649\">Sabor:<\/strong> Chocolate<br data-start=\"659\" data-end=\"662\" \/><strong data-start=\"662\" data-end=\"675\">Origem:<\/strong> Portugal<br data-start=\"684\" data-end=\"687\" \/><strong data-start=\"687\" data-end=\"704\">Ideal para:<\/strong> Pequeno-almo\u00e7o, lanches, consumo di\u00e1rio<\/p>\n","protected":false},"excerpt":{"rendered":"<ul>\n<li><strong data-start=\"614\" data-end=\"631\">Quantidade:<\/strong> 1L<\/li>\n<li><strong data-start=\"637\" data-end=\"649\">Sabor:<\/strong> Chocolate<\/li>\n<li><strong data-start=\"662\" data-end=\"675\">Origem:<\/strong> Portugal<\/li>\n<li><strong data-start=\"687\" data-end=\"704\">Ideal para:<\/strong> Pequeno-almo\u00e7o, lanches, consumo di\u00e1rio<\/li>\n<\/ul>\n","protected":false},"author":43538,"featured_media":241448,"comment_status":"closed","ping_status":"closed","template":"","meta":[],"pwb-brand":[],"product_brand":[],"product_cat":[8289,8291,8377,8551,8737],"product_tag":[],"class_list":{"0":"post-241449","1":"product","2":"type-product","3":"status-publish","4":"has-post-thumbnail","6":"product_cat-inicio","7":"product_cat-produtos-portugueses","8":"product_cat-lacticinios","9":"product_cat-leite-e-creme","10":"product_cat-achocolatado","12":"first","13":"instock","14":"taxable","15":"shipping-taxable","16":"purchasable","17":"product-type-simple"},"aioseo_notices":[],"brands":[],"_links":{"self":[{"href":"https:\/\/www.delicias-uk.com\/pt-pt\/wp-json\/wp\/v2\/product\/241449","targetHints":{"allow":["GET"]}}],"collection":[{"href":"https:\/\/www.delicias-uk.com\/pt-pt\/wp-json\/wp\/v2\/product"}],"about":[{"href":"https:\/\/www.delicias-uk.com\/pt-pt\/wp-json\/wp\/v2\/types\/product"}],"author":[{"embeddable":true,"href":"https:\/\/www.delicias-uk.com\/pt-pt\/wp-json\/wp\/v2\/users\/43538"}],"replies":[{"embeddable":true,"href":"https:\/\/www.delicias-uk.com\/pt-pt\/wp-json\/wp\/v2\/comments?post=241449"}],"wp:featuredmedia":[{"embeddable":true,"href":"https:\/\/www.delicias-uk.com\/pt-pt\/wp-json\/wp\/v2\/media\/241448"}],"wp:attachment":[{"href":"https:\/\/www.delicias-uk.com\/pt-pt\/wp-json\/wp\/v2\/media?parent=241449"}],"wp:term":[{"taxonomy":"pwb-brand","embeddable":true,"href":"https:\/\/www.delicias-uk.com\/pt-pt\/wp-json\/wp\/v2\/pwb-brand?post=241449"},{"taxonomy":"product_brand","embeddable":true,"href":"https:\/\/www.delicias-uk.com\/pt-pt\/wp-json\/wp\/v2\/product_brand?post=241449"},{"taxonomy":"product_cat","embeddable":true,"href":"https:\/\/www.delicias-uk.com\/pt-pt\/wp-json\/wp\/v2\/product_cat?post=241449"},{"taxonomy":"product_tag","embeddable":true,"href":"https:\/\/www.delicias-uk.com\/pt-pt\/wp-json\/wp\/v2\/product_tag?post=241449"}],"curies":[{"name":"wp","href":"https:\/\/api.w.org\/{rel}","templated":true}]}}