{"id":240654,"date":"2025-11-05T12:54:36","date_gmt":"2025-11-05T12:54:36","guid":{"rendered":"https:\/\/www.delicias-uk.com\/?post_type=product&#038;p=240654"},"modified":"2026-02-15T23:57:32","modified_gmt":"2026-02-15T23:57:32","slug":"rialto-mini-grissini-100-espelta-150g","status":"publish","type":"product","link":"https:\/\/www.delicias-uk.com\/pt-pt\/produto\/rialto-mini-grissini-100-espelta-150g\/","title":{"rendered":"Rialto Mini Grissini 100% Espelta 150g"},"content":{"rendered":"<p data-start=\"125\" data-end=\"478\"><br data-start=\"165\" data-end=\"168\" \/>Saboreie a <strong data-start=\"179\" data-end=\"207\">leveza e o sabor natural<\/strong> dos <strong data-start=\"212\" data-end=\"250\">Mini Grissini de Espelta da Rialto<\/strong>! Feitos com <strong data-start=\"263\" data-end=\"290\">100% farinha de espelta<\/strong>, estes grissinis crocantes e artesanais s\u00e3o ideais como <strong data-start=\"347\" data-end=\"405\">aperitivo, lanche ou acompanhamento de queijos e pat\u00eas<\/strong>. Uma op\u00e7\u00e3o mais saud\u00e1vel, sem perder o sabor e a textura irresist\u00edvel.<\/p>\n<ul data-start=\"480\" data-end=\"724\">\n<li data-start=\"480\" data-end=\"532\">\n<p data-start=\"482\" data-end=\"532\"><strong data-start=\"482\" data-end=\"504\">Crocrantes e leves<\/strong>, perfeitos para beliscar.<\/p>\n<\/li>\n<li data-start=\"533\" data-end=\"600\">\n<p data-start=\"535\" data-end=\"600\"><strong data-start=\"535\" data-end=\"562\">100% farinha de espelta<\/strong>, para um sabor natural e nutritivo.<\/p>\n<\/li>\n<li data-start=\"601\" data-end=\"659\">\n<p data-start=\"603\" data-end=\"659\"><strong data-start=\"603\" data-end=\"616\">Vers\u00e1teis<\/strong>, combinam com queijos, pat\u00eas ou sozinho.<\/p>\n<\/li>\n<li data-start=\"660\" data-end=\"724\">\n<p data-start=\"662\" data-end=\"724\"><strong data-start=\"662\" data-end=\"691\">Ingredientes selecionados<\/strong>, garantindo qualidade e sabor.<\/p>\n<\/li>\n<\/ul>\n","protected":false},"excerpt":{"rendered":"<ul>\n<li data-start=\"482\" data-end=\"532\">Crocrantes e leves, perfeitos para beliscar.<\/li>\n<li data-start=\"535\" data-end=\"600\">100% farinha de espelta, para um sabor natural e nutritivo.<\/li>\n<li data-start=\"603\" data-end=\"659\">Vers\u00e1teis, combinam com queijos, pat\u00eas ou sozinho.<\/li>\n<li data-start=\"662\" data-end=\"724\">Ingredientes selecionados, garantindo qualidade e sabor.<\/li>\n<\/ul>\n","protected":false},"author":43538,"featured_media":240656,"comment_status":"closed","ping_status":"closed","template":"","meta":[],"pwb-brand":[],"product_brand":[],"product_cat":[8291,8395,8649],"product_tag":[],"class_list":{"0":"post-240654","1":"product","2":"type-product","3":"status-publish","4":"has-post-thumbnail","6":"product_cat-produtos-portugueses","7":"product_cat-mercearia","8":"product_cat-lanches-batatas-fritas-tostas","10":"first","11":"instock","12":"taxable","13":"shipping-taxable","14":"purchasable","15":"product-type-simple"},"aioseo_notices":[],"brands":[],"_links":{"self":[{"href":"https:\/\/www.delicias-uk.com\/pt-pt\/wp-json\/wp\/v2\/product\/240654","targetHints":{"allow":["GET"]}}],"collection":[{"href":"https:\/\/www.delicias-uk.com\/pt-pt\/wp-json\/wp\/v2\/product"}],"about":[{"href":"https:\/\/www.delicias-uk.com\/pt-pt\/wp-json\/wp\/v2\/types\/product"}],"author":[{"embeddable":true,"href":"https:\/\/www.delicias-uk.com\/pt-pt\/wp-json\/wp\/v2\/users\/43538"}],"replies":[{"embeddable":true,"href":"https:\/\/www.delicias-uk.com\/pt-pt\/wp-json\/wp\/v2\/comments?post=240654"}],"wp:featuredmedia":[{"embeddable":true,"href":"https:\/\/www.delicias-uk.com\/pt-pt\/wp-json\/wp\/v2\/media\/240656"}],"wp:attachment":[{"href":"https:\/\/www.delicias-uk.com\/pt-pt\/wp-json\/wp\/v2\/media?parent=240654"}],"wp:term":[{"taxonomy":"pwb-brand","embeddable":true,"href":"https:\/\/www.delicias-uk.com\/pt-pt\/wp-json\/wp\/v2\/pwb-brand?post=240654"},{"taxonomy":"product_brand","embeddable":true,"href":"https:\/\/www.delicias-uk.com\/pt-pt\/wp-json\/wp\/v2\/product_brand?post=240654"},{"taxonomy":"product_cat","embeddable":true,"href":"https:\/\/www.delicias-uk.com\/pt-pt\/wp-json\/wp\/v2\/product_cat?post=240654"},{"taxonomy":"product_tag","embeddable":true,"href":"https:\/\/www.delicias-uk.com\/pt-pt\/wp-json\/wp\/v2\/product_tag?post=240654"}],"curies":[{"name":"wp","href":"https:\/\/api.w.org\/{rel}","templated":true}]}}