{"id":240648,"date":"2025-11-05T12:49:32","date_gmt":"2025-11-05T12:49:32","guid":{"rendered":"https:\/\/www.delicias-uk.com\/?post_type=product&#038;p=240648"},"modified":"2025-11-05T12:53:23","modified_gmt":"2025-11-05T12:53:23","slug":"rialto-mini-grissini-classico-150g","status":"publish","type":"product","link":"https:\/\/www.delicias-uk.com\/pt-pt\/produto\/rialto-mini-grissini-classico-150g\/","title":{"rendered":"Rialto Mini Grissini Cl\u00e1ssico 150g"},"content":{"rendered":"<p data-start=\"121\" data-end=\"477\">Descubra a leveza e croc\u00e2ncia dos <strong data-start=\"194\" data-end=\"231\">Mini Grissini Cl\u00e1ssicos da Rialto<\/strong>! Perfeitos como <strong data-start=\"248\" data-end=\"306\">aperitivo, lanche ou acompanhamento de queijos e pat\u00eas<\/strong>, estes grissinis artesanais trazem o sabor aut\u00eantico e delicado que voc\u00ea procura. Feitos com ingredientes selecionados, s\u00e3o ideais para saborear a qualquer hora do dia.<\/p>\n<ul data-start=\"479\" data-end=\"719\">\n<li data-start=\"479\" data-end=\"531\">\n<p data-start=\"481\" data-end=\"531\"><strong data-start=\"481\" data-end=\"503\">Crocrantes e leves<\/strong>, perfeitos para beliscar.<\/p>\n<\/li>\n<li data-start=\"532\" data-end=\"593\">\n<p data-start=\"534\" data-end=\"593\"><strong data-start=\"534\" data-end=\"563\">Sabor cl\u00e1ssico e delicado<\/strong>, vers\u00e1til para combina\u00e7\u00f5es.<\/p>\n<\/li>\n<li data-start=\"594\" data-end=\"654\">\n<p data-start=\"596\" data-end=\"654\"><strong data-start=\"596\" data-end=\"613\">Snack pr\u00e1tico<\/strong>, \u00f3timo para casa, festas ou encontros.<\/p>\n<\/li>\n<li data-start=\"655\" data-end=\"719\">\n<p data-start=\"657\" data-end=\"719\"><strong data-start=\"657\" data-end=\"686\">Ingredientes selecionados<\/strong>, garantindo qualidade e sabor.<\/p>\n<\/li>\n<\/ul>\n","protected":false},"excerpt":{"rendered":"<ul>\n<li data-start=\"481\" data-end=\"531\">Crocrantes e leves, perfeitos para beliscar.<\/li>\n<li data-start=\"534\" data-end=\"593\">Sabor cl\u00e1ssico e delicado, vers\u00e1til para combina\u00e7\u00f5es.<\/li>\n<li data-start=\"596\" data-end=\"654\">Snack pr\u00e1tico, \u00f3timo para casa, festas ou encontros.<\/li>\n<li data-start=\"657\" data-end=\"719\">Ingredientes selecionados, garantindo qualidade e sabor.<\/li>\n<\/ul>\n","protected":false},"author":43538,"featured_media":240651,"comment_status":"closed","ping_status":"closed","template":"","meta":[],"pwb-brand":[],"product_brand":[],"product_cat":[8291,8395,8649],"product_tag":[],"class_list":{"0":"post-240648","1":"product","2":"type-product","3":"status-publish","4":"has-post-thumbnail","6":"product_cat-produtos-portugueses","7":"product_cat-mercearia","8":"product_cat-lanches-batatas-fritas-tostas","10":"first","11":"instock","12":"taxable","13":"shipping-taxable","14":"purchasable","15":"product-type-simple"},"aioseo_notices":[],"brands":[],"_links":{"self":[{"href":"https:\/\/www.delicias-uk.com\/pt-pt\/wp-json\/wp\/v2\/product\/240648","targetHints":{"allow":["GET"]}}],"collection":[{"href":"https:\/\/www.delicias-uk.com\/pt-pt\/wp-json\/wp\/v2\/product"}],"about":[{"href":"https:\/\/www.delicias-uk.com\/pt-pt\/wp-json\/wp\/v2\/types\/product"}],"author":[{"embeddable":true,"href":"https:\/\/www.delicias-uk.com\/pt-pt\/wp-json\/wp\/v2\/users\/43538"}],"replies":[{"embeddable":true,"href":"https:\/\/www.delicias-uk.com\/pt-pt\/wp-json\/wp\/v2\/comments?post=240648"}],"wp:featuredmedia":[{"embeddable":true,"href":"https:\/\/www.delicias-uk.com\/pt-pt\/wp-json\/wp\/v2\/media\/240651"}],"wp:attachment":[{"href":"https:\/\/www.delicias-uk.com\/pt-pt\/wp-json\/wp\/v2\/media?parent=240648"}],"wp:term":[{"taxonomy":"pwb-brand","embeddable":true,"href":"https:\/\/www.delicias-uk.com\/pt-pt\/wp-json\/wp\/v2\/pwb-brand?post=240648"},{"taxonomy":"product_brand","embeddable":true,"href":"https:\/\/www.delicias-uk.com\/pt-pt\/wp-json\/wp\/v2\/product_brand?post=240648"},{"taxonomy":"product_cat","embeddable":true,"href":"https:\/\/www.delicias-uk.com\/pt-pt\/wp-json\/wp\/v2\/product_cat?post=240648"},{"taxonomy":"product_tag","embeddable":true,"href":"https:\/\/www.delicias-uk.com\/pt-pt\/wp-json\/wp\/v2\/product_tag?post=240648"}],"curies":[{"name":"wp","href":"https:\/\/api.w.org\/{rel}","templated":true}]}}