{"id":240644,"date":"2025-11-05T12:42:52","date_gmt":"2025-11-05T12:42:52","guid":{"rendered":"https:\/\/www.delicias-uk.com\/?post_type=product&#038;p=240644"},"modified":"2025-11-05T12:54:10","modified_gmt":"2025-11-05T12:54:10","slug":"rialto-popped-cracks-chips-picante-30g","status":"publish","type":"product","link":"https:\/\/www.delicias-uk.com\/pt-pt\/produto\/rialto-popped-cracks-chips-picante-30g\/","title":{"rendered":"Rialto Popped Cracks Chips Picante 30g"},"content":{"rendered":"<p data-start=\"128\" data-end=\"524\"><br data-start=\"171\" data-end=\"174\" \/>Sinta o <strong data-start=\"182\" data-end=\"214\">sabor picante e irresist\u00edvel<\/strong> dos <strong data-start=\"219\" data-end=\"246\">Popped Cracks da Rialto<\/strong>! Crocantes, leves e com um toque de especiarias, estes chips s\u00e3o o <strong data-start=\"314\" data-end=\"370\">lanche perfeito para quem gosta de emo\u00e7\u00e3o no paladar<\/strong>. Feitos com ingredientes selecionados, oferecem uma combina\u00e7\u00e3o \u00fanica de croc\u00e2ncia e sabor apimentado que vai conquistar todos os f\u00e3s de snacks ousados.<\/p>\n<ul data-start=\"526\" data-end=\"771\">\n<li data-start=\"526\" data-end=\"577\">\n<p data-start=\"528\" data-end=\"577\"><strong data-start=\"528\" data-end=\"549\">Crocantes e leves<\/strong>, perfeitos para beliscar.<\/p>\n<\/li>\n<li data-start=\"578\" data-end=\"637\">\n<p data-start=\"580\" data-end=\"637\"><strong data-start=\"580\" data-end=\"605\">Sabor picante intenso<\/strong>, com um toque de especiarias.<\/p>\n<\/li>\n<li data-start=\"638\" data-end=\"697\">\n<p data-start=\"640\" data-end=\"697\"><strong data-start=\"640\" data-end=\"657\">Snack pr\u00e1tico<\/strong>, ideal para casa, trabalho ou viagem.<\/p>\n<\/li>\n<li data-start=\"698\" data-end=\"771\">\n<p data-start=\"700\" data-end=\"771\"><strong data-start=\"700\" data-end=\"742\">Sem adi\u00e7\u00e3o de conservantes artificiais<\/strong>, mais natural e delicioso.<\/p>\n<\/li>\n<\/ul>\n","protected":false},"excerpt":{"rendered":"<ul>\n<li data-start=\"528\" data-end=\"577\">Crocantes e leves, perfeitos para beliscar.<\/li>\n<li data-start=\"580\" data-end=\"637\">Sabor picante intenso, com um toque de especiarias.<\/li>\n<li data-start=\"640\" data-end=\"697\">Snack pr\u00e1tico, ideal para casa, trabalho ou viagem.<\/li>\n<li data-start=\"700\" data-end=\"771\">Sem adi\u00e7\u00e3o de conservantes artificiais, mais natural e delicioso.<\/li>\n<\/ul>\n","protected":false},"author":43538,"featured_media":240646,"comment_status":"closed","ping_status":"closed","template":"","meta":[],"pwb-brand":[],"product_brand":[],"product_cat":[8291,8395,8649],"product_tag":[],"class_list":{"0":"post-240644","1":"product","2":"type-product","3":"status-publish","4":"has-post-thumbnail","6":"product_cat-produtos-portugueses","7":"product_cat-mercearia","8":"product_cat-lanches-batatas-fritas-tostas","10":"first","11":"instock","12":"taxable","13":"shipping-taxable","14":"purchasable","15":"product-type-simple"},"aioseo_notices":[],"brands":[],"_links":{"self":[{"href":"https:\/\/www.delicias-uk.com\/pt-pt\/wp-json\/wp\/v2\/product\/240644","targetHints":{"allow":["GET"]}}],"collection":[{"href":"https:\/\/www.delicias-uk.com\/pt-pt\/wp-json\/wp\/v2\/product"}],"about":[{"href":"https:\/\/www.delicias-uk.com\/pt-pt\/wp-json\/wp\/v2\/types\/product"}],"author":[{"embeddable":true,"href":"https:\/\/www.delicias-uk.com\/pt-pt\/wp-json\/wp\/v2\/users\/43538"}],"replies":[{"embeddable":true,"href":"https:\/\/www.delicias-uk.com\/pt-pt\/wp-json\/wp\/v2\/comments?post=240644"}],"wp:featuredmedia":[{"embeddable":true,"href":"https:\/\/www.delicias-uk.com\/pt-pt\/wp-json\/wp\/v2\/media\/240646"}],"wp:attachment":[{"href":"https:\/\/www.delicias-uk.com\/pt-pt\/wp-json\/wp\/v2\/media?parent=240644"}],"wp:term":[{"taxonomy":"pwb-brand","embeddable":true,"href":"https:\/\/www.delicias-uk.com\/pt-pt\/wp-json\/wp\/v2\/pwb-brand?post=240644"},{"taxonomy":"product_brand","embeddable":true,"href":"https:\/\/www.delicias-uk.com\/pt-pt\/wp-json\/wp\/v2\/product_brand?post=240644"},{"taxonomy":"product_cat","embeddable":true,"href":"https:\/\/www.delicias-uk.com\/pt-pt\/wp-json\/wp\/v2\/product_cat?post=240644"},{"taxonomy":"product_tag","embeddable":true,"href":"https:\/\/www.delicias-uk.com\/pt-pt\/wp-json\/wp\/v2\/product_tag?post=240644"}],"curies":[{"name":"wp","href":"https:\/\/api.w.org\/{rel}","templated":true}]}}