{"id":238130,"date":"2025-10-24T14:40:48","date_gmt":"2025-10-24T13:40:48","guid":{"rendered":"https:\/\/www.delicias-uk.com\/?post_type=product&#038;p=238130"},"modified":"2026-03-28T15:20:57","modified_gmt":"2026-03-28T15:20:57","slug":"tosta-diatosta-minigrill-normal-90g","status":"publish","type":"product","link":"https:\/\/www.delicias-uk.com\/pt-pt\/produto\/tosta-diatosta-minigrill-normal-90g\/","title":{"rendered":"Tosta Diatosta Minigrill Normal 90g"},"content":{"rendered":"<p data-start=\"136\" data-end=\"507\"><strong data-start=\"136\" data-end=\"175\">Tosta Diatosta Minigrill Normal 90g<\/strong>: Pr\u00e1tica e crocante, a <strong data-start=\"199\" data-end=\"227\">Tosta Diatosta Minigrill<\/strong> \u00e9 ideal para quem busca um lanche r\u00e1pido e delicioso. Com sua textura leve e sabor irresist\u00edvel, \u00e9 perfeita para acompanhar pat\u00eas, queijos ou at\u00e9 mesmo para saborear sozinha. Feita sem conservantes artificiais, \u00e9 a escolha certa para quem busca qualidade e sabor em cada mordida.<\/p>\n<p data-start=\"509\" data-end=\"536\"><strong data-start=\"509\" data-end=\"534\">Destaques do Produto:<\/strong><\/p>\n<ul data-start=\"537\" data-end=\"694\">\n<li data-start=\"537\" data-end=\"568\">\n<p data-start=\"539\" data-end=\"568\"><strong data-start=\"539\" data-end=\"566\">Textura crocante e leve<\/strong><\/p>\n<\/li>\n<li data-start=\"569\" data-end=\"603\">\n<p data-start=\"571\" data-end=\"603\"><strong data-start=\"571\" data-end=\"601\">Sabor delicioso e vers\u00e1til<\/strong><\/p>\n<\/li>\n<li data-start=\"604\" data-end=\"640\">\n<p data-start=\"606\" data-end=\"640\"><strong data-start=\"606\" data-end=\"638\">Sem conservantes artificiais<\/strong><\/p>\n<\/li>\n<li data-start=\"641\" data-end=\"694\">\n<p data-start=\"643\" data-end=\"694\"><strong data-start=\"643\" data-end=\"692\">Ideal para lanches r\u00e1pidos ou acompanhamentos<\/strong><\/p>\n<\/li>\n<\/ul>\n<p data-start=\"696\" data-end=\"754\">Pronta para consumir e perfeita para qualquer hora do dia!<\/p>\n","protected":false},"excerpt":{"rendered":"<ul>\n<li data-start=\"539\" data-end=\"568\">Textura crocante e leve<\/li>\n<li data-start=\"571\" data-end=\"603\">Sabor delicioso e vers\u00e1til<\/li>\n<li data-start=\"606\" data-end=\"640\">Sem conservantes artificiais<\/li>\n<li data-start=\"643\" data-end=\"694\">Ideal para lanches r\u00e1pidos ou acompanhamentos<\/li>\n<\/ul>\n","protected":false},"author":43538,"featured_media":238132,"comment_status":"closed","ping_status":"closed","template":"","meta":[],"pwb-brand":[],"product_brand":[],"product_cat":[8291,8395,8649],"product_tag":[],"class_list":{"0":"post-238130","1":"product","2":"type-product","3":"status-publish","4":"has-post-thumbnail","6":"product_cat-produtos-portugueses","7":"product_cat-mercearia","8":"product_cat-lanches-batatas-fritas-tostas","10":"first","11":"instock","12":"purchasable","13":"product-type-simple"},"aioseo_notices":[],"brands":[],"_links":{"self":[{"href":"https:\/\/www.delicias-uk.com\/pt-pt\/wp-json\/wp\/v2\/product\/238130","targetHints":{"allow":["GET"]}}],"collection":[{"href":"https:\/\/www.delicias-uk.com\/pt-pt\/wp-json\/wp\/v2\/product"}],"about":[{"href":"https:\/\/www.delicias-uk.com\/pt-pt\/wp-json\/wp\/v2\/types\/product"}],"author":[{"embeddable":true,"href":"https:\/\/www.delicias-uk.com\/pt-pt\/wp-json\/wp\/v2\/users\/43538"}],"replies":[{"embeddable":true,"href":"https:\/\/www.delicias-uk.com\/pt-pt\/wp-json\/wp\/v2\/comments?post=238130"}],"wp:featuredmedia":[{"embeddable":true,"href":"https:\/\/www.delicias-uk.com\/pt-pt\/wp-json\/wp\/v2\/media\/238132"}],"wp:attachment":[{"href":"https:\/\/www.delicias-uk.com\/pt-pt\/wp-json\/wp\/v2\/media?parent=238130"}],"wp:term":[{"taxonomy":"pwb-brand","embeddable":true,"href":"https:\/\/www.delicias-uk.com\/pt-pt\/wp-json\/wp\/v2\/pwb-brand?post=238130"},{"taxonomy":"product_brand","embeddable":true,"href":"https:\/\/www.delicias-uk.com\/pt-pt\/wp-json\/wp\/v2\/product_brand?post=238130"},{"taxonomy":"product_cat","embeddable":true,"href":"https:\/\/www.delicias-uk.com\/pt-pt\/wp-json\/wp\/v2\/product_cat?post=238130"},{"taxonomy":"product_tag","embeddable":true,"href":"https:\/\/www.delicias-uk.com\/pt-pt\/wp-json\/wp\/v2\/product_tag?post=238130"}],"curies":[{"name":"wp","href":"https:\/\/api.w.org\/{rel}","templated":true}]}}