{"id":238092,"date":"2025-10-24T11:49:34","date_gmt":"2025-10-24T10:49:34","guid":{"rendered":"https:\/\/www.delicias-uk.com\/?post_type=product&#038;p=238092"},"modified":"2026-03-05T17:43:55","modified_gmt":"2026-03-05T17:43:55","slug":"cha-matte-leao-original-pet-1-5l-x-6","status":"publish","type":"product","link":"https:\/\/www.delicias-uk.com\/pt-pt\/produto\/cha-matte-leao-original-pet-1-5l-x-6\/","title":{"rendered":"Cha Matte Leao Original Pet 1.5L x 6"},"content":{"rendered":"<p>O Ch\u00e1 Natural Pronto a Beber Matte Le\u00e3o\u00ae 1,5L \u00e9 a escolha perfeita para revitalizar o seu dia! Delicie-se com este ch\u00e1 refrescante e revigorante pronto a ser apreciado. Elaborado com folhas de ch\u00e1 cuidadosamente selecionadas, oferece um sabor natural e aut\u00eantico que ir\u00e1 despertar os seus sentidos.<\/p>\n<p><strong>Ingredientes<\/strong>: \u00c1gua, a\u00e7\u00facar, extrato aquoso de mate (Ilex paraguariensis St. Hil.), acidulante \u00e1cido c\u00edtrico, antioxidante \u00e1cido asc\u00f3rbico, conservantes sorbato de pot\u00e1ssio e benzoato de s\u00f3dio.<\/p>\n<p><strong>Alerg\u00e9nios<\/strong>: nenhum.<\/p>\n<p><strong>Informa\u00e7\u00e3o nutricional por 100g<\/strong>: N\u00e3o cont\u00e9m quantidade significativa de valor energ\u00e9tico e hidratos de carbono, prote\u00ednas, gordura total, gordura saturada, gordura trans, fibra alimentar e s\u00f3dio.<\/p>\n<p><strong>Pa\u00eds de origem<\/strong>: Brasil.<\/p>\n<p><em>Devido a poss\u00edveis altera\u00e7\u00f5es nas embalagens e\/ou r\u00f3tulos, deve sempre considerar a informa\u00e7\u00e3o que acompanha o produto que recebe.<\/em><\/p>\n","protected":false},"excerpt":{"rendered":"<ul style=\"list-style-type: disc\">\n<li>Peso l\u00edquido 1.5L x 6<\/li>\n<li>Refrescante e pronto para beber<\/li>\n<li>Sem gl\u00faten ou lactose<\/li>\n<\/ul>\n","protected":false},"author":43538,"featured_media":238094,"comment_status":"open","ping_status":"closed","template":"","meta":[],"pwb-brand":[],"product_brand":[],"product_cat":[8289,8293,8415,8585],"product_tag":[],"class_list":{"0":"post-238092","1":"product","2":"type-product","3":"status-publish","4":"has-post-thumbnail","6":"product_cat-inicio","7":"product_cat-produtos-brasileiros","8":"product_cat-bebidas","9":"product_cat-cha-gelado-pt-pt","11":"first","12":"outofstock","13":"taxable","14":"shipping-taxable","15":"purchasable","16":"product-type-simple"},"aioseo_notices":[],"brands":[],"_links":{"self":[{"href":"https:\/\/www.delicias-uk.com\/pt-pt\/wp-json\/wp\/v2\/product\/238092","targetHints":{"allow":["GET"]}}],"collection":[{"href":"https:\/\/www.delicias-uk.com\/pt-pt\/wp-json\/wp\/v2\/product"}],"about":[{"href":"https:\/\/www.delicias-uk.com\/pt-pt\/wp-json\/wp\/v2\/types\/product"}],"author":[{"embeddable":true,"href":"https:\/\/www.delicias-uk.com\/pt-pt\/wp-json\/wp\/v2\/users\/43538"}],"replies":[{"embeddable":true,"href":"https:\/\/www.delicias-uk.com\/pt-pt\/wp-json\/wp\/v2\/comments?post=238092"}],"wp:featuredmedia":[{"embeddable":true,"href":"https:\/\/www.delicias-uk.com\/pt-pt\/wp-json\/wp\/v2\/media\/238094"}],"wp:attachment":[{"href":"https:\/\/www.delicias-uk.com\/pt-pt\/wp-json\/wp\/v2\/media?parent=238092"}],"wp:term":[{"taxonomy":"pwb-brand","embeddable":true,"href":"https:\/\/www.delicias-uk.com\/pt-pt\/wp-json\/wp\/v2\/pwb-brand?post=238092"},{"taxonomy":"product_brand","embeddable":true,"href":"https:\/\/www.delicias-uk.com\/pt-pt\/wp-json\/wp\/v2\/product_brand?post=238092"},{"taxonomy":"product_cat","embeddable":true,"href":"https:\/\/www.delicias-uk.com\/pt-pt\/wp-json\/wp\/v2\/product_cat?post=238092"},{"taxonomy":"product_tag","embeddable":true,"href":"https:\/\/www.delicias-uk.com\/pt-pt\/wp-json\/wp\/v2\/product_tag?post=238092"}],"curies":[{"name":"wp","href":"https:\/\/api.w.org\/{rel}","templated":true}]}}