{"id":238086,"date":"2025-10-24T11:40:19","date_gmt":"2025-10-24T10:40:19","guid":{"rendered":"https:\/\/www.delicias-uk.com\/?post_type=product&#038;p=238086"},"modified":"2025-11-04T09:30:19","modified_gmt":"2025-11-04T09:30:19","slug":"guarana-com-acai-matte-leao-450ml-x-6","status":"publish","type":"product","link":"https:\/\/www.delicias-uk.com\/pt-pt\/produto\/guarana-com-acai-matte-leao-450ml-x-6\/","title":{"rendered":"Guaran\u00e1 com A\u00e7a\u00ed Matte Le\u00e3o 450ml x 6"},"content":{"rendered":"<p class=\"MsoNormal\"><span lang=\"pt-br\" xml:lang=\"pt-br\"><strong>Ingredientes<\/strong>: \u00e1gua, a\u00e7\u00facar, extrato de guaran\u00e1, aromatizante, reguladores de acidez \u00e1cido c\u00edtrico e \u00e1cido fum\u00e1rico, corante caramelo IV, amaranto e azul brilhante FCF, antioxidante \u00e1cido asc\u00f3rbico e conservadores sorbato de pot\u00e1ssio e benzoato de s\u00f3dio.<\/span><\/p>\n","protected":false},"excerpt":{"rendered":"<ul style=\"list-style-type: disc\">\n<li>Peso l\u00edquido 450ml<\/li>\n<li>Pronto para beber<\/li>\n<li>Produto Brasileiro<\/li>\n<\/ul>\n","protected":false},"author":43538,"featured_media":238090,"comment_status":"open","ping_status":"closed","template":"","meta":[],"pwb-brand":[],"product_brand":[],"product_cat":[8289,8293,8415,8585],"product_tag":[],"class_list":{"0":"post-238086","1":"product","2":"type-product","3":"status-publish","4":"has-post-thumbnail","6":"product_cat-inicio","7":"product_cat-produtos-brasileiros","8":"product_cat-bebidas","9":"product_cat-cha-gelado-pt-pt","11":"first","12":"outofstock","13":"taxable","14":"shipping-taxable","15":"purchasable","16":"product-type-simple"},"aioseo_notices":[],"brands":[],"_links":{"self":[{"href":"https:\/\/www.delicias-uk.com\/pt-pt\/wp-json\/wp\/v2\/product\/238086","targetHints":{"allow":["GET"]}}],"collection":[{"href":"https:\/\/www.delicias-uk.com\/pt-pt\/wp-json\/wp\/v2\/product"}],"about":[{"href":"https:\/\/www.delicias-uk.com\/pt-pt\/wp-json\/wp\/v2\/types\/product"}],"author":[{"embeddable":true,"href":"https:\/\/www.delicias-uk.com\/pt-pt\/wp-json\/wp\/v2\/users\/43538"}],"replies":[{"embeddable":true,"href":"https:\/\/www.delicias-uk.com\/pt-pt\/wp-json\/wp\/v2\/comments?post=238086"}],"wp:featuredmedia":[{"embeddable":true,"href":"https:\/\/www.delicias-uk.com\/pt-pt\/wp-json\/wp\/v2\/media\/238090"}],"wp:attachment":[{"href":"https:\/\/www.delicias-uk.com\/pt-pt\/wp-json\/wp\/v2\/media?parent=238086"}],"wp:term":[{"taxonomy":"pwb-brand","embeddable":true,"href":"https:\/\/www.delicias-uk.com\/pt-pt\/wp-json\/wp\/v2\/pwb-brand?post=238086"},{"taxonomy":"product_brand","embeddable":true,"href":"https:\/\/www.delicias-uk.com\/pt-pt\/wp-json\/wp\/v2\/product_brand?post=238086"},{"taxonomy":"product_cat","embeddable":true,"href":"https:\/\/www.delicias-uk.com\/pt-pt\/wp-json\/wp\/v2\/product_cat?post=238086"},{"taxonomy":"product_tag","embeddable":true,"href":"https:\/\/www.delicias-uk.com\/pt-pt\/wp-json\/wp\/v2\/product_tag?post=238086"}],"curies":[{"name":"wp","href":"https:\/\/api.w.org\/{rel}","templated":true}]}}