{"id":238033,"date":"2025-10-24T11:11:58","date_gmt":"2025-10-24T10:11:58","guid":{"rendered":"https:\/\/www.delicias-uk.com\/?post_type=product&#038;p=238033"},"modified":"2025-10-24T11:11:59","modified_gmt":"2025-10-24T10:11:59","slug":"cachaca-velho-barreiro-cafe-91cl","status":"publish","type":"product","link":"https:\/\/www.delicias-uk.com\/pt-pt\/produto\/cachaca-velho-barreiro-cafe-91cl\/","title":{"rendered":"Cacha\u00e7a Velho Barreiro Caf\u00e9 91cl"},"content":{"rendered":"<h3 data-start=\"160\" data-end=\"200\"><strong data-start=\"164\" data-end=\"200\">Cacha\u00e7a Velho Barreiro Caf\u00e9 91cl<\/strong><\/h3>\n<p data-start=\"202\" data-end=\"435\">A <strong data-start=\"204\" data-end=\"235\">Cacha\u00e7a Velho Barreiro Caf\u00e9<\/strong> combina o sabor marcante da tradicional cacha\u00e7a brasileira com o aroma envolvente do caf\u00e9. Um encontro perfeito entre duas paix\u00f5es nacionais, resultando em uma bebida suave, arom\u00e1tica e irresist\u00edvel.<\/p>\n<p data-start=\"437\" data-end=\"580\">Perfeita para ser apreciada pura, com gelo ou como base de coquet\u00e9is criativos \u2014 como o <em data-start=\"525\" data-end=\"542\">Caf\u00e9 Caipirinha<\/em> ou varia\u00e7\u00f5es do <em data-start=\"559\" data-end=\"577\">Espresso Martini<\/em>.<\/p>\n<p data-start=\"582\" data-end=\"602\"><strong data-start=\"582\" data-end=\"602\">Caracter\u00edsticas:<\/strong><\/p>\n<ul data-start=\"603\" data-end=\"836\">\n<li data-start=\"603\" data-end=\"625\">\n<p data-start=\"605\" data-end=\"625\">Volume: <strong data-start=\"613\" data-end=\"623\">910 ml<\/strong><\/p>\n<\/li>\n<li data-start=\"626\" data-end=\"670\">\n<p data-start=\"628\" data-end=\"670\">Gradua\u00e7\u00e3o alco\u00f3lica: <strong data-start=\"649\" data-end=\"668\">aprox. 35% vol.<\/strong><\/p>\n<\/li>\n<li data-start=\"671\" data-end=\"732\">\n<p data-start=\"673\" data-end=\"732\">Produzida com cacha\u00e7a envelhecida e aroma natural de caf\u00e9<\/p>\n<\/li>\n<li data-start=\"733\" data-end=\"772\">\n<p data-start=\"735\" data-end=\"772\">Sabor adocicado e levemente tostado<\/p>\n<\/li>\n<li data-start=\"773\" data-end=\"836\">\n<p data-start=\"775\" data-end=\"836\">Ideal para momentos descontra\u00eddos ou como presente especial<\/p>\n<\/li>\n<\/ul>\n<p data-start=\"838\" data-end=\"942\"><strong data-start=\"838\" data-end=\"856\">Dica Del\u00edcias:<\/strong> Sirva gelada para real\u00e7ar o equil\u00edbrio entre a do\u00e7ura do caf\u00e9 e a for\u00e7a da cacha\u00e7a.<\/p>\n","protected":false},"excerpt":{"rendered":"<ul>\n<li data-start=\"605\" data-end=\"625\">Volume: 910 ml<\/li>\n<li data-start=\"628\" data-end=\"670\">Gradua\u00e7\u00e3o alco\u00f3lica: aprox. 35% vol.<\/li>\n<li data-start=\"673\" data-end=\"732\">Produzida com cacha\u00e7a envelhecida e aroma natural de caf\u00e9<\/li>\n<li data-start=\"735\" data-end=\"772\">Sabor adocicado e levemente tostado<\/li>\n<li data-start=\"775\" data-end=\"836\">Ideal para momentos descontra\u00eddos ou como presente especial<\/li>\n<\/ul>\n","protected":false},"author":43538,"featured_media":238032,"comment_status":"closed","ping_status":"closed","template":"","meta":[],"pwb-brand":[],"product_brand":[],"product_cat":[9351,9343,9182,8293,8421,8485],"product_tag":[],"class_list":{"0":"post-238033","1":"product","2":"type-product","3":"status-publish","4":"has-post-thumbnail","6":"product_cat-espirituosas-pt-pt","7":"product_cat-vinhos-e-destilados","8":"product_cat-natal","9":"product_cat-produtos-brasileiros","10":"product_cat-destilados-cachaca","11":"product_cat-cachaca-pt-pt","13":"first","14":"instock","15":"taxable","16":"shipping-taxable","17":"purchasable","18":"product-type-simple"},"aioseo_notices":[],"brands":[],"_links":{"self":[{"href":"https:\/\/www.delicias-uk.com\/pt-pt\/wp-json\/wp\/v2\/product\/238033","targetHints":{"allow":["GET"]}}],"collection":[{"href":"https:\/\/www.delicias-uk.com\/pt-pt\/wp-json\/wp\/v2\/product"}],"about":[{"href":"https:\/\/www.delicias-uk.com\/pt-pt\/wp-json\/wp\/v2\/types\/product"}],"author":[{"embeddable":true,"href":"https:\/\/www.delicias-uk.com\/pt-pt\/wp-json\/wp\/v2\/users\/43538"}],"replies":[{"embeddable":true,"href":"https:\/\/www.delicias-uk.com\/pt-pt\/wp-json\/wp\/v2\/comments?post=238033"}],"wp:featuredmedia":[{"embeddable":true,"href":"https:\/\/www.delicias-uk.com\/pt-pt\/wp-json\/wp\/v2\/media\/238032"}],"wp:attachment":[{"href":"https:\/\/www.delicias-uk.com\/pt-pt\/wp-json\/wp\/v2\/media?parent=238033"}],"wp:term":[{"taxonomy":"pwb-brand","embeddable":true,"href":"https:\/\/www.delicias-uk.com\/pt-pt\/wp-json\/wp\/v2\/pwb-brand?post=238033"},{"taxonomy":"product_brand","embeddable":true,"href":"https:\/\/www.delicias-uk.com\/pt-pt\/wp-json\/wp\/v2\/product_brand?post=238033"},{"taxonomy":"product_cat","embeddable":true,"href":"https:\/\/www.delicias-uk.com\/pt-pt\/wp-json\/wp\/v2\/product_cat?post=238033"},{"taxonomy":"product_tag","embeddable":true,"href":"https:\/\/www.delicias-uk.com\/pt-pt\/wp-json\/wp\/v2\/product_tag?post=238033"}],"curies":[{"name":"wp","href":"https:\/\/api.w.org\/{rel}","templated":true}]}}