{"id":238001,"date":"2025-10-22T16:55:30","date_gmt":"2025-10-22T15:55:30","guid":{"rendered":"https:\/\/www.delicias-uk.com\/?post_type=product&#038;p=238001"},"modified":"2025-11-18T12:54:44","modified_gmt":"2025-11-18T12:54:44","slug":"leitao-assado-afonso-d-leitoes-negrais-500g","status":"publish","type":"product","link":"https:\/\/www.delicias-uk.com\/pt-pt\/produto\/leitao-assado-afonso-d-leitoes-negrais-500g\/","title":{"rendered":"Leit\u00e3o Assado Afonso D. Leit\u00f5es Negrais 500g"},"content":{"rendered":"<h3 data-start=\"155\" data-end=\"225\">Leit\u00e3o Assado Afonso D. Leit\u00f5es Negrais \u2013 500g<\/h3>\n<p data-start=\"227\" data-end=\"455\">O sabor da tradi\u00e7\u00e3o portuguesa em por\u00e7\u00e3o ideal para o dia a dia! O <strong data-start=\"294\" data-end=\"329\">Leit\u00e3o Assado Afonso D. Leit\u00f5es<\/strong> \u00e9 preparado segundo a cl\u00e1ssica receita da regi\u00e3o de Negrais, assado lentamente para garantir carne suculenta e pele crocante.<\/p>\n<p data-start=\"457\" data-end=\"620\">Embalado a v\u00e1cuo e pronto para consumo, basta aquecer e servir. Pr\u00e1tico, saboroso e perfeito para quem quer saborear um prato t\u00edpico sem precisar preparar do zero.<\/p>\n<p data-start=\"622\" data-end=\"647\"><strong data-start=\"622\" data-end=\"647\">Destaques do produto:<\/strong><\/p>\n<ul data-start=\"648\" data-end=\"857\">\n<li data-start=\"648\" data-end=\"698\">\n<p data-start=\"650\" data-end=\"698\">Leit\u00e3o assado tradicional da regi\u00e3o de Negrais<\/p>\n<\/li>\n<li data-start=\"699\" data-end=\"725\">\n<p data-start=\"701\" data-end=\"725\">Por\u00e7\u00e3o pr\u00e1tica de 500g<\/p>\n<\/li>\n<li data-start=\"772\" data-end=\"811\">\n<p data-start=\"774\" data-end=\"811\">Pronto para consumo \u2013 basta aquecer<\/p>\n<\/li>\n<li data-start=\"812\" data-end=\"857\">\n<p data-start=\"814\" data-end=\"857\">Sabor aut\u00eantico da gastronomia portuguesa<\/p>\n<\/li>\n<\/ul>\n<p data-start=\"859\" data-end=\"942\">Desfrute da qualidade e do sabor do verdadeiro leit\u00e3o assado, quando e onde quiser!<\/p>\n","protected":false},"excerpt":{"rendered":"<ul>\n<li data-start=\"650\" data-end=\"698\">Leit\u00e3o assado tradicional da regi\u00e3o de Negrais<\/li>\n<li data-start=\"701\" data-end=\"725\">Por\u00e7\u00e3o pr\u00e1tica de 500g<\/li>\n<li data-start=\"774\" data-end=\"811\">Pronto para consumo \u2013 basta aquecer<\/li>\n<li data-start=\"814\" data-end=\"857\">Sabor aut\u00eantico da gastronomia portuguesa<\/li>\n<\/ul>\n","protected":false},"author":43538,"featured_media":237980,"comment_status":"closed","ping_status":"closed","template":"","meta":[],"pwb-brand":[],"product_brand":[],"product_cat":[9335,9333,8305,8391],"product_tag":[],"class_list":{"0":"post-238001","1":"product","2":"type-product","3":"status-publish","4":"has-post-thumbnail","6":"product_cat-leitao-assado","7":"product_cat-leitao-e-carnes","8":"product_cat-produtos-congelados","9":"product_cat-carne-congelada","11":"first","12":"outofstock","13":"taxable","14":"shipping-taxable","15":"purchasable","16":"product-type-simple"},"aioseo_notices":[],"brands":[],"_links":{"self":[{"href":"https:\/\/www.delicias-uk.com\/pt-pt\/wp-json\/wp\/v2\/product\/238001","targetHints":{"allow":["GET"]}}],"collection":[{"href":"https:\/\/www.delicias-uk.com\/pt-pt\/wp-json\/wp\/v2\/product"}],"about":[{"href":"https:\/\/www.delicias-uk.com\/pt-pt\/wp-json\/wp\/v2\/types\/product"}],"author":[{"embeddable":true,"href":"https:\/\/www.delicias-uk.com\/pt-pt\/wp-json\/wp\/v2\/users\/43538"}],"replies":[{"embeddable":true,"href":"https:\/\/www.delicias-uk.com\/pt-pt\/wp-json\/wp\/v2\/comments?post=238001"}],"wp:featuredmedia":[{"embeddable":true,"href":"https:\/\/www.delicias-uk.com\/pt-pt\/wp-json\/wp\/v2\/media\/237980"}],"wp:attachment":[{"href":"https:\/\/www.delicias-uk.com\/pt-pt\/wp-json\/wp\/v2\/media?parent=238001"}],"wp:term":[{"taxonomy":"pwb-brand","embeddable":true,"href":"https:\/\/www.delicias-uk.com\/pt-pt\/wp-json\/wp\/v2\/pwb-brand?post=238001"},{"taxonomy":"product_brand","embeddable":true,"href":"https:\/\/www.delicias-uk.com\/pt-pt\/wp-json\/wp\/v2\/product_brand?post=238001"},{"taxonomy":"product_cat","embeddable":true,"href":"https:\/\/www.delicias-uk.com\/pt-pt\/wp-json\/wp\/v2\/product_cat?post=238001"},{"taxonomy":"product_tag","embeddable":true,"href":"https:\/\/www.delicias-uk.com\/pt-pt\/wp-json\/wp\/v2\/product_tag?post=238001"}],"curies":[{"name":"wp","href":"https:\/\/api.w.org\/{rel}","templated":true}]}}