{"id":237997,"date":"2025-10-22T16:40:44","date_gmt":"2025-10-22T15:40:44","guid":{"rendered":"https:\/\/www.delicias-uk.com\/?post_type=product&#038;p=237997"},"modified":"2026-02-24T11:50:38","modified_gmt":"2026-02-24T11:50:38","slug":"leitao-assado-inteiro-afonso-d-leitoes-negrais-6-a-7-kg-aprox","status":"publish","type":"product","link":"https:\/\/www.delicias-uk.com\/pt-pt\/produto\/leitao-assado-inteiro-afonso-d-leitoes-negrais-6-a-7-kg-aprox\/","title":{"rendered":"Leit\u00e3o Assado Inteiro Afonso D. Leit\u00f5es Negrais 6 a 7 kg (aprox.)"},"content":{"rendered":"<h3 data-start=\"172\" data-end=\"243\">Leit\u00e3o Assado Inteiro Afonso D. Leit\u00f5es Negrais \u2013 6 a 7 kg (aprox.)<\/h3>\n<p data-start=\"245\" data-end=\"501\">O verdadeiro sabor da tradi\u00e7\u00e3o portuguesa direto \u00e0 sua mesa! O <strong data-start=\"308\" data-end=\"351\">Leit\u00e3o Assado Inteiro Afonso D. Leit\u00f5es<\/strong>, preparado segundo a famosa receita da regi\u00e3o de Negrais, \u00e9 assado lentamente at\u00e9 alcan\u00e7ar carne macia por dentro e pele dourada e crocante por fora.<\/p>\n<p data-start=\"503\" data-end=\"655\">Com peso aproximado entre 6 e 7 kg, \u00e9 ideal para festas, jantares em fam\u00edlia e ocasi\u00f5es especiais. Produto pronto para consumo \u2014 basta aquecer e servir!<\/p>\n<p data-start=\"657\" data-end=\"682\"><strong data-start=\"657\" data-end=\"682\">Destaques do produto:<\/strong><\/p>\n<ul data-start=\"683\" data-end=\"914\">\n<li data-start=\"683\" data-end=\"724\">\n<p data-start=\"685\" data-end=\"724\">Leit\u00e3o inteiro assado (aprox. 6\/7 kg)<\/p>\n<\/li>\n<li data-start=\"725\" data-end=\"769\">\n<p data-start=\"727\" data-end=\"769\">Receita tradicional da regi\u00e3o de Negrais<\/p>\n<\/li>\n<li data-start=\"770\" data-end=\"805\">\n<p data-start=\"772\" data-end=\"805\">Pele crocante e carne suculenta<\/p>\n<\/li>\n<li data-start=\"806\" data-end=\"850\">\n<p data-start=\"808\" data-end=\"850\">Pronto para consumo: s\u00f3 aquecer e servir<\/p>\n<\/li>\n<li data-start=\"851\" data-end=\"914\">\n<p data-start=\"853\" data-end=\"914\">Perfeito para eventos, datas festivas e refei\u00e7\u00f5es especiais<\/p>\n<\/li>\n<\/ul>\n<p data-start=\"916\" data-end=\"1010\">Leve para sua mesa um cl\u00e1ssico da gastronomia portuguesa, com qualidade e sabor incompar\u00e1veis!<\/p>\n","protected":false},"excerpt":{"rendered":"<ul>\n<li data-start=\"685\" data-end=\"724\">Leit\u00e3o inteiro assado (aprox. 6\/7 kg)<\/li>\n<li data-start=\"727\" data-end=\"769\">Receita tradicional da regi\u00e3o de Negrais<\/li>\n<li data-start=\"772\" data-end=\"805\">Pele crocante e carne suculenta<\/li>\n<li data-start=\"808\" data-end=\"850\">Pronto para consumo: s\u00f3 aquecer e servir<\/li>\n<li data-start=\"853\" data-end=\"914\">Perfeito para eventos, datas festivas e refei\u00e7\u00f5es especiais<\/li>\n<\/ul>\n","protected":false},"author":43538,"featured_media":237999,"comment_status":"closed","ping_status":"closed","template":"","meta":[],"pwb-brand":[],"product_brand":[],"product_cat":[9333,9335,8305,8391],"product_tag":[],"class_list":{"0":"post-237997","1":"product","2":"type-product","3":"status-publish","4":"has-post-thumbnail","6":"product_cat-leitao-e-carnes","7":"product_cat-leitao-assado","8":"product_cat-produtos-congelados","9":"product_cat-carne-congelada","11":"first","12":"outofstock","13":"taxable","14":"shipping-taxable","15":"purchasable","16":"product-type-simple"},"aioseo_notices":[],"brands":[],"_links":{"self":[{"href":"https:\/\/www.delicias-uk.com\/pt-pt\/wp-json\/wp\/v2\/product\/237997","targetHints":{"allow":["GET"]}}],"collection":[{"href":"https:\/\/www.delicias-uk.com\/pt-pt\/wp-json\/wp\/v2\/product"}],"about":[{"href":"https:\/\/www.delicias-uk.com\/pt-pt\/wp-json\/wp\/v2\/types\/product"}],"author":[{"embeddable":true,"href":"https:\/\/www.delicias-uk.com\/pt-pt\/wp-json\/wp\/v2\/users\/43538"}],"replies":[{"embeddable":true,"href":"https:\/\/www.delicias-uk.com\/pt-pt\/wp-json\/wp\/v2\/comments?post=237997"}],"wp:featuredmedia":[{"embeddable":true,"href":"https:\/\/www.delicias-uk.com\/pt-pt\/wp-json\/wp\/v2\/media\/237999"}],"wp:attachment":[{"href":"https:\/\/www.delicias-uk.com\/pt-pt\/wp-json\/wp\/v2\/media?parent=237997"}],"wp:term":[{"taxonomy":"pwb-brand","embeddable":true,"href":"https:\/\/www.delicias-uk.com\/pt-pt\/wp-json\/wp\/v2\/pwb-brand?post=237997"},{"taxonomy":"product_brand","embeddable":true,"href":"https:\/\/www.delicias-uk.com\/pt-pt\/wp-json\/wp\/v2\/product_brand?post=237997"},{"taxonomy":"product_cat","embeddable":true,"href":"https:\/\/www.delicias-uk.com\/pt-pt\/wp-json\/wp\/v2\/product_cat?post=237997"},{"taxonomy":"product_tag","embeddable":true,"href":"https:\/\/www.delicias-uk.com\/pt-pt\/wp-json\/wp\/v2\/product_tag?post=237997"}],"curies":[{"name":"wp","href":"https:\/\/api.w.org\/{rel}","templated":true}]}}