{"id":237995,"date":"2025-10-22T16:38:53","date_gmt":"2025-10-22T15:38:53","guid":{"rendered":"https:\/\/www.delicias-uk.com\/?post_type=product&#038;p=237995"},"modified":"2025-11-06T17:04:07","modified_gmt":"2025-11-06T17:04:07","slug":"leitao-cru-inteiro-afonso-d-leitoes-5-a-6-kg","status":"publish","type":"product","link":"https:\/\/www.delicias-uk.com\/pt-pt\/produto\/leitao-cru-inteiro-afonso-d-leitoes-5-a-6-kg\/","title":{"rendered":"Leit\u00e3o Cru Inteiro Afonso D. Leitoes 5 a 6 kg"},"content":{"rendered":"<h3 data-start=\"154\" data-end=\"205\">Leit\u00e3o Cru Inteiro Afonso D. Leitoes \u2013 5 a 6 kg<\/h3>\n<p data-start=\"207\" data-end=\"492\">Tradicional e saboroso, o <strong data-start=\"233\" data-end=\"261\">Leit\u00e3o Afonso D. Leitoes<\/strong> \u00e9 a escolha perfeita para quem deseja preparar um prato t\u00edpico portugu\u00eas em casa. Com peso entre 5 e 6 kg, este leit\u00e3o cru inteiro oferece carne macia, suculenta e ideal para assar lentamente, garantindo um resultado irresist\u00edvel.<\/p>\n<p data-start=\"494\" data-end=\"709\">Produto fresco e de alta qualidade, perfeito para ocasi\u00f5es especiais, festas em fam\u00edlia ou reuni\u00f5es com amigos. Prepare o seu leit\u00e3o assado com temperos a gosto e desfrute do sabor aut\u00eantico da culin\u00e1ria portuguesa.<\/p>\n<p data-start=\"711\" data-end=\"736\"><strong data-start=\"711\" data-end=\"736\">Destaques do produto:<\/strong><\/p>\n<ul data-start=\"737\" data-end=\"996\">\n<li data-start=\"737\" data-end=\"788\">\n<p data-start=\"739\" data-end=\"788\">Leit\u00e3o inteiro cru, peso aproximado de 5 a 6 kg<\/p>\n<\/li>\n<li data-start=\"789\" data-end=\"816\">\n<p data-start=\"791\" data-end=\"816\">Carne macia e suculenta<\/p>\n<\/li>\n<li data-start=\"817\" data-end=\"882\">\n<p data-start=\"819\" data-end=\"882\">Ideal para assar lentamente e garantir sabor e textura \u00fanicos<\/p>\n<\/li>\n<li data-start=\"883\" data-end=\"945\">\n<p data-start=\"885\" data-end=\"945\">Produto fresco, tradicional da marca <strong data-start=\"922\" data-end=\"943\">Afonso D. Leitoes<\/strong><\/p>\n<\/li>\n<li data-start=\"946\" data-end=\"996\">\n<p data-start=\"948\" data-end=\"996\">Perfeito para celebra\u00e7\u00f5es e momentos especiais<\/p>\n<\/li>\n<\/ul>\n<p data-start=\"998\" data-end=\"1065\">Leve para sua mesa a tradi\u00e7\u00e3o e o sabor do leit\u00e3o assado portugu\u00eas!<\/p>\n","protected":false},"excerpt":{"rendered":"<ul>\n<li data-start=\"739\" data-end=\"788\">Leit\u00e3o inteiro cru, peso aproximado de 5 a 6 kg<\/li>\n<li data-start=\"791\" data-end=\"816\">Carne macia e suculenta<\/li>\n<li data-start=\"819\" data-end=\"882\">Ideal para assar lentamente e garantir sabor e textura \u00fanicos<\/li>\n<li data-start=\"885\" data-end=\"945\">Produto fresco, tradicional da marca <strong data-start=\"922\" data-end=\"943\">Afonso D. Leitoes<\/strong><\/li>\n<li data-start=\"948\" data-end=\"996\">Perfeito para celebra\u00e7\u00f5es e momentos especiais<\/li>\n<\/ul>\n","protected":false},"author":43538,"featured_media":237974,"comment_status":"closed","ping_status":"closed","template":"","meta":[],"pwb-brand":[],"product_brand":[],"product_cat":[9335,9333,8305,8391],"product_tag":[],"class_list":{"0":"post-237995","1":"product","2":"type-product","3":"status-publish","4":"has-post-thumbnail","6":"product_cat-leitao-assado","7":"product_cat-leitao-e-carnes","8":"product_cat-produtos-congelados","9":"product_cat-carne-congelada","11":"first","12":"outofstock","13":"taxable","14":"shipping-taxable","15":"purchasable","16":"product-type-simple"},"aioseo_notices":[],"brands":[],"_links":{"self":[{"href":"https:\/\/www.delicias-uk.com\/pt-pt\/wp-json\/wp\/v2\/product\/237995","targetHints":{"allow":["GET"]}}],"collection":[{"href":"https:\/\/www.delicias-uk.com\/pt-pt\/wp-json\/wp\/v2\/product"}],"about":[{"href":"https:\/\/www.delicias-uk.com\/pt-pt\/wp-json\/wp\/v2\/types\/product"}],"author":[{"embeddable":true,"href":"https:\/\/www.delicias-uk.com\/pt-pt\/wp-json\/wp\/v2\/users\/43538"}],"replies":[{"embeddable":true,"href":"https:\/\/www.delicias-uk.com\/pt-pt\/wp-json\/wp\/v2\/comments?post=237995"}],"wp:featuredmedia":[{"embeddable":true,"href":"https:\/\/www.delicias-uk.com\/pt-pt\/wp-json\/wp\/v2\/media\/237974"}],"wp:attachment":[{"href":"https:\/\/www.delicias-uk.com\/pt-pt\/wp-json\/wp\/v2\/media?parent=237995"}],"wp:term":[{"taxonomy":"pwb-brand","embeddable":true,"href":"https:\/\/www.delicias-uk.com\/pt-pt\/wp-json\/wp\/v2\/pwb-brand?post=237995"},{"taxonomy":"product_brand","embeddable":true,"href":"https:\/\/www.delicias-uk.com\/pt-pt\/wp-json\/wp\/v2\/product_brand?post=237995"},{"taxonomy":"product_cat","embeddable":true,"href":"https:\/\/www.delicias-uk.com\/pt-pt\/wp-json\/wp\/v2\/product_cat?post=237995"},{"taxonomy":"product_tag","embeddable":true,"href":"https:\/\/www.delicias-uk.com\/pt-pt\/wp-json\/wp\/v2\/product_tag?post=237995"}],"curies":[{"name":"wp","href":"https:\/\/api.w.org\/{rel}","templated":true}]}}