{"id":237962,"date":"2025-10-22T15:47:44","date_gmt":"2025-10-22T14:47:44","guid":{"rendered":"https:\/\/www.delicias-uk.com\/?post_type=product&#038;p=237962"},"modified":"2025-10-22T15:47:45","modified_gmt":"2025-10-22T14:47:45","slug":"pepperoni-porminho-em-rodelas-500g","status":"publish","type":"product","link":"https:\/\/www.delicias-uk.com\/pt-pt\/produto\/pepperoni-porminho-em-rodelas-500g\/","title":{"rendered":"Pepperoni Porminho em Rodelas 500g"},"content":{"rendered":"<h3 data-start=\"146\" data-end=\"186\">Pepperoni Porminho em Rodelas \u2013 500g<\/h3>\n<p data-start=\"188\" data-end=\"387\">Sabor marcante e versatilidade para o seu dia a dia! O <strong data-start=\"243\" data-end=\"276\">Pepperoni Porminho em Rodelas<\/strong> vem fatiado e pronto para uso, com aquele toque picante e aroma irresist\u00edvel que conquista todos os paladares.<\/p>\n<p data-start=\"389\" data-end=\"587\">Perfeito para pizzas, sandu\u00edches, t\u00e1buas de frios, aperitivos e receitas criativas. Embalagem de 500g ideal para toda a fam\u00edlia ou para quem adora ter um ingrediente pr\u00e1tico e saboroso sempre \u00e0 m\u00e3o.<\/p>\n<p data-start=\"589\" data-end=\"614\"><strong data-start=\"589\" data-end=\"614\">Destaques do produto:<\/strong><\/p>\n<ul data-start=\"615\" data-end=\"864\">\n<li data-start=\"615\" data-end=\"659\">\n<p data-start=\"617\" data-end=\"659\">Fatias de pepperoni prontas para consumo<\/p>\n<\/li>\n<li data-start=\"660\" data-end=\"698\">\n<p data-start=\"662\" data-end=\"698\">Levemente picante e muito saboroso<\/p>\n<\/li>\n<li data-start=\"699\" data-end=\"750\">\n<p data-start=\"701\" data-end=\"750\">Ideal para pizzas, lanches, petiscos e receitas<\/p>\n<\/li>\n<li data-start=\"751\" data-end=\"795\">\n<p data-start=\"753\" data-end=\"795\">Embalagem de 500g \u2013 rendimento excelente<\/p>\n<\/li>\n<li data-start=\"796\" data-end=\"864\">\n<p data-start=\"798\" data-end=\"864\">Produzido por <strong data-start=\"812\" data-end=\"824\">Porminho<\/strong>, refer\u00eancia em charcutaria portuguesa<\/p>\n<\/li>\n<\/ul>\n<p data-start=\"866\" data-end=\"935\">Transforme qualquer prato com o sabor \u00fanico do pepperoni tradicional!<\/p>\n","protected":false},"excerpt":{"rendered":"<ul>\n<li data-start=\"617\" data-end=\"659\">Fatias de pepperoni prontas para consumo<\/li>\n<li data-start=\"662\" data-end=\"698\">Levemente picante e muito saboroso<\/li>\n<li data-start=\"701\" data-end=\"750\">Ideal para pizzas, lanches, petiscos e receitas<\/li>\n<li data-start=\"753\" data-end=\"795\">Embalagem de 500g \u2013 rendimento excelente<\/li>\n<li data-start=\"798\" data-end=\"864\">Produzido por <strong data-start=\"812\" data-end=\"824\">Porminho<\/strong>, refer\u00eancia em charcutaria portuguesa<\/li>\n<\/ul>\n","protected":false},"author":43538,"featured_media":237959,"comment_status":"closed","ping_status":"closed","template":"","meta":[],"pwb-brand":[],"product_brand":[],"product_cat":[8291,8337,8663],"product_tag":[],"class_list":{"0":"post-237962","1":"product","2":"type-product","3":"status-publish","4":"has-post-thumbnail","6":"product_cat-produtos-portugueses","7":"product_cat-charcutaria","8":"product_cat-chourico-e-salsicha","10":"first","11":"outofstock","12":"taxable","13":"shipping-taxable","14":"purchasable","15":"product-type-simple"},"aioseo_notices":[],"brands":[],"_links":{"self":[{"href":"https:\/\/www.delicias-uk.com\/pt-pt\/wp-json\/wp\/v2\/product\/237962","targetHints":{"allow":["GET"]}}],"collection":[{"href":"https:\/\/www.delicias-uk.com\/pt-pt\/wp-json\/wp\/v2\/product"}],"about":[{"href":"https:\/\/www.delicias-uk.com\/pt-pt\/wp-json\/wp\/v2\/types\/product"}],"author":[{"embeddable":true,"href":"https:\/\/www.delicias-uk.com\/pt-pt\/wp-json\/wp\/v2\/users\/43538"}],"replies":[{"embeddable":true,"href":"https:\/\/www.delicias-uk.com\/pt-pt\/wp-json\/wp\/v2\/comments?post=237962"}],"wp:featuredmedia":[{"embeddable":true,"href":"https:\/\/www.delicias-uk.com\/pt-pt\/wp-json\/wp\/v2\/media\/237959"}],"wp:attachment":[{"href":"https:\/\/www.delicias-uk.com\/pt-pt\/wp-json\/wp\/v2\/media?parent=237962"}],"wp:term":[{"taxonomy":"pwb-brand","embeddable":true,"href":"https:\/\/www.delicias-uk.com\/pt-pt\/wp-json\/wp\/v2\/pwb-brand?post=237962"},{"taxonomy":"product_brand","embeddable":true,"href":"https:\/\/www.delicias-uk.com\/pt-pt\/wp-json\/wp\/v2\/product_brand?post=237962"},{"taxonomy":"product_cat","embeddable":true,"href":"https:\/\/www.delicias-uk.com\/pt-pt\/wp-json\/wp\/v2\/product_cat?post=237962"},{"taxonomy":"product_tag","embeddable":true,"href":"https:\/\/www.delicias-uk.com\/pt-pt\/wp-json\/wp\/v2\/product_tag?post=237962"}],"curies":[{"name":"wp","href":"https:\/\/api.w.org\/{rel}","templated":true}]}}