{"id":237934,"date":"2025-10-22T12:50:37","date_gmt":"2025-10-22T11:50:37","guid":{"rendered":"https:\/\/www.delicias-uk.com\/?post_type=product&#038;p=237934"},"modified":"2025-12-20T01:20:27","modified_gmt":"2025-12-20T01:20:27","slug":"farofa-bom-gosto-tradicional-300g","status":"publish","type":"product","link":"https:\/\/www.delicias-uk.com\/pt-pt\/produto\/farofa-bom-gosto-tradicional-300g\/","title":{"rendered":"Farofa Bom Gosto Tradicional 300g"},"content":{"rendered":"<h3 data-start=\"154\" data-end=\"193\">Farofa Bom Gosto Tradicional \u2013 300g<\/h3>\n<p data-start=\"195\" data-end=\"431\">O sabor cl\u00e1ssico que n\u00e3o pode faltar na mesa do brasileiro! A <strong data-start=\"257\" data-end=\"289\">Farofa Bom Gosto Tradicional<\/strong> \u00e9 feita com farinha de mandioca dourada e crocante, combinada com temperos na medida certa, trazendo o verdadeiro gostinho de farofa caseira.<\/p>\n<p data-start=\"433\" data-end=\"553\">Pronta para o consumo, \u00e9 o acompanhamento perfeito para churrascos, feijoadas, carnes, legumes e refei\u00e7\u00f5es do dia a dia.<\/p>\n<p data-start=\"555\" data-end=\"580\"><strong data-start=\"555\" data-end=\"580\">Destaques do produto:<\/strong><\/p>\n<ul data-start=\"581\" data-end=\"771\">\n<li data-start=\"581\" data-end=\"615\">\n<p data-start=\"583\" data-end=\"615\">Receita tradicional brasileira<\/p>\n<\/li>\n<li data-start=\"616\" data-end=\"664\">\n<p data-start=\"618\" data-end=\"664\">Farinha de mandioca crocante e bem temperada<\/p>\n<\/li>\n<li data-start=\"665\" data-end=\"687\">\n<p data-start=\"667\" data-end=\"687\">Pronta para servir<\/p>\n<\/li>\n<li data-start=\"688\" data-end=\"709\">\n<p data-start=\"690\" data-end=\"709\">Embalagem de 300g<\/p>\n<\/li>\n<li data-start=\"710\" data-end=\"771\">\n<p data-start=\"712\" data-end=\"771\">Ideal para o dia a dia, churrascos e encontros em fam\u00edlia<\/p>\n<\/li>\n<\/ul>\n<p data-start=\"773\" data-end=\"843\">Leve mais sabor e tradi\u00e7\u00e3o para sua mesa com essa farofa irresist\u00edvel!<\/p>\n","protected":false},"excerpt":{"rendered":"<ul>\n<li>Receita tradicional brasileira<\/li>\n<li data-start=\"651\" data-end=\"682\">Sabor caseiro e bem temperado<\/li>\n<li data-start=\"685\" data-end=\"706\">Pronta para consumo<\/li>\n<li data-start=\"709\" data-end=\"751\">Embalagem de 300g \u2014 ideal para a fam\u00edlia<\/li>\n<li data-start=\"754\" data-end=\"799\">Produto pr\u00e1tico, saboroso e 100% brasileiro<\/li>\n<\/ul>\n","protected":false},"author":43538,"featured_media":237936,"comment_status":"closed","ping_status":"closed","template":"","meta":[],"pwb-brand":[],"product_brand":[],"product_cat":[8293,8517,8783],"product_tag":[],"class_list":{"0":"post-237934","1":"product","2":"type-product","3":"status-publish","4":"has-post-thumbnail","6":"product_cat-produtos-brasileiros","7":"product_cat-farinhas-e-graos","8":"product_cat-farofa","10":"first","11":"instock","12":"taxable","13":"shipping-taxable","14":"purchasable","15":"product-type-simple"},"aioseo_notices":[],"brands":[],"_links":{"self":[{"href":"https:\/\/www.delicias-uk.com\/pt-pt\/wp-json\/wp\/v2\/product\/237934","targetHints":{"allow":["GET"]}}],"collection":[{"href":"https:\/\/www.delicias-uk.com\/pt-pt\/wp-json\/wp\/v2\/product"}],"about":[{"href":"https:\/\/www.delicias-uk.com\/pt-pt\/wp-json\/wp\/v2\/types\/product"}],"author":[{"embeddable":true,"href":"https:\/\/www.delicias-uk.com\/pt-pt\/wp-json\/wp\/v2\/users\/43538"}],"replies":[{"embeddable":true,"href":"https:\/\/www.delicias-uk.com\/pt-pt\/wp-json\/wp\/v2\/comments?post=237934"}],"wp:featuredmedia":[{"embeddable":true,"href":"https:\/\/www.delicias-uk.com\/pt-pt\/wp-json\/wp\/v2\/media\/237936"}],"wp:attachment":[{"href":"https:\/\/www.delicias-uk.com\/pt-pt\/wp-json\/wp\/v2\/media?parent=237934"}],"wp:term":[{"taxonomy":"pwb-brand","embeddable":true,"href":"https:\/\/www.delicias-uk.com\/pt-pt\/wp-json\/wp\/v2\/pwb-brand?post=237934"},{"taxonomy":"product_brand","embeddable":true,"href":"https:\/\/www.delicias-uk.com\/pt-pt\/wp-json\/wp\/v2\/product_brand?post=237934"},{"taxonomy":"product_cat","embeddable":true,"href":"https:\/\/www.delicias-uk.com\/pt-pt\/wp-json\/wp\/v2\/product_cat?post=237934"},{"taxonomy":"product_tag","embeddable":true,"href":"https:\/\/www.delicias-uk.com\/pt-pt\/wp-json\/wp\/v2\/product_tag?post=237934"}],"curies":[{"name":"wp","href":"https:\/\/api.w.org\/{rel}","templated":true}]}}