{"id":237930,"date":"2025-10-22T12:45:13","date_gmt":"2025-10-22T11:45:13","guid":{"rendered":"https:\/\/www.delicias-uk.com\/?post_type=product&#038;p=237930"},"modified":"2026-04-18T13:24:28","modified_gmt":"2026-04-18T12:24:28","slug":"farofa-bom-gosto-picante-300g","status":"publish","type":"product","link":"https:\/\/www.delicias-uk.com\/pt-pt\/produto\/farofa-bom-gosto-picante-300g\/","title":{"rendered":"Farofa Bom Gosto Picante 300g"},"content":{"rendered":"<h3 data-start=\"137\" data-end=\"172\">Farofa Bom Gosto Picante \u2013 300g<\/h3>\n<p data-start=\"174\" data-end=\"389\">Para quem gosta de sabor com atitude! A <strong data-start=\"214\" data-end=\"242\">Farofa Bom Gosto Picante<\/strong> combina a tradicional farinha de mandioca crocante com um toque de pimenta na medida certa, trazendo mais personalidade e calor \u00e0s suas refei\u00e7\u00f5es.<\/p>\n<p data-start=\"391\" data-end=\"565\">Pronta para servir, \u00e9 perfeita para acompanhar carnes, churrascos, feijoadas e pratos do dia a dia. Uma escolha saborosa para quem aprecia um leve toque apimentado na comida.<\/p>\n<p data-start=\"567\" data-end=\"592\"><strong data-start=\"567\" data-end=\"592\">Destaques do produto:<\/strong><\/p>\n<ul data-start=\"593\" data-end=\"769\">\n<li data-start=\"593\" data-end=\"643\">\n<p data-start=\"595\" data-end=\"643\">Farinha de mandioca crocante com toque picante<\/p>\n<\/li>\n<li data-start=\"644\" data-end=\"675\">\n<p data-start=\"646\" data-end=\"675\">Sabor intenso e equilibrado<\/p>\n<\/li>\n<li data-start=\"676\" data-end=\"699\">\n<p data-start=\"678\" data-end=\"699\">Pronta para consumo<\/p>\n<\/li>\n<li data-start=\"700\" data-end=\"721\">\n<p data-start=\"702\" data-end=\"721\">Embalagem de 300g<\/p>\n<\/li>\n<li data-start=\"722\" data-end=\"769\">\n<p data-start=\"724\" data-end=\"769\">Ideal para churrascos, refei\u00e7\u00f5es e petiscos<\/p>\n<\/li>\n<\/ul>\n<p data-start=\"771\" data-end=\"870\">Surpreenda o paladar com essa farofa que combina o sabor brasileiro com um leve ardor irresist\u00edvel!<\/p>\n","protected":false},"excerpt":{"rendered":"<ul>\n<li>Farinha de mandioca crocante com toque picante<\/li>\n<li data-start=\"651\" data-end=\"682\">Sabor caseiro e bem temperado<\/li>\n<li data-start=\"685\" data-end=\"706\">Pronta para consumo<\/li>\n<li data-start=\"709\" data-end=\"751\">Embalagem de 300g \u2014 ideal para a fam\u00edlia<\/li>\n<li data-start=\"754\" data-end=\"799\">Produto pr\u00e1tico, saboroso e 100% brasileiro<\/li>\n<\/ul>\n","protected":false},"author":43538,"featured_media":237932,"comment_status":"closed","ping_status":"closed","template":"","meta":[],"pwb-brand":[],"product_brand":[],"product_cat":[8293,8517,8783],"product_tag":[],"class_list":{"0":"post-237930","1":"product","2":"type-product","3":"status-publish","4":"has-post-thumbnail","6":"product_cat-produtos-brasileiros","7":"product_cat-farinhas-e-graos","8":"product_cat-farofa","10":"first","11":"instock","12":"taxable","13":"shipping-taxable","14":"purchasable","15":"product-type-simple"},"aioseo_notices":[],"brands":[],"_links":{"self":[{"href":"https:\/\/www.delicias-uk.com\/pt-pt\/wp-json\/wp\/v2\/product\/237930","targetHints":{"allow":["GET"]}}],"collection":[{"href":"https:\/\/www.delicias-uk.com\/pt-pt\/wp-json\/wp\/v2\/product"}],"about":[{"href":"https:\/\/www.delicias-uk.com\/pt-pt\/wp-json\/wp\/v2\/types\/product"}],"author":[{"embeddable":true,"href":"https:\/\/www.delicias-uk.com\/pt-pt\/wp-json\/wp\/v2\/users\/43538"}],"replies":[{"embeddable":true,"href":"https:\/\/www.delicias-uk.com\/pt-pt\/wp-json\/wp\/v2\/comments?post=237930"}],"wp:featuredmedia":[{"embeddable":true,"href":"https:\/\/www.delicias-uk.com\/pt-pt\/wp-json\/wp\/v2\/media\/237932"}],"wp:attachment":[{"href":"https:\/\/www.delicias-uk.com\/pt-pt\/wp-json\/wp\/v2\/media?parent=237930"}],"wp:term":[{"taxonomy":"pwb-brand","embeddable":true,"href":"https:\/\/www.delicias-uk.com\/pt-pt\/wp-json\/wp\/v2\/pwb-brand?post=237930"},{"taxonomy":"product_brand","embeddable":true,"href":"https:\/\/www.delicias-uk.com\/pt-pt\/wp-json\/wp\/v2\/product_brand?post=237930"},{"taxonomy":"product_cat","embeddable":true,"href":"https:\/\/www.delicias-uk.com\/pt-pt\/wp-json\/wp\/v2\/product_cat?post=237930"},{"taxonomy":"product_tag","embeddable":true,"href":"https:\/\/www.delicias-uk.com\/pt-pt\/wp-json\/wp\/v2\/product_tag?post=237930"}],"curies":[{"name":"wp","href":"https:\/\/api.w.org\/{rel}","templated":true}]}}