{"id":237923,"date":"2025-10-22T12:40:09","date_gmt":"2025-10-22T11:40:09","guid":{"rendered":"https:\/\/www.delicias-uk.com\/?post_type=product&#038;p=237923"},"modified":"2026-03-16T21:02:06","modified_gmt":"2026-03-16T21:02:06","slug":"farofa-bom-gosto-costelinha-defumada-300g","status":"publish","type":"product","link":"https:\/\/www.delicias-uk.com\/pt-pt\/produto\/farofa-bom-gosto-costelinha-defumada-300g\/","title":{"rendered":"Farofa Bom Gosto Costelinha Defumada 300g"},"content":{"rendered":"<h3 data-start=\"149\" data-end=\"196\">Farofa Bom Gosto Costelinha Defumada \u2013 300g<\/h3>\n<p data-start=\"198\" data-end=\"466\">O sabor do churrasco brasileiro em uma farofa irresist\u00edvel! A <strong data-start=\"260\" data-end=\"300\">Farofa Bom Gosto Costelinha Defumada<\/strong> \u00e9 feita com farinha de mandioca crocante e um toque defumado que remete ao sabor da costelinha assada, trazendo uma experi\u00eancia \u00fanica para acompanhar suas refei\u00e7\u00f5es.<\/p>\n<p data-start=\"468\" data-end=\"590\">Pronta para consumo, ela combina perfeitamente com carnes, feijoadas, grelhados ou at\u00e9 como petisco com um toque especial.<\/p>\n<p data-start=\"592\" data-end=\"617\"><strong data-start=\"592\" data-end=\"617\">Destaques do produto:<\/strong><\/p>\n<ul data-start=\"618\" data-end=\"798\">\n<li data-start=\"618\" data-end=\"660\">\n<p data-start=\"620\" data-end=\"660\">Sabor aut\u00eantico de costelinha defumada<\/p>\n<\/li>\n<li data-start=\"661\" data-end=\"705\">\n<p data-start=\"663\" data-end=\"705\">Farinha de mandioca crocante e temperada<\/p>\n<\/li>\n<li data-start=\"706\" data-end=\"728\">\n<p data-start=\"708\" data-end=\"728\">Pronta para servir<\/p>\n<\/li>\n<li data-start=\"729\" data-end=\"750\">\n<p data-start=\"731\" data-end=\"750\">Embalagem de 300g<\/p>\n<\/li>\n<li data-start=\"751\" data-end=\"798\">\n<p data-start=\"753\" data-end=\"798\">Ideal para o dia a dia e momentos especiais<\/p>\n<\/li>\n<\/ul>\n<p data-start=\"800\" data-end=\"891\">D\u00ea mais sabor e personalidade aos seus pratos com essa farofa cheia de tradi\u00e7\u00e3o brasileira!<\/p>\n","protected":false},"excerpt":{"rendered":"<ul>\n<li>Sabor aut\u00eantico de costelinha defumada<\/li>\n<li data-start=\"651\" data-end=\"682\">Sabor caseiro e bem temperado<\/li>\n<li data-start=\"685\" data-end=\"706\">Pronta para consumo<\/li>\n<li data-start=\"709\" data-end=\"751\">Embalagem de 300g \u2014 ideal para a fam\u00edlia<\/li>\n<li data-start=\"754\" data-end=\"799\">Produto pr\u00e1tico, saboroso e 100% brasileiro<\/li>\n<\/ul>\n","protected":false},"author":43538,"featured_media":237927,"comment_status":"closed","ping_status":"closed","template":"","meta":[],"pwb-brand":[],"product_brand":[],"product_cat":[8293,8517,8783],"product_tag":[],"class_list":{"0":"post-237923","1":"product","2":"type-product","3":"status-publish","4":"has-post-thumbnail","6":"product_cat-produtos-brasileiros","7":"product_cat-farinhas-e-graos","8":"product_cat-farofa","10":"first","11":"instock","12":"taxable","13":"shipping-taxable","14":"purchasable","15":"product-type-simple"},"aioseo_notices":[],"brands":[],"_links":{"self":[{"href":"https:\/\/www.delicias-uk.com\/pt-pt\/wp-json\/wp\/v2\/product\/237923","targetHints":{"allow":["GET"]}}],"collection":[{"href":"https:\/\/www.delicias-uk.com\/pt-pt\/wp-json\/wp\/v2\/product"}],"about":[{"href":"https:\/\/www.delicias-uk.com\/pt-pt\/wp-json\/wp\/v2\/types\/product"}],"author":[{"embeddable":true,"href":"https:\/\/www.delicias-uk.com\/pt-pt\/wp-json\/wp\/v2\/users\/43538"}],"replies":[{"embeddable":true,"href":"https:\/\/www.delicias-uk.com\/pt-pt\/wp-json\/wp\/v2\/comments?post=237923"}],"wp:featuredmedia":[{"embeddable":true,"href":"https:\/\/www.delicias-uk.com\/pt-pt\/wp-json\/wp\/v2\/media\/237927"}],"wp:attachment":[{"href":"https:\/\/www.delicias-uk.com\/pt-pt\/wp-json\/wp\/v2\/media?parent=237923"}],"wp:term":[{"taxonomy":"pwb-brand","embeddable":true,"href":"https:\/\/www.delicias-uk.com\/pt-pt\/wp-json\/wp\/v2\/pwb-brand?post=237923"},{"taxonomy":"product_brand","embeddable":true,"href":"https:\/\/www.delicias-uk.com\/pt-pt\/wp-json\/wp\/v2\/product_brand?post=237923"},{"taxonomy":"product_cat","embeddable":true,"href":"https:\/\/www.delicias-uk.com\/pt-pt\/wp-json\/wp\/v2\/product_cat?post=237923"},{"taxonomy":"product_tag","embeddable":true,"href":"https:\/\/www.delicias-uk.com\/pt-pt\/wp-json\/wp\/v2\/product_tag?post=237923"}],"curies":[{"name":"wp","href":"https:\/\/api.w.org\/{rel}","templated":true}]}}