{"id":237921,"date":"2025-10-22T12:38:47","date_gmt":"2025-10-22T11:38:47","guid":{"rendered":"https:\/\/www.delicias-uk.com\/?post_type=product&#038;p=237921"},"modified":"2026-03-16T21:02:05","modified_gmt":"2026-03-16T21:02:05","slug":"farofa-bom-gosto-com-bacon-300g","status":"publish","type":"product","link":"https:\/\/www.delicias-uk.com\/pt-pt\/produto\/farofa-bom-gosto-com-bacon-300g\/","title":{"rendered":"Farofa Bom Gosto com Bacon 300g"},"content":{"rendered":"<h3 data-start=\"137\" data-end=\"174\">Farofa Bom Gosto com Bacon \u2013 300g<\/h3>\n<p data-start=\"176\" data-end=\"410\">Sabor brasileiro com um toque irresist\u00edvel de bacon! A <strong data-start=\"231\" data-end=\"261\">Farofa Bom Gosto com Bacon<\/strong> \u00e9 feita com farinha de mandioca crocante e pedacinhos de bacon bem temperados, garantindo um acompanhamento delicioso e pr\u00e1tico para suas refei\u00e7\u00f5es.<\/p>\n<p data-start=\"412\" data-end=\"578\">Perfeita para servir com churrasco, feijoada, carnes assadas, ou at\u00e9 mesmo para dar aquele toque especial em pratos do dia a dia. Vai direto da embalagem para a mesa!<\/p>\n<p data-start=\"580\" data-end=\"605\"><strong data-start=\"580\" data-end=\"605\">Destaques do produto:<\/strong><\/p>\n<ul data-start=\"606\" data-end=\"799\">\n<li data-start=\"606\" data-end=\"648\">\n<p data-start=\"608\" data-end=\"648\">Farinha de mandioca crocante com bacon<\/p>\n<\/li>\n<li data-start=\"649\" data-end=\"682\">\n<p data-start=\"651\" data-end=\"682\">Sabor caseiro e bem temperado<\/p>\n<\/li>\n<li data-start=\"683\" data-end=\"706\">\n<p data-start=\"685\" data-end=\"706\">Pronta para consumo<\/p>\n<\/li>\n<li data-start=\"707\" data-end=\"751\">\n<p data-start=\"709\" data-end=\"751\">Embalagem de 300g \u2014 ideal para a fam\u00edlia<\/p>\n<\/li>\n<li data-start=\"752\" data-end=\"799\">\n<p data-start=\"754\" data-end=\"799\">Produto pr\u00e1tico, saboroso e 100% brasileiro<\/p>\n<\/li>\n<\/ul>\n<p data-start=\"801\" data-end=\"887\">Deixe suas refei\u00e7\u00f5es ainda mais gostosas com essa farofa que combina tradi\u00e7\u00e3o e sabor!<\/p>\n","protected":false},"excerpt":{"rendered":"<ul>\n<li data-start=\"608\" data-end=\"648\">Farinha de mandioca crocante com bacon<\/li>\n<li data-start=\"651\" data-end=\"682\">Sabor caseiro e bem temperado<\/li>\n<li data-start=\"685\" data-end=\"706\">Pronta para consumo<\/li>\n<li data-start=\"709\" data-end=\"751\">Embalagem de 300g \u2014 ideal para a fam\u00edlia<\/li>\n<li data-start=\"754\" data-end=\"799\">Produto pr\u00e1tico, saboroso e 100% brasileiro<\/li>\n<\/ul>\n","protected":false},"author":43538,"featured_media":237912,"comment_status":"closed","ping_status":"closed","template":"","meta":[],"pwb-brand":[],"product_brand":[],"product_cat":[8293,8517,8783],"product_tag":[],"class_list":{"0":"post-237921","1":"product","2":"type-product","3":"status-publish","4":"has-post-thumbnail","6":"product_cat-produtos-brasileiros","7":"product_cat-farinhas-e-graos","8":"product_cat-farofa","10":"first","11":"instock","12":"taxable","13":"shipping-taxable","14":"purchasable","15":"product-type-simple"},"aioseo_notices":[],"brands":[],"_links":{"self":[{"href":"https:\/\/www.delicias-uk.com\/pt-pt\/wp-json\/wp\/v2\/product\/237921","targetHints":{"allow":["GET"]}}],"collection":[{"href":"https:\/\/www.delicias-uk.com\/pt-pt\/wp-json\/wp\/v2\/product"}],"about":[{"href":"https:\/\/www.delicias-uk.com\/pt-pt\/wp-json\/wp\/v2\/types\/product"}],"author":[{"embeddable":true,"href":"https:\/\/www.delicias-uk.com\/pt-pt\/wp-json\/wp\/v2\/users\/43538"}],"replies":[{"embeddable":true,"href":"https:\/\/www.delicias-uk.com\/pt-pt\/wp-json\/wp\/v2\/comments?post=237921"}],"wp:featuredmedia":[{"embeddable":true,"href":"https:\/\/www.delicias-uk.com\/pt-pt\/wp-json\/wp\/v2\/media\/237912"}],"wp:attachment":[{"href":"https:\/\/www.delicias-uk.com\/pt-pt\/wp-json\/wp\/v2\/media?parent=237921"}],"wp:term":[{"taxonomy":"pwb-brand","embeddable":true,"href":"https:\/\/www.delicias-uk.com\/pt-pt\/wp-json\/wp\/v2\/pwb-brand?post=237921"},{"taxonomy":"product_brand","embeddable":true,"href":"https:\/\/www.delicias-uk.com\/pt-pt\/wp-json\/wp\/v2\/product_brand?post=237921"},{"taxonomy":"product_cat","embeddable":true,"href":"https:\/\/www.delicias-uk.com\/pt-pt\/wp-json\/wp\/v2\/product_cat?post=237921"},{"taxonomy":"product_tag","embeddable":true,"href":"https:\/\/www.delicias-uk.com\/pt-pt\/wp-json\/wp\/v2\/product_tag?post=237921"}],"curies":[{"name":"wp","href":"https:\/\/api.w.org\/{rel}","templated":true}]}}