{"id":236939,"date":"2025-10-08T17:11:52","date_gmt":"2025-10-08T16:11:52","guid":{"rendered":"https:\/\/www.delicias-uk.com\/?post_type=product&#038;p=236939"},"modified":"2026-04-18T08:47:34","modified_gmt":"2026-04-18T07:47:34","slug":"nuri-sardinhas-gift-pack-125g-x-4","status":"publish","type":"product","link":"https:\/\/www.delicias-uk.com\/pt-pt\/produto\/nuri-sardinhas-gift-pack-125g-x-4\/","title":{"rendered":"Nuri Sardinhas Gift Pack 125g x 4"},"content":{"rendered":"<p data-start=\"119\" data-end=\"183\"><strong data-start=\"119\" data-end=\"181\">Pack Presente NURI \u2013 4 Receitas Mais Vendidas de Sardinhas<\/strong><\/p>\n<p data-start=\"185\" data-end=\"470\">Descubra o sabor aut\u00eantico de Portugal com este exclusivo <strong data-start=\"243\" data-end=\"265\">Pack Presente NURI<\/strong>, que re\u00fane quatro das receitas mais emblem\u00e1ticas da marca. Cada lata cont\u00e9m sardinhas inteiras (sem cabe\u00e7a, cauda ou v\u00edsceras), cuidadosamente cozinhadas e preservadas em molhos ricos e cheios de sabor.<\/p>\n<p data-start=\"472\" data-end=\"491\">Este pack inclui:<\/p>\n<ul data-start=\"492\" data-end=\"740\">\n<li data-start=\"492\" data-end=\"626\">\n<p data-start=\"494\" data-end=\"626\"><strong data-start=\"494\" data-end=\"533\">2 latas de Sardinhas NURI em Azeite<\/strong> \u2013 sardinhas tenras em azeite portugu\u00eas de alta qualidade, com um sabor puro e tradicional.<\/p>\n<\/li>\n<li data-start=\"627\" data-end=\"740\">\n<p data-start=\"629\" data-end=\"740\"><strong data-start=\"629\" data-end=\"677\">2 latas de Sardinhas NURI em Molho de Tomate<\/strong> \u2013 uma receita cl\u00e1ssica, com um molho equilibrado e saboroso.<\/p>\n<\/li>\n<\/ul>\n<p data-start=\"742\" data-end=\"903\">Elegante e saboroso, este conjunto \u00e9 o presente ideal para amantes da gastronomia, colecionadores ou para quem aprecia a verdadeira tradi\u00e7\u00e3o portuguesa \u00e0 mesa.<\/p>\n","protected":false},"excerpt":{"rendered":"<ul style=\"list-style-type: disc;\">\n<li>Peso l\u00edquido 125g x 4<\/li>\n<li>Produto Portugu\u00eas<\/li>\n<li>Mais de 100 anos de tradi\u00e7\u00e3o<\/li>\n<\/ul>\n","protected":false},"author":43538,"featured_media":236941,"comment_status":"open","ping_status":"closed","template":"","meta":[],"pwb-brand":[],"product_brand":[],"product_cat":[9325,8289,8291,8411,8479],"product_tag":[],"class_list":{"0":"post-236939","1":"product","2":"type-product","3":"status-publish","4":"has-post-thumbnail","6":"product_cat-pickles-conservas","7":"product_cat-inicio","8":"product_cat-produtos-portugueses","9":"product_cat-conservas","10":"product_cat-sardinha","12":"first","13":"instock","14":"taxable","15":"shipping-taxable","16":"purchasable","17":"product-type-simple"},"aioseo_notices":[],"brands":[],"_links":{"self":[{"href":"https:\/\/www.delicias-uk.com\/pt-pt\/wp-json\/wp\/v2\/product\/236939","targetHints":{"allow":["GET"]}}],"collection":[{"href":"https:\/\/www.delicias-uk.com\/pt-pt\/wp-json\/wp\/v2\/product"}],"about":[{"href":"https:\/\/www.delicias-uk.com\/pt-pt\/wp-json\/wp\/v2\/types\/product"}],"author":[{"embeddable":true,"href":"https:\/\/www.delicias-uk.com\/pt-pt\/wp-json\/wp\/v2\/users\/43538"}],"replies":[{"embeddable":true,"href":"https:\/\/www.delicias-uk.com\/pt-pt\/wp-json\/wp\/v2\/comments?post=236939"}],"wp:featuredmedia":[{"embeddable":true,"href":"https:\/\/www.delicias-uk.com\/pt-pt\/wp-json\/wp\/v2\/media\/236941"}],"wp:attachment":[{"href":"https:\/\/www.delicias-uk.com\/pt-pt\/wp-json\/wp\/v2\/media?parent=236939"}],"wp:term":[{"taxonomy":"pwb-brand","embeddable":true,"href":"https:\/\/www.delicias-uk.com\/pt-pt\/wp-json\/wp\/v2\/pwb-brand?post=236939"},{"taxonomy":"product_brand","embeddable":true,"href":"https:\/\/www.delicias-uk.com\/pt-pt\/wp-json\/wp\/v2\/product_brand?post=236939"},{"taxonomy":"product_cat","embeddable":true,"href":"https:\/\/www.delicias-uk.com\/pt-pt\/wp-json\/wp\/v2\/product_cat?post=236939"},{"taxonomy":"product_tag","embeddable":true,"href":"https:\/\/www.delicias-uk.com\/pt-pt\/wp-json\/wp\/v2\/product_tag?post=236939"}],"curies":[{"name":"wp","href":"https:\/\/api.w.org\/{rel}","templated":true}]}}