{"id":236905,"date":"2025-10-08T15:26:24","date_gmt":"2025-10-08T14:26:24","guid":{"rendered":"https:\/\/www.delicias-uk.com\/?post_type=product&#038;p=236905"},"modified":"2025-10-08T15:31:48","modified_gmt":"2025-10-08T14:31:48","slug":"periquita-classcio-2017-75cl","status":"publish","type":"product","link":"https:\/\/www.delicias-uk.com\/pt-pt\/produto\/periquita-classcio-2017-75cl\/","title":{"rendered":"Periquita Cl\u00e1sscio 2017 75cl"},"content":{"rendered":"<p data-start=\"144\" data-end=\"194\"><strong data-start=\"144\" data-end=\"192\">Periquita \u2013 Tradi\u00e7\u00e3o Portuguesa em Cada Ta\u00e7a<\/strong><\/p>\n<p data-start=\"196\" data-end=\"464\">Este vinho destaca as melhores uvas <strong data-start=\"137\" data-end=\"149\">Castel\u00e3o<\/strong>, produzidas apenas em anos de qualidade excecional. Com <strong data-start=\"206\" data-end=\"230\">cor vermelho intensa<\/strong> e subtis tons acastanhados, revela aromas complexos de <strong data-start=\"286\" data-end=\"339\">couro, frutos negros, ch\u00e1 preto, violetas e avel\u00e3<\/strong>. No paladar, \u00e9 austero mas elegante, apresentando <strong data-start=\"390\" data-end=\"420\">boa acidez, taninos firmes<\/strong> e um car\u00e1cter persistente que remete ao estilo original da Periquita. O final \u00e9 longo e memor\u00e1vel, evidenciando <strong data-start=\"533\" data-end=\"560\">profundidade e tradi\u00e7\u00e3o<\/strong>.<\/p>\n<p data-start=\"815\" data-end=\"839\"><strong data-start=\"815\" data-end=\"837\">Porque vai adorar:<\/strong><\/p>\n<ul>\n<li data-start=\"842\" data-end=\"894\">Sabor rico e arom\u00e1tico, fiel \u00e0 tradi\u00e7\u00e3o portuguesa<\/li>\n<li data-start=\"897\" data-end=\"964\">Taninos suaves e acidez equilibrada, ideal para todas as ocasi\u00f5es<\/li>\n<li data-start=\"967\" data-end=\"1027\">Perfeito para harmonizar com refei\u00e7\u00f5es ou saborear sozinho<\/li>\n<\/ul>\n<p data-start=\"1029\" data-end=\"1095\">Transforme cada refei\u00e7\u00e3o num momento especial com <strong data-start=\"1079\" data-end=\"1092\">Periquita<\/strong>.<\/p>\n<ul>\n<li><strong>Produtor<\/strong>: Jos\u00e9 Maria da Fonseca<\/li>\n<li><strong>Regi\u00e3o<\/strong>:\u00a0 Pen\u00ednsula de Set\u00fabal<\/li>\n<li><strong>Pa\u00eds<\/strong>: Portugal<\/li>\n<li><strong>Tipo de Vinho<\/strong>: Tinto<\/li>\n<li><strong>Castas<\/strong>: Castel\u00e3o<\/li>\n<li><strong>Garrafa<\/strong>: 750ml<\/li>\n<li><strong>Teor Alcoolico<\/strong>: 13%<\/li>\n<\/ul>\n","protected":false},"excerpt":{"rendered":"<ul>\n<li><strong>Produtor<\/strong>: Jos\u00e9 Maria da Fonseca<\/li>\n<li><strong>Regi\u00e3o<\/strong>:\u00a0 Pen\u00ednsula de Set\u00fabal<\/li>\n<li><strong>Pa\u00eds<\/strong>: Portugal<\/li>\n<li><strong>Tipo de Vinho<\/strong>: Tinto<\/li>\n<li><strong>Castas<\/strong>: Castel\u00e3o<\/li>\n<li><strong>Garrafa<\/strong>: 750ml<\/li>\n<li><strong>Teor Alcoolico<\/strong>: 13%<\/li>\n<\/ul>\n","protected":false},"author":43538,"featured_media":236907,"comment_status":"closed","ping_status":"closed","template":"","meta":[],"pwb-brand":[],"product_brand":[],"product_cat":[8289,8291,8431,8449,8889],"product_tag":[],"class_list":{"0":"post-236905","1":"product","2":"type-product","3":"status-publish","4":"has-post-thumbnail","6":"product_cat-inicio","7":"product_cat-produtos-portugueses","8":"product_cat-vinhos-pt-pt","9":"product_cat-vinho-tinto","10":"product_cat-setubal-peninsula-pt-pt","12":"first","13":"instock","14":"taxable","15":"shipping-taxable","16":"purchasable","17":"product-type-simple"},"aioseo_notices":[],"brands":[],"_links":{"self":[{"href":"https:\/\/www.delicias-uk.com\/pt-pt\/wp-json\/wp\/v2\/product\/236905","targetHints":{"allow":["GET"]}}],"collection":[{"href":"https:\/\/www.delicias-uk.com\/pt-pt\/wp-json\/wp\/v2\/product"}],"about":[{"href":"https:\/\/www.delicias-uk.com\/pt-pt\/wp-json\/wp\/v2\/types\/product"}],"author":[{"embeddable":true,"href":"https:\/\/www.delicias-uk.com\/pt-pt\/wp-json\/wp\/v2\/users\/43538"}],"replies":[{"embeddable":true,"href":"https:\/\/www.delicias-uk.com\/pt-pt\/wp-json\/wp\/v2\/comments?post=236905"}],"wp:featuredmedia":[{"embeddable":true,"href":"https:\/\/www.delicias-uk.com\/pt-pt\/wp-json\/wp\/v2\/media\/236907"}],"wp:attachment":[{"href":"https:\/\/www.delicias-uk.com\/pt-pt\/wp-json\/wp\/v2\/media?parent=236905"}],"wp:term":[{"taxonomy":"pwb-brand","embeddable":true,"href":"https:\/\/www.delicias-uk.com\/pt-pt\/wp-json\/wp\/v2\/pwb-brand?post=236905"},{"taxonomy":"product_brand","embeddable":true,"href":"https:\/\/www.delicias-uk.com\/pt-pt\/wp-json\/wp\/v2\/product_brand?post=236905"},{"taxonomy":"product_cat","embeddable":true,"href":"https:\/\/www.delicias-uk.com\/pt-pt\/wp-json\/wp\/v2\/product_cat?post=236905"},{"taxonomy":"product_tag","embeddable":true,"href":"https:\/\/www.delicias-uk.com\/pt-pt\/wp-json\/wp\/v2\/product_tag?post=236905"}],"curies":[{"name":"wp","href":"https:\/\/api.w.org\/{rel}","templated":true}]}}