{"id":236644,"date":"2025-10-02T17:08:41","date_gmt":"2025-10-02T16:08:41","guid":{"rendered":"https:\/\/www.delicias-uk.com\/?post_type=product&#038;p=236644"},"modified":"2025-10-02T17:08:41","modified_gmt":"2025-10-02T16:08:41","slug":"brandymel-especialidade-do-algarve-70cl","status":"publish","type":"product","link":"https:\/\/www.delicias-uk.com\/pt-pt\/produto\/brandymel-especialidade-do-algarve-70cl\/","title":{"rendered":"Brandymel Especialidade do Algarve 70cl"},"content":{"rendered":"<p>O <strong data-start=\"172\" data-end=\"185\">Brandymel<\/strong> \u00e9 uma das grandes especialidades do Algarve, conhecido pelo seu sabor \u00fanico e inconfund\u00edvel. Produzido a partir de aguardente v\u00ednica, mel e uma sele\u00e7\u00e3o de plantas arom\u00e1ticas da regi\u00e3o, apresenta um licor suave, doce e ao mesmo tempo envolvente. Com <strong data-start=\"435\" data-end=\"460\">27% de teor alco\u00f3lico<\/strong>, \u00e9 perfeito para ser apreciado puro, com gelo, ou como base em cocktails criativos. Uma verdadeira tradi\u00e7\u00e3o algarvia que combina autenticidade e prazer em cada gole.<\/p>\n<ul>\n<li data-start=\"1327\" data-end=\"1354\">\n<p data-start=\"1329\" data-end=\"1354\">Licor t\u00edpico do Algarve<\/p>\n<\/li>\n<li data-start=\"1355\" data-end=\"1416\">\n<p data-start=\"1357\" data-end=\"1416\">Produzido com aguardente v\u00ednica, mel e plantas arom\u00e1ticas<\/p>\n<\/li>\n<li data-start=\"1417\" data-end=\"1454\">\n<p data-start=\"1419\" data-end=\"1454\">Sabor doce, suave e inconfund\u00edvel<\/p>\n<\/li>\n<li data-start=\"1455\" data-end=\"1480\">\n<p data-start=\"1457\" data-end=\"1480\">27% de teor alco\u00f3lico<\/p>\n<\/li>\n<li data-start=\"1481\" data-end=\"1521\">\n<p data-start=\"1483\" data-end=\"1521\">Ideal puro, com gelo ou em cocktails<\/p>\n<\/li>\n<\/ul>\n","protected":false},"excerpt":{"rendered":"<ul>\n<li data-start=\"1329\" data-end=\"1354\">Licor t\u00edpico do Algarve<\/li>\n<li data-start=\"1357\" data-end=\"1416\">Produzido com aguardente v\u00ednica, mel e plantas arom\u00e1ticas<\/li>\n<li data-start=\"1419\" data-end=\"1454\">Sabor doce, suave e inconfund\u00edvel<\/li>\n<li data-start=\"1457\" data-end=\"1480\">27% de teor alco\u00f3lico<\/li>\n<li data-start=\"1483\" data-end=\"1521\">Ideal puro, com gelo ou em cocktails<\/li>\n<\/ul>\n","protected":false},"author":43538,"featured_media":236643,"comment_status":"closed","ping_status":"closed","template":"","meta":[],"pwb-brand":[],"product_brand":[],"product_cat":[8291,8417,8565],"product_tag":[],"class_list":{"0":"post-236644","1":"product","2":"type-product","3":"status-publish","4":"has-post-thumbnail","6":"product_cat-produtos-portugueses","7":"product_cat-espirituosas-licor","8":"product_cat-espirituosas","10":"first","11":"instock","12":"taxable","13":"shipping-taxable","14":"purchasable","15":"product-type-simple"},"aioseo_notices":[],"brands":[],"_links":{"self":[{"href":"https:\/\/www.delicias-uk.com\/pt-pt\/wp-json\/wp\/v2\/product\/236644","targetHints":{"allow":["GET"]}}],"collection":[{"href":"https:\/\/www.delicias-uk.com\/pt-pt\/wp-json\/wp\/v2\/product"}],"about":[{"href":"https:\/\/www.delicias-uk.com\/pt-pt\/wp-json\/wp\/v2\/types\/product"}],"author":[{"embeddable":true,"href":"https:\/\/www.delicias-uk.com\/pt-pt\/wp-json\/wp\/v2\/users\/43538"}],"replies":[{"embeddable":true,"href":"https:\/\/www.delicias-uk.com\/pt-pt\/wp-json\/wp\/v2\/comments?post=236644"}],"wp:featuredmedia":[{"embeddable":true,"href":"https:\/\/www.delicias-uk.com\/pt-pt\/wp-json\/wp\/v2\/media\/236643"}],"wp:attachment":[{"href":"https:\/\/www.delicias-uk.com\/pt-pt\/wp-json\/wp\/v2\/media?parent=236644"}],"wp:term":[{"taxonomy":"pwb-brand","embeddable":true,"href":"https:\/\/www.delicias-uk.com\/pt-pt\/wp-json\/wp\/v2\/pwb-brand?post=236644"},{"taxonomy":"product_brand","embeddable":true,"href":"https:\/\/www.delicias-uk.com\/pt-pt\/wp-json\/wp\/v2\/product_brand?post=236644"},{"taxonomy":"product_cat","embeddable":true,"href":"https:\/\/www.delicias-uk.com\/pt-pt\/wp-json\/wp\/v2\/product_cat?post=236644"},{"taxonomy":"product_tag","embeddable":true,"href":"https:\/\/www.delicias-uk.com\/pt-pt\/wp-json\/wp\/v2\/product_tag?post=236644"}],"curies":[{"name":"wp","href":"https:\/\/api.w.org\/{rel}","templated":true}]}}