{"id":236094,"date":"2025-09-25T11:40:32","date_gmt":"2025-09-25T10:40:32","guid":{"rendered":"https:\/\/www.delicias-uk.com\/?post_type=product&#038;p=236094"},"modified":"2025-12-19T21:37:03","modified_gmt":"2025-12-19T21:37:03","slug":"detergente-sonasol-amoniacal-original-1-25lt","status":"publish","type":"product","link":"https:\/\/www.delicias-uk.com\/pt-pt\/produto\/detergente-sonasol-amoniacal-original-1-25lt\/","title":{"rendered":"Detergente Sonasol Amoniacal Original 1.25Lt"},"content":{"rendered":"<p data-start=\"88\" data-end=\"508\"><strong data-start=\"88\" data-end=\"126\">Sonasol Detergente Amoniacal 1,25L<\/strong><br data-start=\"126\" data-end=\"129\" \/>Poderoso e eficaz, o Sonasol Detergente Amoniacal foi desenvolvido para remover manchas e sujeiras dif\u00edceis, deixando as superf\u00edcies brilhantes e limpas. Ideal para uso dom\u00e9stico e profissional, este limpador vers\u00e1til \u00e9 perfeito para cozinhas, casas de banho e limpeza geral. A sua f\u00f3rmula \u00e0 base de am\u00f3nia garante uma limpeza profunda sem necessidade de esfregar intensamente.<\/p>\n<ul data-start=\"510\" data-end=\"634\">\n<li data-start=\"510\" data-end=\"535\">\n<p data-start=\"512\" data-end=\"535\">Volume l\u00edquido: 1,25L<\/p>\n<\/li>\n<li data-start=\"536\" data-end=\"572\">\n<p data-start=\"538\" data-end=\"572\">Adequado para v\u00e1rias superf\u00edcies<\/p>\n<\/li>\n<li data-start=\"573\" data-end=\"600\">\n<p data-start=\"575\" data-end=\"600\">A\u00e7\u00e3o r\u00e1pida e eficiente<\/p>\n<\/li>\n<li data-start=\"601\" data-end=\"634\">\n<p data-start=\"603\" data-end=\"634\">Deixa um aroma fresco e limpo<\/p>\n<\/li>\n<\/ul>\n<p data-start=\"636\" data-end=\"704\">Facilite e torne mais eficaz a limpeza do dia a dia com o Sonasol!<\/p>\n","protected":false},"excerpt":{"rendered":"<ul>\n<li data-start=\"910\" data-end=\"946\">F\u00f3rmula potente \u00e0 base de am\u00f3nia<\/li>\n<li data-start=\"949\" data-end=\"988\">Remove manchas e sujidades dif\u00edceis<\/li>\n<li data-start=\"991\" data-end=\"1046\">Ideal para cozinhas, casas de banho e limpeza geral<\/li>\n<li data-start=\"1049\" data-end=\"1073\">A\u00e7\u00e3o r\u00e1pida e eficaz<\/li>\n<li data-start=\"1076\" data-end=\"1109\">Deixa um aroma fresco e limpo<\/li>\n<\/ul>\n","protected":false},"author":43538,"featured_media":236096,"comment_status":"open","ping_status":"closed","template":"","meta":[],"pwb-brand":[],"product_brand":[],"product_cat":[8289,8437],"product_tag":[],"class_list":{"0":"post-236094","1":"product","2":"type-product","3":"status-publish","4":"has-post-thumbnail","6":"product_cat-inicio","7":"product_cat-limpeza","9":"first","10":"instock","11":"taxable","12":"shipping-taxable","13":"purchasable","14":"product-type-simple"},"aioseo_notices":[],"brands":[],"_links":{"self":[{"href":"https:\/\/www.delicias-uk.com\/pt-pt\/wp-json\/wp\/v2\/product\/236094","targetHints":{"allow":["GET"]}}],"collection":[{"href":"https:\/\/www.delicias-uk.com\/pt-pt\/wp-json\/wp\/v2\/product"}],"about":[{"href":"https:\/\/www.delicias-uk.com\/pt-pt\/wp-json\/wp\/v2\/types\/product"}],"author":[{"embeddable":true,"href":"https:\/\/www.delicias-uk.com\/pt-pt\/wp-json\/wp\/v2\/users\/43538"}],"replies":[{"embeddable":true,"href":"https:\/\/www.delicias-uk.com\/pt-pt\/wp-json\/wp\/v2\/comments?post=236094"}],"wp:featuredmedia":[{"embeddable":true,"href":"https:\/\/www.delicias-uk.com\/pt-pt\/wp-json\/wp\/v2\/media\/236096"}],"wp:attachment":[{"href":"https:\/\/www.delicias-uk.com\/pt-pt\/wp-json\/wp\/v2\/media?parent=236094"}],"wp:term":[{"taxonomy":"pwb-brand","embeddable":true,"href":"https:\/\/www.delicias-uk.com\/pt-pt\/wp-json\/wp\/v2\/pwb-brand?post=236094"},{"taxonomy":"product_brand","embeddable":true,"href":"https:\/\/www.delicias-uk.com\/pt-pt\/wp-json\/wp\/v2\/product_brand?post=236094"},{"taxonomy":"product_cat","embeddable":true,"href":"https:\/\/www.delicias-uk.com\/pt-pt\/wp-json\/wp\/v2\/product_cat?post=236094"},{"taxonomy":"product_tag","embeddable":true,"href":"https:\/\/www.delicias-uk.com\/pt-pt\/wp-json\/wp\/v2\/product_tag?post=236094"}],"curies":[{"name":"wp","href":"https:\/\/api.w.org\/{rel}","templated":true}]}}