{"id":235688,"date":"2025-09-18T14:43:57","date_gmt":"2025-09-18T13:43:57","guid":{"rendered":"https:\/\/www.delicias-uk.com\/?post_type=product&#038;p=235688"},"modified":"2025-09-18T14:51:30","modified_gmt":"2025-09-18T13:51:30","slug":"the-foxtale-pink-gin-tonic-cocktail-read-to-drink-can-5-5-250ml-x-4","status":"publish","type":"product","link":"https:\/\/www.delicias-uk.com\/pt-pt\/produto\/the-foxtale-pink-gin-tonic-cocktail-read-to-drink-can-5-5-250ml-x-4\/","title":{"rendered":"The Foxtale Pink-Gin + Tonic Cocktail Read to Drink Can 5.5% 250ml x 4"},"content":{"rendered":"<h3 data-start=\"69\" data-end=\"141\">Foxtale Pink-Gin + Tonic Cocktail Ready-to-Drink Can 5,5% 250ml x4<\/h3>\n<p data-start=\"143\" data-end=\"454\"><strong data-start=\"143\" data-end=\"246\">Desfrute da combina\u00e7\u00e3o perfeita de Foxtale Pink-Gin e t\u00f3nica em uma pr\u00e1tica lata pronta para beber.<\/strong>\u00a0Cada lata de 250ml cont\u00e9m 5,5% ABV, oferecendo uma experi\u00eancia de gin &amp; tonic refrescante, leve e levemente frutada. Ideal para consumo em movimento, piqueniques, festas ou momentos de relaxamento em casa.<\/p>\n<h3 data-start=\"461\" data-end=\"493\">Principais Caracter\u00edsticas<\/h3>\n<ul data-start=\"495\" data-end=\"822\">\n<li data-start=\"495\" data-end=\"538\">\n<p data-start=\"497\" data-end=\"538\"><strong data-start=\"497\" data-end=\"506\">Tipo:<\/strong>\u00a0Gin &amp; Tonic pronto para beber<\/p>\n<\/li>\n<li data-start=\"539\" data-end=\"571\">\n<p data-start=\"541\" data-end=\"571\"><strong data-start=\"541\" data-end=\"560\">Teor Alco\u00f3lico:<\/strong>\u00a05,5% ABV<\/p>\n<\/li>\n<li data-start=\"572\" data-end=\"614\">\n<p data-start=\"574\" data-end=\"614\"><strong data-start=\"574\" data-end=\"585\">Volume:<\/strong>\u00a0250ml por lata, pack com 4<\/p>\n<\/li>\n<li data-start=\"615\" data-end=\"724\">\n<p data-start=\"617\" data-end=\"724\"><strong data-start=\"617\" data-end=\"637\">Perfil de Sabor:<\/strong>\u00a0Leve, refrescante, levemente frutado, com o aroma caracter\u00edstico do Foxtale Pink-Gin<\/p>\n<\/li>\n<li data-start=\"725\" data-end=\"822\">\n<p data-start=\"727\" data-end=\"822\"><strong data-start=\"727\" data-end=\"751\">Sugest\u00e3o de Consumo:<\/strong>\u00a0Servir bem gelado, com gelo, para um drink perfeitamente equilibrado<\/p>\n<\/li>\n<\/ul>\n<h3 data-start=\"829\" data-end=\"845\">Ideal Para<\/h3>\n<p data-start=\"846\" data-end=\"924\">Reuni\u00f5es ao ar livre, momentos casuais ou como presente para amantes de gin.<\/p>\n","protected":false},"excerpt":{"rendered":"<ul>\n<li data-start=\"497\" data-end=\"538\"><strong data-start=\"497\" data-end=\"506\">Tipo:<\/strong>\u00a0Gin &amp; Tonic pronto para beber<\/li>\n<li data-start=\"541\" data-end=\"571\"><strong data-start=\"541\" data-end=\"560\">Teor Alco\u00f3lico:<\/strong>\u00a05,5% ABV<\/li>\n<li data-start=\"574\" data-end=\"614\"><strong data-start=\"574\" data-end=\"585\">Volume:<\/strong>\u00a0250ml por lata, pack com 4<\/li>\n<li data-start=\"617\" data-end=\"724\"><strong data-start=\"617\" data-end=\"637\">Perfil de Sabor:<\/strong>\u00a0Leve, refrescante, levemente frutado, com o aroma caracter\u00edstico do Foxtale Pink-Gin<\/li>\n<li data-start=\"727\" data-end=\"822\"><strong data-start=\"727\" data-end=\"751\">Sugest\u00e3o de Consumo:<\/strong>\u00a0Servir bem gelado, com gelo, para um drink perfeitamente equilibrado<\/li>\n<\/ul>\n","protected":false},"author":43538,"featured_media":235690,"comment_status":"closed","ping_status":"closed","template":"","meta":[],"pwb-brand":[],"product_brand":[],"product_cat":[9346,8289,8291,8417,8459],"product_tag":[],"class_list":{"0":"post-235688","1":"product","2":"type-product","3":"status-publish","4":"has-post-thumbnail","6":"product_cat-gin-pt-pt","7":"product_cat-inicio","8":"product_cat-produtos-portugueses","9":"product_cat-espirituosas-licor","10":"product_cat-gin-vodka-pt-pt","12":"first","13":"instock","14":"taxable","15":"shipping-taxable","16":"purchasable","17":"product-type-simple"},"aioseo_notices":[],"brands":[],"_links":{"self":[{"href":"https:\/\/www.delicias-uk.com\/pt-pt\/wp-json\/wp\/v2\/product\/235688","targetHints":{"allow":["GET"]}}],"collection":[{"href":"https:\/\/www.delicias-uk.com\/pt-pt\/wp-json\/wp\/v2\/product"}],"about":[{"href":"https:\/\/www.delicias-uk.com\/pt-pt\/wp-json\/wp\/v2\/types\/product"}],"author":[{"embeddable":true,"href":"https:\/\/www.delicias-uk.com\/pt-pt\/wp-json\/wp\/v2\/users\/43538"}],"replies":[{"embeddable":true,"href":"https:\/\/www.delicias-uk.com\/pt-pt\/wp-json\/wp\/v2\/comments?post=235688"}],"wp:featuredmedia":[{"embeddable":true,"href":"https:\/\/www.delicias-uk.com\/pt-pt\/wp-json\/wp\/v2\/media\/235690"}],"wp:attachment":[{"href":"https:\/\/www.delicias-uk.com\/pt-pt\/wp-json\/wp\/v2\/media?parent=235688"}],"wp:term":[{"taxonomy":"pwb-brand","embeddable":true,"href":"https:\/\/www.delicias-uk.com\/pt-pt\/wp-json\/wp\/v2\/pwb-brand?post=235688"},{"taxonomy":"product_brand","embeddable":true,"href":"https:\/\/www.delicias-uk.com\/pt-pt\/wp-json\/wp\/v2\/product_brand?post=235688"},{"taxonomy":"product_cat","embeddable":true,"href":"https:\/\/www.delicias-uk.com\/pt-pt\/wp-json\/wp\/v2\/product_cat?post=235688"},{"taxonomy":"product_tag","embeddable":true,"href":"https:\/\/www.delicias-uk.com\/pt-pt\/wp-json\/wp\/v2\/product_tag?post=235688"}],"curies":[{"name":"wp","href":"https:\/\/api.w.org\/{rel}","templated":true}]}}