{"id":235666,"date":"2025-09-18T12:11:49","date_gmt":"2025-09-18T11:11:49","guid":{"rendered":"https:\/\/www.delicias-uk.com\/?post_type=product&#038;p=235666"},"modified":"2025-09-18T12:11:49","modified_gmt":"2025-09-18T11:11:49","slug":"licor-beirao-gift-pack-com-6-copos-22-70cl","status":"publish","type":"product","link":"https:\/\/www.delicias-uk.com\/pt-pt\/produto\/licor-beirao-gift-pack-com-6-copos-22-70cl\/","title":{"rendered":"Licor Beirao Gift Pack com 6 copos 22% 70cl"},"content":{"rendered":"<h3 data-start=\"75\" data-end=\"105\"><strong data-start=\"79\" data-end=\"103\">Sobre o Licor Beir\u00e3o<\/strong><\/h3>\n<p data-start=\"107\" data-end=\"271\">Situada na regi\u00e3o central de Portugal, a <strong data-start=\"148\" data-end=\"168\">Quinta do Meiral<\/strong> \u00e9 o cora\u00e7\u00e3o do Licor Beir\u00e3o e a resid\u00eancia da fam\u00edlia Redondo, que det\u00e9m a marca h\u00e1 mais de 70 anos.<\/p>\n<p data-start=\"273\" data-end=\"574\">Localizada nas encostas da Serra da Lous\u00e3, a propriedade de doze hectares cultiva muitas das ervas utilizadas neste ic\u00f3nico licor. \u00c9 aqui que Jos\u00e9 Redondo produz diariamente a receita secreta da fam\u00edlia \u2014 uma tradi\u00e7\u00e3o herdada do pai e aprendida com a m\u00e3e \u2014 criando o licor apreciado em todo o mundo.<\/p>\n<p data-start=\"576\" data-end=\"722\">O <strong data-start=\"578\" data-end=\"594\">Licor Beir\u00e3o<\/strong> \u00e9 fruto de uma paix\u00e3o que atravessa tr\u00eas gera\u00e7\u00f5es e \u00e9 o espirituoso mais vendido em Portugal, produzido fresco todos os dias.<\/p>\n<p data-start=\"576\" data-end=\"722\"><strong data-start=\"733\" data-end=\"764\">Cor, Aroma &amp; Notas de Prova<\/strong><\/p>\n<ul data-start=\"767\" data-end=\"959\">\n<li data-start=\"767\" data-end=\"793\">\n<p data-start=\"769\" data-end=\"793\"><strong data-start=\"769\" data-end=\"777\">Cor:<\/strong> \u00c2mbar dourado<\/p>\n<\/li>\n<li data-start=\"794\" data-end=\"851\">\n<p data-start=\"796\" data-end=\"851\"><strong data-start=\"796\" data-end=\"806\">Aroma:<\/strong> Delicado e envolvente, com notas de funcho<\/p>\n<\/li>\n<li data-start=\"852\" data-end=\"959\">\n<p data-start=\"854\" data-end=\"959\"><strong data-start=\"854\" data-end=\"873\">Notas de Prova:<\/strong> Alecrim, laranja e um conjunto de especiarias, com destaque para canela e cardamomo<\/p>\n<\/li>\n<\/ul>\n<h3 data-start=\"966\" data-end=\"992\"><strong data-start=\"970\" data-end=\"990\">Formas de Servir<\/strong><\/h3>\n<ul data-start=\"993\" data-end=\"1433\">\n<li data-start=\"993\" data-end=\"1147\">\n<p data-start=\"995\" data-end=\"1147\"><strong data-start=\"995\" data-end=\"1008\">Cl\u00e1ssico:<\/strong> Adicione alguns cubos de gelo num copo old-fashioned e despeje o Licor Beir\u00e3o. Para um toque c\u00edtrico, acrescente algumas gotas de lim\u00e3o.<\/p>\n<\/li>\n<li data-start=\"1148\" data-end=\"1264\">\n<p data-start=\"1150\" data-end=\"1264\"><strong data-start=\"1150\" data-end=\"1163\">Caipir\u00e3o:<\/strong> Macere meio lim\u00e3o cortado em quartos num copo, adicione gelo picado e despeje 6cl de Licor Beir\u00e3o.<\/p>\n<\/li>\n<li data-start=\"1265\" data-end=\"1433\">\n<p data-start=\"1267\" data-end=\"1433\"><strong data-start=\"1267\" data-end=\"1281\">Maracuj\u00e3o:<\/strong> Misture suco de maracuj\u00e1 e lim\u00e3o num copo, adicione gelo picado, despeje uma dose de Licor Beir\u00e3o, mexa vigorosamente, adicione dois canudos e sirva.<\/p>\n<\/li>\n<\/ul>\n","protected":false},"excerpt":{"rendered":"<ul>\n<li data-start=\"188\" data-end=\"261\">Produzido em Portugal na Quinta do Meiral, casa da fam\u00edlia Redondo<\/li>\n<li data-start=\"264\" data-end=\"334\">Produzido diariamente com receita secreta familiar e ervas locais<\/li>\n<li data-start=\"337\" data-end=\"411\">Licor \u00e2mbar com notas de funcho, alecrim, laranja, canela e cardamomo<\/li>\n<li data-start=\"414\" data-end=\"496\">Perfeito para servir puro, com gelo ou em cocktails como Caipir\u00e3o e Maracuj\u00e3o<\/li>\n<li data-start=\"499\" data-end=\"568\">O espirituoso mais vendido em Portugal, apreciado em todo o mundo<\/li>\n<\/ul>\n","protected":false},"author":43538,"featured_media":235664,"comment_status":"closed","ping_status":"closed","template":"","meta":[],"pwb-brand":[],"product_brand":[],"product_cat":[9345,8291,8417,8565],"product_tag":[],"class_list":{"0":"post-235666","1":"product","2":"type-product","3":"status-publish","4":"has-post-thumbnail","6":"product_cat-gift-pack-pt-pt","7":"product_cat-produtos-portugueses","8":"product_cat-espirituosas-licor","9":"product_cat-espirituosas","11":"first","12":"instock","13":"taxable","14":"shipping-taxable","15":"purchasable","16":"product-type-simple"},"aioseo_notices":[],"brands":[],"_links":{"self":[{"href":"https:\/\/www.delicias-uk.com\/pt-pt\/wp-json\/wp\/v2\/product\/235666","targetHints":{"allow":["GET"]}}],"collection":[{"href":"https:\/\/www.delicias-uk.com\/pt-pt\/wp-json\/wp\/v2\/product"}],"about":[{"href":"https:\/\/www.delicias-uk.com\/pt-pt\/wp-json\/wp\/v2\/types\/product"}],"author":[{"embeddable":true,"href":"https:\/\/www.delicias-uk.com\/pt-pt\/wp-json\/wp\/v2\/users\/43538"}],"replies":[{"embeddable":true,"href":"https:\/\/www.delicias-uk.com\/pt-pt\/wp-json\/wp\/v2\/comments?post=235666"}],"wp:featuredmedia":[{"embeddable":true,"href":"https:\/\/www.delicias-uk.com\/pt-pt\/wp-json\/wp\/v2\/media\/235664"}],"wp:attachment":[{"href":"https:\/\/www.delicias-uk.com\/pt-pt\/wp-json\/wp\/v2\/media?parent=235666"}],"wp:term":[{"taxonomy":"pwb-brand","embeddable":true,"href":"https:\/\/www.delicias-uk.com\/pt-pt\/wp-json\/wp\/v2\/pwb-brand?post=235666"},{"taxonomy":"product_brand","embeddable":true,"href":"https:\/\/www.delicias-uk.com\/pt-pt\/wp-json\/wp\/v2\/product_brand?post=235666"},{"taxonomy":"product_cat","embeddable":true,"href":"https:\/\/www.delicias-uk.com\/pt-pt\/wp-json\/wp\/v2\/product_cat?post=235666"},{"taxonomy":"product_tag","embeddable":true,"href":"https:\/\/www.delicias-uk.com\/pt-pt\/wp-json\/wp\/v2\/product_tag?post=235666"}],"curies":[{"name":"wp","href":"https:\/\/api.w.org\/{rel}","templated":true}]}}