{"id":235658,"date":"2025-09-18T11:30:09","date_gmt":"2025-09-18T10:30:09","guid":{"rendered":"https:\/\/www.delicias-uk.com\/?post_type=product&#038;p=235658"},"modified":"2025-09-18T12:27:30","modified_gmt":"2025-09-18T11:27:30","slug":"the-foxtale-passion-fruit-gin-madeira-secret-37-5-70cl","status":"publish","type":"product","link":"https:\/\/www.delicias-uk.com\/pt-pt\/produto\/the-foxtale-passion-fruit-gin-madeira-secret-37-5-70cl\/","title":{"rendered":"The Foxtale Passion Fruit-Gin Madeira Secret 37.5% 70cl"},"content":{"rendered":"<h2 data-start=\"783\" data-end=\"830\"><strong data-start=\"786\" data-end=\"828\">The FoxTale Madeira Secret<\/strong><\/h2>\n<h3 data-start=\"832\" data-end=\"855\">Origem &amp; Tropical<\/h3>\n<p data-start=\"856\" data-end=\"1123\">Descubra um segredo bem guardado de Portugal com o <strong data-start=\"907\" data-end=\"937\">The FoxTale Madeira Secret<\/strong>. Combin\u00e1mos o sabor original do FoxTale Gin com a do\u00e7ura ex\u00f3tica do maracuj\u00e1 da Madeira. O resultado? Um gin apaixonante, com um contraste marcante entre a do\u00e7ura e a acidez da fruta.<\/p>\n<p data-start=\"1125\" data-end=\"1334\"><strong data-start=\"1125\" data-end=\"1148\">Sensa\u00e7\u00f5es Tropicais<\/strong><br data-start=\"1148\" data-end=\"1151\" \/>Doce e irresist\u00edvel, mas com a acidez refrescante da fruta, este gin celebra os contrastes numa combina\u00e7\u00e3o \u00fanica de sabores. Perfeito para dias ensolarados e gin t\u00f3nicas memor\u00e1veis.<\/p>\n<ul data-start=\"1336\" data-end=\"1384\">\n<li data-start=\"1336\" data-end=\"1365\">\n<p data-start=\"1338\" data-end=\"1365\"><strong data-start=\"1338\" data-end=\"1349\">Origem:<\/strong> Portugal<\/p>\n<\/li>\n<li data-start=\"1366\" data-end=\"1384\">\n<p data-start=\"1368\" data-end=\"1384\"><strong data-start=\"1368\" data-end=\"1376\">ABV:<\/strong> 37,5%<\/p>\n<\/li>\n<\/ul>\n<p data-start=\"1386\" data-end=\"1463\">Descubra o segredo. Transforme cada gin t\u00f3nico numa experi\u00eancia tropical!<\/p>\n<h3 data-start=\"739\" data-end=\"785\">Descubra o novo sabor do seu Gin T\u00f3nico!<\/h3>\n<p data-start=\"787\" data-end=\"1009\">Feito com ingredientes criteriosamente selecionados de origem portuguesa, o <strong data-start=\"863\" data-end=\"882\">The FoxTale Gin<\/strong> combina inova\u00e7\u00e3o com a riqueza da tradi\u00e7\u00e3o nacional. \u00c9 o toque refrescante e surpreendente por tr\u00e1s do Gin n\u00ba 1 de Portugal.<\/p>\n<p data-start=\"1011\" data-end=\"1099\">Experimente e diga-nos: qual \u00e9 o seu favorito?<br data-start=\"1059\" data-end=\"1062\" \/>Refresque a forma como pensa o gin.<\/p>\n<p data-start=\"1101\" data-end=\"1191\"><strong data-start=\"1101\" data-end=\"1118\">\u201cAssim, gin!\u201d<\/strong><br data-start=\"1118\" data-end=\"1121\" \/>(\u00c9 assim que dizemos em Portugal\u2026 <em data-start=\"1155\" data-end=\"1188\">\u201cagora sim, este \u00e9 um bom gin!\u201d<\/em>)<\/p>\n","protected":false},"excerpt":{"rendered":"<ul>\n<li data-start=\"157\" data-end=\"209\">Produzido em Portugal com maracuj\u00e1 da Madeira<\/li>\n<li data-start=\"212\" data-end=\"269\">Doce e tropical, com contraste entre acidez e do\u00e7ura<\/li>\n<li data-start=\"272\" data-end=\"332\">Base de FoxTale Gin original, equilibrada e sofisticada<\/li>\n<li data-start=\"335\" data-end=\"385\">Perfeito para gin t\u00f3nicas em dias ensolarados<\/li>\n<li data-start=\"388\" data-end=\"440\">37,5% ABV para um sabor memor\u00e1vel e apaixonante<\/li>\n<\/ul>\n","protected":false},"author":43538,"featured_media":235661,"comment_status":"closed","ping_status":"closed","template":"","meta":[],"pwb-brand":[],"product_brand":[],"product_cat":[9346,8289,8291,8417,8459],"product_tag":[],"class_list":{"0":"post-235658","1":"product","2":"type-product","3":"status-publish","4":"has-post-thumbnail","6":"product_cat-gin-pt-pt","7":"product_cat-inicio","8":"product_cat-produtos-portugueses","9":"product_cat-espirituosas-licor","10":"product_cat-gin-vodka-pt-pt","12":"first","13":"instock","14":"taxable","15":"shipping-taxable","16":"purchasable","17":"product-type-simple"},"aioseo_notices":[],"brands":[],"_links":{"self":[{"href":"https:\/\/www.delicias-uk.com\/pt-pt\/wp-json\/wp\/v2\/product\/235658","targetHints":{"allow":["GET"]}}],"collection":[{"href":"https:\/\/www.delicias-uk.com\/pt-pt\/wp-json\/wp\/v2\/product"}],"about":[{"href":"https:\/\/www.delicias-uk.com\/pt-pt\/wp-json\/wp\/v2\/types\/product"}],"author":[{"embeddable":true,"href":"https:\/\/www.delicias-uk.com\/pt-pt\/wp-json\/wp\/v2\/users\/43538"}],"replies":[{"embeddable":true,"href":"https:\/\/www.delicias-uk.com\/pt-pt\/wp-json\/wp\/v2\/comments?post=235658"}],"wp:featuredmedia":[{"embeddable":true,"href":"https:\/\/www.delicias-uk.com\/pt-pt\/wp-json\/wp\/v2\/media\/235661"}],"wp:attachment":[{"href":"https:\/\/www.delicias-uk.com\/pt-pt\/wp-json\/wp\/v2\/media?parent=235658"}],"wp:term":[{"taxonomy":"pwb-brand","embeddable":true,"href":"https:\/\/www.delicias-uk.com\/pt-pt\/wp-json\/wp\/v2\/pwb-brand?post=235658"},{"taxonomy":"product_brand","embeddable":true,"href":"https:\/\/www.delicias-uk.com\/pt-pt\/wp-json\/wp\/v2\/product_brand?post=235658"},{"taxonomy":"product_cat","embeddable":true,"href":"https:\/\/www.delicias-uk.com\/pt-pt\/wp-json\/wp\/v2\/product_cat?post=235658"},{"taxonomy":"product_tag","embeddable":true,"href":"https:\/\/www.delicias-uk.com\/pt-pt\/wp-json\/wp\/v2\/product_tag?post=235658"}],"curies":[{"name":"wp","href":"https:\/\/api.w.org\/{rel}","templated":true}]}}