{"id":235655,"date":"2025-09-18T11:22:02","date_gmt":"2025-09-18T10:22:02","guid":{"rendered":"https:\/\/www.delicias-uk.com\/?post_type=product&#038;p=235655"},"modified":"2025-09-18T12:29:33","modified_gmt":"2025-09-18T11:29:33","slug":"the-foxtale-pink-gin-37-5-70cl","status":"publish","type":"product","link":"https:\/\/www.delicias-uk.com\/pt-pt\/produto\/the-foxtale-pink-gin-37-5-70cl\/","title":{"rendered":"The Foxtale Pink-Gin 37.5% 70cl"},"content":{"rendered":"<h3 data-start=\"75\" data-end=\"120\">The FoxTale Pink Gin \u2013 Doce &amp; Divertido<\/h3>\n<p data-start=\"122\" data-end=\"405\"><strong data-start=\"122\" data-end=\"134\">Saboroso<\/strong><br data-start=\"134\" data-end=\"137\" \/>Eleve os seus momentos com o <strong data-start=\"166\" data-end=\"190\">The FoxTale Pink Gin<\/strong>. Descubra os sabores doces e irreverentes dos melhores morangos do Alentejo, infundidos na receita original do nosso gin. O resultado \u00e9 um gin fresco e delicado, perfeito para encontros longos e dias ensolarados.<\/p>\n<p data-start=\"407\" data-end=\"529\"><strong data-start=\"407\" data-end=\"423\">As Sensa\u00e7\u00f5es<\/strong><br data-start=\"423\" data-end=\"426\" \/>Uma combina\u00e7\u00e3o irresist\u00edvel de morango e hortel\u00e3, equilibrada pelo car\u00e1ter seco e marcante do zimbro.<\/p>\n<ul data-start=\"531\" data-end=\"579\">\n<li data-start=\"531\" data-end=\"560\">\n<p data-start=\"533\" data-end=\"560\"><strong data-start=\"533\" data-end=\"544\">Origem:<\/strong> Portugal<\/p>\n<\/li>\n<li data-start=\"561\" data-end=\"579\">\n<p data-start=\"563\" data-end=\"579\"><strong data-start=\"563\" data-end=\"571\">ABV:<\/strong> 37,5%<\/p>\n<\/li>\n<\/ul>\n<p data-start=\"581\" data-end=\"654\">\u2728 Experimente e transforme o seu gin t\u00f3nico numa experi\u00eancia memor\u00e1vel!<\/p>\n<h3 data-start=\"739\" data-end=\"785\">Descubra o novo sabor do seu Gin T\u00f3nico!<\/h3>\n<p data-start=\"787\" data-end=\"1009\">Feito com ingredientes criteriosamente selecionados de origem portuguesa, o <strong data-start=\"863\" data-end=\"882\">The FoxTale Gin<\/strong> combina inova\u00e7\u00e3o com a riqueza da tradi\u00e7\u00e3o nacional. \u00c9 o toque refrescante e surpreendente por tr\u00e1s do Gin n\u00ba 1 de Portugal.<\/p>\n<p data-start=\"1011\" data-end=\"1099\">\u2728 Experimente e diga-nos: qual \u00e9 o seu favorito?<br data-start=\"1059\" data-end=\"1062\" \/>Refresque a forma como pensa o gin.<\/p>\n<p data-start=\"1101\" data-end=\"1191\"><strong data-start=\"1101\" data-end=\"1118\">\u201cAssim, gin!\u201d<\/strong><br data-start=\"1118\" data-end=\"1121\" \/>(\u00c9 assim que dizemos em Portugal\u2026 <em data-start=\"1155\" data-end=\"1188\">\u201cagora sim, este \u00e9 um bom gin!\u201d<\/em>)<\/p>\n","protected":false},"excerpt":{"rendered":"<ul>\n<li data-start=\"105\" data-end=\"170\">Produzido em Portugal com os melhores morangos do Alentejo<\/li>\n<li data-start=\"105\" data-end=\"170\">Combina\u00e7\u00e3o doce e divertida de morango e hortel\u00e3<\/li>\n<li data-start=\"229\" data-end=\"284\">Equilibrado pelo car\u00e1ter seco e marcante do zimbro<\/li>\n<li data-start=\"287\" data-end=\"337\">Perfeito para gin t\u00f3nico fresco e sofisticado<\/li>\n<li data-start=\"340\" data-end=\"391\">Ideal para encontros longos e dias ensolarados<\/li>\n<li data-start=\"394\" data-end=\"447\">37,5% ABV para uma experi\u00eancia suave e memor\u00e1vel<\/li>\n<\/ul>\n","protected":false},"author":43538,"featured_media":235657,"comment_status":"closed","ping_status":"closed","template":"","meta":[],"pwb-brand":[],"product_brand":[],"product_cat":[9346,8289,8291,8417,8459],"product_tag":[],"class_list":{"0":"post-235655","1":"product","2":"type-product","3":"status-publish","4":"has-post-thumbnail","6":"product_cat-gin-pt-pt","7":"product_cat-inicio","8":"product_cat-produtos-portugueses","9":"product_cat-espirituosas-licor","10":"product_cat-gin-vodka-pt-pt","12":"first","13":"instock","14":"taxable","15":"shipping-taxable","16":"purchasable","17":"product-type-simple"},"aioseo_notices":[],"brands":[],"_links":{"self":[{"href":"https:\/\/www.delicias-uk.com\/pt-pt\/wp-json\/wp\/v2\/product\/235655","targetHints":{"allow":["GET"]}}],"collection":[{"href":"https:\/\/www.delicias-uk.com\/pt-pt\/wp-json\/wp\/v2\/product"}],"about":[{"href":"https:\/\/www.delicias-uk.com\/pt-pt\/wp-json\/wp\/v2\/types\/product"}],"author":[{"embeddable":true,"href":"https:\/\/www.delicias-uk.com\/pt-pt\/wp-json\/wp\/v2\/users\/43538"}],"replies":[{"embeddable":true,"href":"https:\/\/www.delicias-uk.com\/pt-pt\/wp-json\/wp\/v2\/comments?post=235655"}],"wp:featuredmedia":[{"embeddable":true,"href":"https:\/\/www.delicias-uk.com\/pt-pt\/wp-json\/wp\/v2\/media\/235657"}],"wp:attachment":[{"href":"https:\/\/www.delicias-uk.com\/pt-pt\/wp-json\/wp\/v2\/media?parent=235655"}],"wp:term":[{"taxonomy":"pwb-brand","embeddable":true,"href":"https:\/\/www.delicias-uk.com\/pt-pt\/wp-json\/wp\/v2\/pwb-brand?post=235655"},{"taxonomy":"product_brand","embeddable":true,"href":"https:\/\/www.delicias-uk.com\/pt-pt\/wp-json\/wp\/v2\/product_brand?post=235655"},{"taxonomy":"product_cat","embeddable":true,"href":"https:\/\/www.delicias-uk.com\/pt-pt\/wp-json\/wp\/v2\/product_cat?post=235655"},{"taxonomy":"product_tag","embeddable":true,"href":"https:\/\/www.delicias-uk.com\/pt-pt\/wp-json\/wp\/v2\/product_tag?post=235655"}],"curies":[{"name":"wp","href":"https:\/\/api.w.org\/{rel}","templated":true}]}}