{"id":235653,"date":"2025-09-18T12:12:30","date_gmt":"2025-09-18T11:12:30","guid":{"rendered":"https:\/\/www.delicias-uk.com\/?post_type=product&#038;p=235653"},"modified":"2025-09-18T12:12:31","modified_gmt":"2025-09-18T11:12:31","slug":"the-foxtale-dry-gin-40-70cl","status":"publish","type":"product","link":"https:\/\/www.delicias-uk.com\/pt-pt\/produto\/the-foxtale-dry-gin-40-70cl\/","title":{"rendered":"The Foxtale Dry-Gin 40% 70cl"},"content":{"rendered":"<h3 data-start=\"130\" data-end=\"173\">The FoxTale Dry \u2013 \u00danico &amp; Equilibrado<\/h3>\n<p data-start=\"175\" data-end=\"492\"><strong data-start=\"175\" data-end=\"184\">\u00danico<\/strong><br data-start=\"184\" data-end=\"187\" \/>O car\u00e1ter distinto do <strong data-start=\"209\" data-end=\"232\">The FoxTale Dry Gin<\/strong> cria o cen\u00e1rio perfeito para momentos inesquec\u00edveis e conex\u00f5es aut\u00eanticas. Admirado por verdadeiros apreciadores de gin, revela novas dimens\u00f5es de sabor quando harmonizado com um toque de casca de laranja ou lim\u00e3o \u2013 mas mant\u00e9m sempre a sua identidade \u00fanica.<\/p>\n<p data-start=\"494\" data-end=\"684\"><strong data-start=\"494\" data-end=\"509\">Equilibrado<\/strong><br data-start=\"509\" data-end=\"512\" \/>Um blend perfeitamente harmonioso de bot\u00e2nicos, marcado pelo sabor intenso do zimbro e pelas notas c\u00edtricas do cardamomo e da laranja. Um cl\u00e1ssico, elevado a outro n\u00edvel.<\/p>\n<ul data-start=\"686\" data-end=\"732\">\n<li data-start=\"686\" data-end=\"715\">\n<p data-start=\"688\" data-end=\"715\"><strong data-start=\"688\" data-end=\"699\">Origem:<\/strong> Portugal <\/p>\n<\/li>\n<li data-start=\"716\" data-end=\"732\">\n<p data-start=\"718\" data-end=\"732\"><strong data-start=\"718\" data-end=\"726\">ABV:<\/strong> 40%<\/p>\n<\/li>\n<\/ul>\n<h3 data-start=\"739\" data-end=\"785\">Descubra o novo sabor do seu Gin T\u00f3nico!<\/h3>\n<p data-start=\"787\" data-end=\"1009\">Feito com ingredientes criteriosamente selecionados de origem portuguesa, o <strong data-start=\"863\" data-end=\"882\">The FoxTale Gin<\/strong> combina inova\u00e7\u00e3o com a riqueza da tradi\u00e7\u00e3o nacional. \u00c9 o toque refrescante e surpreendente por tr\u00e1s do Gin n\u00ba 1 de Portugal.<\/p>\n<p data-start=\"1011\" data-end=\"1099\">\u2728 Experimente e diga-nos: qual \u00e9 o seu favorito?<br data-start=\"1059\" data-end=\"1062\" \/>Refresque a forma como pensa o gin.<\/p>\n<p data-start=\"1101\" data-end=\"1191\"><strong data-start=\"1101\" data-end=\"1118\">\u201cAssim, gin!\u201d<\/strong><br data-start=\"1118\" data-end=\"1121\" \/>(\u00c9 assim que dizemos em Portugal\u2026 <em data-start=\"1155\" data-end=\"1188\">\u201cagora sim, este \u00e9 um bom gin!\u201d<\/em>)<\/p>\n","protected":false},"excerpt":{"rendered":"<ul>\n<li data-start=\"145\" data-end=\"192\">Blend \u00fanico de zimbro, cardamomo e laranja<\/li>\n<li data-start=\"195\" data-end=\"242\">Ganha novas dimens\u00f5es com um toque c\u00edtrico<\/li>\n<li data-start=\"245\" data-end=\"303\">Perfeito para um gin t\u00f3nico refrescante e sofisticado<\/li>\n<li data-start=\"245\" data-end=\"303\">O Gin n\u00ba 1 de Portugal \u2013 The FoxTale<\/li>\n<li data-start=\"245\" data-end=\"303\">40% ABV para um sabor intenso e equilibrado<\/li>\n<\/ul>\n","protected":false},"author":43538,"featured_media":235642,"comment_status":"closed","ping_status":"closed","template":"","meta":[],"pwb-brand":[],"product_brand":[],"product_cat":[9346,8289,8291,8417,8459],"product_tag":[],"class_list":{"0":"post-235653","1":"product","2":"type-product","3":"status-publish","4":"has-post-thumbnail","6":"product_cat-gin-pt-pt","7":"product_cat-inicio","8":"product_cat-produtos-portugueses","9":"product_cat-espirituosas-licor","10":"product_cat-gin-vodka-pt-pt","12":"first","13":"instock","14":"taxable","15":"shipping-taxable","16":"purchasable","17":"product-type-simple"},"aioseo_notices":[],"brands":[],"_links":{"self":[{"href":"https:\/\/www.delicias-uk.com\/pt-pt\/wp-json\/wp\/v2\/product\/235653","targetHints":{"allow":["GET"]}}],"collection":[{"href":"https:\/\/www.delicias-uk.com\/pt-pt\/wp-json\/wp\/v2\/product"}],"about":[{"href":"https:\/\/www.delicias-uk.com\/pt-pt\/wp-json\/wp\/v2\/types\/product"}],"author":[{"embeddable":true,"href":"https:\/\/www.delicias-uk.com\/pt-pt\/wp-json\/wp\/v2\/users\/43538"}],"replies":[{"embeddable":true,"href":"https:\/\/www.delicias-uk.com\/pt-pt\/wp-json\/wp\/v2\/comments?post=235653"}],"wp:featuredmedia":[{"embeddable":true,"href":"https:\/\/www.delicias-uk.com\/pt-pt\/wp-json\/wp\/v2\/media\/235642"}],"wp:attachment":[{"href":"https:\/\/www.delicias-uk.com\/pt-pt\/wp-json\/wp\/v2\/media?parent=235653"}],"wp:term":[{"taxonomy":"pwb-brand","embeddable":true,"href":"https:\/\/www.delicias-uk.com\/pt-pt\/wp-json\/wp\/v2\/pwb-brand?post=235653"},{"taxonomy":"product_brand","embeddable":true,"href":"https:\/\/www.delicias-uk.com\/pt-pt\/wp-json\/wp\/v2\/product_brand?post=235653"},{"taxonomy":"product_cat","embeddable":true,"href":"https:\/\/www.delicias-uk.com\/pt-pt\/wp-json\/wp\/v2\/product_cat?post=235653"},{"taxonomy":"product_tag","embeddable":true,"href":"https:\/\/www.delicias-uk.com\/pt-pt\/wp-json\/wp\/v2\/product_tag?post=235653"}],"curies":[{"name":"wp","href":"https:\/\/api.w.org\/{rel}","templated":true}]}}