{"id":235532,"date":"2025-09-16T16:59:26","date_gmt":"2025-09-16T15:59:26","guid":{"rendered":"https:\/\/www.delicias-uk.com\/?post_type=product&#038;p=235532"},"modified":"2025-10-03T20:06:33","modified_gmt":"2025-10-03T19:06:33","slug":"cabeca-de-porco-fumada-desossada-porminho-%c2%b11kg","status":"publish","type":"product","link":"https:\/\/www.delicias-uk.com\/pt-pt\/produto\/cabeca-de-porco-fumada-desossada-porminho-%c2%b11kg\/","title":{"rendered":"Cabe\u00e7a de Porco Fumada Desossada Porminho  \u00b11kg"},"content":{"rendered":"<p data-start=\"47\" data-end=\"99\"><strong data-start=\"47\" data-end=\"97\">Porminho Cabe\u00e7a de Porco Fumada Desossada \u00b11kg<\/strong><\/p>\n<p data-start=\"101\" data-end=\"348\">Descubra o aut\u00eantico sabor da charcutaria portuguesa com a <strong data-start=\"160\" data-end=\"205\">Cabe\u00e7a de Porco Fumada Desossada Porminho<\/strong>. Cuidadosamente curada e fumada, esta pe\u00e7a premium oferece um sabor rico e intenso, perfeito para pratos tradicionais ou ocasi\u00f5es especiais.<\/p>\n<p data-start=\"350\" data-end=\"517\">Ideal para receitas cl\u00e1ssicas portuguesas, como feijoadas, cozidos ou arroz de carne, tamb\u00e9m \u00e9 deliciosa quando fatiada para sandu\u00edches, tapas ou t\u00e1buas de enchidos.<\/p>\n<p data-start=\"519\" data-end=\"700\">A embalagem de aproximadamente <strong data-start=\"550\" data-end=\"557\">1kg<\/strong> \u00e9 pr\u00e1tica e generosa, garantindo por\u00e7\u00f5es suficientes para refei\u00e7\u00f5es em fam\u00edlia, encontros festivos ou para ser apreciada em v\u00e1rias ocasi\u00f5es.<\/p>\n<p data-start=\"702\" data-end=\"840\" data-is-only-node=\"\">Com a tradi\u00e7\u00e3o e o compromisso de qualidade da <strong data-start=\"749\" data-end=\"761\">Porminho<\/strong>, cada fatia traz \u00e0 sua mesa a verdadeira ess\u00eancia da charcutaria portuguesa.<\/p>\n","protected":false},"excerpt":{"rendered":"<ul>\n<li data-start=\"149\" data-end=\"217\">Aut\u00eantica charcutaria portuguesa, cuidadosamente curada e fumada<\/li>\n<li data-start=\"149\" data-end=\"217\">Sabor rico e intenso, perfeito para pratos tradicionais<\/li>\n<li data-start=\"149\" data-end=\"217\">Vers\u00e1til: ideal para feijoadas, cozidos, arroz de carne, sandu\u00edches, tapas ou t\u00e1buas de enchidos<\/li>\n<li data-start=\"149\" data-end=\"217\">Embalagem de aproximadamente 1kg \u2013 pr\u00e1tica e generosa para refei\u00e7\u00f5es familiares ou celebra\u00e7\u00f5es<\/li>\n<li data-start=\"149\" data-end=\"217\">Tradi\u00e7\u00e3o e compromisso de qualidade Porminho, garantindo autenticidade e sabor<\/li>\n<\/ul>\n","protected":false},"author":43538,"featured_media":235531,"comment_status":"closed","ping_status":"closed","template":"","meta":[],"pwb-brand":[],"product_brand":[],"product_cat":[8291,8337,8671],"product_tag":[],"class_list":{"0":"post-235532","1":"product","2":"type-product","3":"status-publish","4":"has-post-thumbnail","6":"product_cat-produtos-portugueses","7":"product_cat-charcutaria","8":"product_cat-fumado","10":"first","11":"outofstock","12":"taxable","13":"shipping-taxable","14":"purchasable","15":"product-type-simple"},"aioseo_notices":[],"brands":[],"_links":{"self":[{"href":"https:\/\/www.delicias-uk.com\/pt-pt\/wp-json\/wp\/v2\/product\/235532","targetHints":{"allow":["GET"]}}],"collection":[{"href":"https:\/\/www.delicias-uk.com\/pt-pt\/wp-json\/wp\/v2\/product"}],"about":[{"href":"https:\/\/www.delicias-uk.com\/pt-pt\/wp-json\/wp\/v2\/types\/product"}],"author":[{"embeddable":true,"href":"https:\/\/www.delicias-uk.com\/pt-pt\/wp-json\/wp\/v2\/users\/43538"}],"replies":[{"embeddable":true,"href":"https:\/\/www.delicias-uk.com\/pt-pt\/wp-json\/wp\/v2\/comments?post=235532"}],"wp:featuredmedia":[{"embeddable":true,"href":"https:\/\/www.delicias-uk.com\/pt-pt\/wp-json\/wp\/v2\/media\/235531"}],"wp:attachment":[{"href":"https:\/\/www.delicias-uk.com\/pt-pt\/wp-json\/wp\/v2\/media?parent=235532"}],"wp:term":[{"taxonomy":"pwb-brand","embeddable":true,"href":"https:\/\/www.delicias-uk.com\/pt-pt\/wp-json\/wp\/v2\/pwb-brand?post=235532"},{"taxonomy":"product_brand","embeddable":true,"href":"https:\/\/www.delicias-uk.com\/pt-pt\/wp-json\/wp\/v2\/product_brand?post=235532"},{"taxonomy":"product_cat","embeddable":true,"href":"https:\/\/www.delicias-uk.com\/pt-pt\/wp-json\/wp\/v2\/product_cat?post=235532"},{"taxonomy":"product_tag","embeddable":true,"href":"https:\/\/www.delicias-uk.com\/pt-pt\/wp-json\/wp\/v2\/product_tag?post=235532"}],"curies":[{"name":"wp","href":"https:\/\/api.w.org\/{rel}","templated":true}]}}