{"id":235522,"date":"2025-09-16T16:36:22","date_gmt":"2025-09-16T15:36:22","guid":{"rendered":"https:\/\/www.delicias-uk.com\/?post_type=product&#038;p=235522"},"modified":"2025-09-16T16:36:22","modified_gmt":"2025-09-16T15:36:22","slug":"pernil-de-porco-fumado-porminho-1-2kg","status":"publish","type":"product","link":"https:\/\/www.delicias-uk.com\/pt-pt\/produto\/pernil-de-porco-fumado-porminho-1-2kg\/","title":{"rendered":"Pernil de Porco Fumado Porminho +\/-1.2Kg"},"content":{"rendered":"<p data-start=\"87\" data-end=\"124\"><strong data-start=\"87\" data-end=\"122\">Porminho Pernil de Porco Fumado<\/strong><\/p>\n<p data-start=\"126\" data-end=\"333\">Descubra o aut\u00eantico sabor da charcutaria portuguesa com o <strong data-start=\"185\" data-end=\"220\">Porminho Pernil de Porco Fumado<\/strong>. Cuidadosamente curado e fumado, este corte premium oferece um sabor rico e intenso que real\u00e7a qualquer prato.<\/p>\n<p data-start=\"335\" data-end=\"497\">Perfeito para receitas tradicionais como cozidos, feijoadas ou arroz de carne, tamb\u00e9m pode ser fatiado e servido em sandu\u00edches, tapas ou numa t\u00e1bua de enchidos.<\/p>\n<p data-start=\"499\" data-end=\"654\">A pr\u00e1tica embalagem de <strong data-start=\"522\" data-end=\"531\">1,2kg<\/strong> garante uma por\u00e7\u00e3o generosa, ideal para refei\u00e7\u00f5es em fam\u00edlia, celebra\u00e7\u00f5es festivas ou para desfrutar em v\u00e1rias ocasi\u00f5es.<\/p>\n<p data-start=\"656\" data-end=\"794\">Com a tradi\u00e7\u00e3o e o compromisso de qualidade da <strong data-start=\"703\" data-end=\"715\">Porminho<\/strong>, cada fatia traz \u00e0 sua mesa a verdadeira ess\u00eancia da charcutaria portuguesa.<\/p>\n","protected":false},"excerpt":{"rendered":"<ul>\n<li data-start=\"95\" data-end=\"170\">Aut\u00eantica charcutaria portuguesa, curada e fumada com qualidade premium<\/li>\n<li data-start=\"173\" data-end=\"229\">Sabor fumado rico e intenso que eleva qualquer prato<\/li>\n<li data-start=\"232\" data-end=\"324\">Vers\u00e1til: ideal para cozidos, feijoadas, arroz de carne ou fatiado em tapas e sandu\u00edches<\/li>\n<li data-start=\"232\" data-end=\"324\">Embalagem generosa \u2013 perfeita para refei\u00e7\u00f5es em fam\u00edlia ou celebra\u00e7\u00f5es festivas<\/li>\n<li data-start=\"422\" data-end=\"474\">Tradi\u00e7\u00e3o e compromisso de excel\u00eancia da Porminho<\/li>\n<\/ul>\n","protected":false},"author":43538,"featured_media":235520,"comment_status":"closed","ping_status":"closed","template":"","meta":[],"pwb-brand":[],"product_brand":[],"product_cat":[8291,8337,8671],"product_tag":[],"class_list":{"0":"post-235522","1":"product","2":"type-product","3":"status-publish","4":"has-post-thumbnail","6":"product_cat-produtos-portugueses","7":"product_cat-charcutaria","8":"product_cat-fumado","10":"first","11":"instock","12":"taxable","13":"shipping-taxable","14":"purchasable","15":"product-type-simple"},"aioseo_notices":[],"brands":[],"_links":{"self":[{"href":"https:\/\/www.delicias-uk.com\/pt-pt\/wp-json\/wp\/v2\/product\/235522","targetHints":{"allow":["GET"]}}],"collection":[{"href":"https:\/\/www.delicias-uk.com\/pt-pt\/wp-json\/wp\/v2\/product"}],"about":[{"href":"https:\/\/www.delicias-uk.com\/pt-pt\/wp-json\/wp\/v2\/types\/product"}],"author":[{"embeddable":true,"href":"https:\/\/www.delicias-uk.com\/pt-pt\/wp-json\/wp\/v2\/users\/43538"}],"replies":[{"embeddable":true,"href":"https:\/\/www.delicias-uk.com\/pt-pt\/wp-json\/wp\/v2\/comments?post=235522"}],"wp:featuredmedia":[{"embeddable":true,"href":"https:\/\/www.delicias-uk.com\/pt-pt\/wp-json\/wp\/v2\/media\/235520"}],"wp:attachment":[{"href":"https:\/\/www.delicias-uk.com\/pt-pt\/wp-json\/wp\/v2\/media?parent=235522"}],"wp:term":[{"taxonomy":"pwb-brand","embeddable":true,"href":"https:\/\/www.delicias-uk.com\/pt-pt\/wp-json\/wp\/v2\/pwb-brand?post=235522"},{"taxonomy":"product_brand","embeddable":true,"href":"https:\/\/www.delicias-uk.com\/pt-pt\/wp-json\/wp\/v2\/product_brand?post=235522"},{"taxonomy":"product_cat","embeddable":true,"href":"https:\/\/www.delicias-uk.com\/pt-pt\/wp-json\/wp\/v2\/product_cat?post=235522"},{"taxonomy":"product_tag","embeddable":true,"href":"https:\/\/www.delicias-uk.com\/pt-pt\/wp-json\/wp\/v2\/product_tag?post=235522"}],"curies":[{"name":"wp","href":"https:\/\/api.w.org\/{rel}","templated":true}]}}