{"id":234908,"date":"2025-09-05T17:47:03","date_gmt":"2025-09-05T16:47:03","guid":{"rendered":"https:\/\/www.delicias-uk.com\/?post_type=product&#038;p=234908"},"modified":"2025-11-28T19:21:16","modified_gmt":"2025-11-28T19:21:16","slug":"pickles-mistos-qampo-420g","status":"publish","type":"product","link":"https:\/\/www.delicias-uk.com\/pt-pt\/produto\/pickles-mistos-qampo-420g\/","title":{"rendered":"Pickles Mistos Qampo 420g"},"content":{"rendered":"<p data-start=\"190\" data-end=\"236\"><strong data-start=\"190\" data-end=\"234\">Qampo Conserva de Pickles Mistos \u2013 420 g<\/strong><\/p>\n<p data-start=\"238\" data-end=\"471\">Desfrute do sabor aut\u00eantico dos <strong data-start=\"270\" data-end=\"294\">pickles mistos Qampo<\/strong>, cuidadosamente selecionados e conservados para manter frescura, croc\u00e2ncia e sabor intenso. Uma combina\u00e7\u00e3o perfeita de vegetais que trazem mais cor e sabor \u00e0s suas refei\u00e7\u00f5es.<\/p>\n<p data-start=\"473\" data-end=\"676\">Ideais como <strong data-start=\"485\" data-end=\"514\">aperitivo, snack saud\u00e1vel<\/strong> ou acompanhamento de <strong data-start=\"536\" data-end=\"583\">sandu\u00edches, saladas e pratos mediterr\u00e2nicos<\/strong>, os pickles Qampo s\u00e3o pr\u00e1ticos e prontos a consumir, tornando cada refei\u00e7\u00e3o mais saborosa.<\/p>\n<p data-start=\"678\" data-end=\"817\">\u2714 Pickles mistos de alta qualidade<br data-start=\"712\" data-end=\"715\" \/>\u2714 Crocantes e saborosos<br data-start=\"738\" data-end=\"741\" \/>\u2714 Snack saud\u00e1vel e vers\u00e1til<br data-start=\"768\" data-end=\"771\" \/>\u2714 Prontos a servir \u2013 basta abrir e desfrutar<\/p>\n","protected":false},"excerpt":{"rendered":"<ul>\n<li>Pickles mistos de alta qualidade<\/li>\n<li>Crocantes e saborosos<\/li>\n<li>Snack saud\u00e1vel e vers\u00e1til<\/li>\n<li>Prontos a servir \u2013 basta abrir e desfrutar<\/li>\n<\/ul>\n","protected":false},"author":43538,"featured_media":234912,"comment_status":"open","ping_status":"closed","template":"","meta":[],"pwb-brand":[],"product_brand":[],"product_cat":[9325,8291,8395,8583],"product_tag":[],"class_list":{"0":"post-234908","1":"product","2":"type-product","3":"status-publish","4":"has-post-thumbnail","6":"product_cat-pickles-conservas","7":"product_cat-produtos-portugueses","8":"product_cat-mercearia","9":"product_cat-temperos-molhos-e-marinada","11":"first","12":"instock","13":"taxable","14":"shipping-taxable","15":"purchasable","16":"product-type-simple"},"aioseo_notices":[],"brands":[],"_links":{"self":[{"href":"https:\/\/www.delicias-uk.com\/pt-pt\/wp-json\/wp\/v2\/product\/234908","targetHints":{"allow":["GET"]}}],"collection":[{"href":"https:\/\/www.delicias-uk.com\/pt-pt\/wp-json\/wp\/v2\/product"}],"about":[{"href":"https:\/\/www.delicias-uk.com\/pt-pt\/wp-json\/wp\/v2\/types\/product"}],"author":[{"embeddable":true,"href":"https:\/\/www.delicias-uk.com\/pt-pt\/wp-json\/wp\/v2\/users\/43538"}],"replies":[{"embeddable":true,"href":"https:\/\/www.delicias-uk.com\/pt-pt\/wp-json\/wp\/v2\/comments?post=234908"}],"wp:featuredmedia":[{"embeddable":true,"href":"https:\/\/www.delicias-uk.com\/pt-pt\/wp-json\/wp\/v2\/media\/234912"}],"wp:attachment":[{"href":"https:\/\/www.delicias-uk.com\/pt-pt\/wp-json\/wp\/v2\/media?parent=234908"}],"wp:term":[{"taxonomy":"pwb-brand","embeddable":true,"href":"https:\/\/www.delicias-uk.com\/pt-pt\/wp-json\/wp\/v2\/pwb-brand?post=234908"},{"taxonomy":"product_brand","embeddable":true,"href":"https:\/\/www.delicias-uk.com\/pt-pt\/wp-json\/wp\/v2\/product_brand?post=234908"},{"taxonomy":"product_cat","embeddable":true,"href":"https:\/\/www.delicias-uk.com\/pt-pt\/wp-json\/wp\/v2\/product_cat?post=234908"},{"taxonomy":"product_tag","embeddable":true,"href":"https:\/\/www.delicias-uk.com\/pt-pt\/wp-json\/wp\/v2\/product_tag?post=234908"}],"curies":[{"name":"wp","href":"https:\/\/api.w.org\/{rel}","templated":true}]}}