{"id":234875,"date":"2025-09-05T15:26:01","date_gmt":"2025-09-05T14:26:01","guid":{"rendered":"https:\/\/www.delicias-uk.com\/?post_type=product&#038;p=234875"},"modified":"2026-03-07T18:58:55","modified_gmt":"2026-03-07T18:58:55","slug":"azeitona-preta-qampo-210-gr","status":"publish","type":"product","link":"https:\/\/www.delicias-uk.com\/pt-pt\/produto\/azeitona-preta-qampo-210-gr\/","title":{"rendered":"Azeitona Preta Qampo 210g"},"content":{"rendered":"<p data-start=\"166\" data-end=\"202\"><strong data-start=\"166\" data-end=\"200\">Qampo Azeitonas Pretas \u2013 210 g<\/strong><\/p>\n<p data-start=\"204\" data-end=\"430\">As tradicionais <strong data-start=\"220\" data-end=\"252\">azeitonas pretas portuguesas<\/strong>, selecionadas pela sua qualidade e sabor \u00fanico. Conservadas no ponto certo para manter a textura firme e o paladar aut\u00eantico, s\u00e3o ideais para dar mais sabor \u00e0s suas refei\u00e7\u00f5es.<\/p>\n<p data-start=\"432\" data-end=\"580\">Deliciosas em <strong data-start=\"446\" data-end=\"498\">saladas, pizzas, massas, tapas ou como aperitivo<\/strong>, as Azeitonas Pretas Qampo s\u00e3o pr\u00e1ticas, vers\u00e1teis e j\u00e1 est\u00e3o prontas a servir.<\/p>\n<p data-start=\"582\" data-end=\"690\">\u2714 Sabor aut\u00eantico portugu\u00eas<br data-start=\"609\" data-end=\"612\" \/>\u2714 Snack saud\u00e1vel e vers\u00e1til<br data-start=\"639\" data-end=\"642\" \/>\u2714 Prontas a consumir \u2013 basta abrir e desfrutar<\/p>\n","protected":false},"excerpt":{"rendered":"<ul>\n<li>Sabor aut\u00eantico portugu\u00eas<\/li>\n<li>Snack saud\u00e1vel e vers\u00e1til<\/li>\n<li>Prontas a consumir \u2013 basta abrir e desfrutar<\/li>\n<\/ul>\n","protected":false},"author":43538,"featured_media":234871,"comment_status":"closed","ping_status":"closed","template":"","meta":[],"pwb-brand":[],"product_brand":[],"product_cat":[8291,8403,8521],"product_tag":[],"class_list":{"0":"post-234875","1":"product","2":"type-product","3":"status-publish","4":"has-post-thumbnail","6":"product_cat-produtos-portugueses","7":"product_cat-azeitona-azeite-vinagre","8":"product_cat-azeitonas-pt-pt","10":"first","11":"instock","12":"taxable","13":"shipping-taxable","14":"purchasable","15":"product-type-simple"},"aioseo_notices":[],"brands":[],"_links":{"self":[{"href":"https:\/\/www.delicias-uk.com\/pt-pt\/wp-json\/wp\/v2\/product\/234875","targetHints":{"allow":["GET"]}}],"collection":[{"href":"https:\/\/www.delicias-uk.com\/pt-pt\/wp-json\/wp\/v2\/product"}],"about":[{"href":"https:\/\/www.delicias-uk.com\/pt-pt\/wp-json\/wp\/v2\/types\/product"}],"author":[{"embeddable":true,"href":"https:\/\/www.delicias-uk.com\/pt-pt\/wp-json\/wp\/v2\/users\/43538"}],"replies":[{"embeddable":true,"href":"https:\/\/www.delicias-uk.com\/pt-pt\/wp-json\/wp\/v2\/comments?post=234875"}],"wp:featuredmedia":[{"embeddable":true,"href":"https:\/\/www.delicias-uk.com\/pt-pt\/wp-json\/wp\/v2\/media\/234871"}],"wp:attachment":[{"href":"https:\/\/www.delicias-uk.com\/pt-pt\/wp-json\/wp\/v2\/media?parent=234875"}],"wp:term":[{"taxonomy":"pwb-brand","embeddable":true,"href":"https:\/\/www.delicias-uk.com\/pt-pt\/wp-json\/wp\/v2\/pwb-brand?post=234875"},{"taxonomy":"product_brand","embeddable":true,"href":"https:\/\/www.delicias-uk.com\/pt-pt\/wp-json\/wp\/v2\/product_brand?post=234875"},{"taxonomy":"product_cat","embeddable":true,"href":"https:\/\/www.delicias-uk.com\/pt-pt\/wp-json\/wp\/v2\/product_cat?post=234875"},{"taxonomy":"product_tag","embeddable":true,"href":"https:\/\/www.delicias-uk.com\/pt-pt\/wp-json\/wp\/v2\/product_tag?post=234875"}],"curies":[{"name":"wp","href":"https:\/\/api.w.org\/{rel}","templated":true}]}}