{"id":234864,"date":"2025-09-05T14:47:44","date_gmt":"2025-09-05T13:47:44","guid":{"rendered":"https:\/\/www.delicias-uk.com\/?post_type=product&#038;p=234864"},"modified":"2026-04-06T16:02:21","modified_gmt":"2026-04-06T15:02:21","slug":"tremocos-13-15-mm-qampo-540-g","status":"publish","type":"product","link":"https:\/\/www.delicias-uk.com\/pt-pt\/produto\/tremocos-13-15-mm-qampo-540-g\/","title":{"rendered":"Tremo\u00e7os 13\u201315 mm Qampo  540g"},"content":{"rendered":"<p data-start=\"135\" data-end=\"172\"><strong data-start=\"135\" data-end=\"170\">Qampo Tremo\u00e7os 13\u201315 mm \u2013 540 g<\/strong><\/p>\n<p data-start=\"110\" data-end=\"364\">Descubra o sabor aut\u00eantico dos <strong data-start=\"141\" data-end=\"165\">tremo\u00e7os portugueses<\/strong> \u2014 um snack tradicional muito apreciado em Portugal e em toda a regi\u00e3o mediterr\u00e2nica. A Qampo seleciona apenas tremo\u00e7os de calibre premium (13\u201315 mm), garantindo textura perfeita e sabor delicioso.<\/p>\n<p data-start=\"366\" data-end=\"637\">Ricos em <strong data-start=\"375\" data-end=\"403\">prote\u00edna vegetal e fibra<\/strong>, s\u00e3o uma alternativa saud\u00e1vel e com baixo teor de gordura em rela\u00e7\u00e3o a batatas fritas ou frutos secos. Ideais como <strong data-start=\"519\" data-end=\"546\">snack pronto a consumir<\/strong>, para acompanhar uma cerveja, um copo de vinho ou simplesmente saborear a qualquer hora.<\/p>\n<p data-start=\"639\" data-end=\"771\">\u2714 Prontos a consumir \u2013 basta abrir e servir<br data-start=\"682\" data-end=\"685\" \/>\u2714 Snack saud\u00e1vel, rico em prote\u00edna<br data-start=\"719\" data-end=\"722\" \/>\u2714 Perfeitos para partilhar com fam\u00edlia e amigos<\/p>\n","protected":false},"excerpt":{"rendered":"<ul>\n<li data-start=\"174\" data-end=\"478\">Calibre ideal 13\u201315 mm<\/li>\n<li data-start=\"174\" data-end=\"478\">Ricos em prote\u00edna e fibra<\/li>\n<li data-start=\"174\" data-end=\"478\">Escolha perfeita para acompanhar uma cerveja fresca, partilhar com amigos ou saborear como snack saud\u00e1vel a qualquer hora.<\/li>\n<li data-start=\"480\" data-end=\"524\">Prontos a consumir \u2014 basta abrir e servir!<\/li>\n<li data-start=\"480\" data-end=\"524\">Marca: Qampo<\/li>\n<\/ul>\n","protected":false},"author":43538,"featured_media":234857,"comment_status":"closed","ping_status":"closed","template":"","meta":[],"pwb-brand":[],"product_brand":[],"product_cat":[8289,8291,8395,8481,8785],"product_tag":[],"class_list":{"0":"post-234864","1":"product","2":"type-product","3":"status-publish","4":"has-post-thumbnail","6":"product_cat-inicio","7":"product_cat-produtos-portugueses","8":"product_cat-mercearia","9":"product_cat-feijao","10":"product_cat-tremocos-pt-pt","12":"first","13":"instock","14":"taxable","15":"shipping-taxable","16":"purchasable","17":"product-type-simple"},"aioseo_notices":[],"brands":[],"_links":{"self":[{"href":"https:\/\/www.delicias-uk.com\/pt-pt\/wp-json\/wp\/v2\/product\/234864","targetHints":{"allow":["GET"]}}],"collection":[{"href":"https:\/\/www.delicias-uk.com\/pt-pt\/wp-json\/wp\/v2\/product"}],"about":[{"href":"https:\/\/www.delicias-uk.com\/pt-pt\/wp-json\/wp\/v2\/types\/product"}],"author":[{"embeddable":true,"href":"https:\/\/www.delicias-uk.com\/pt-pt\/wp-json\/wp\/v2\/users\/43538"}],"replies":[{"embeddable":true,"href":"https:\/\/www.delicias-uk.com\/pt-pt\/wp-json\/wp\/v2\/comments?post=234864"}],"wp:featuredmedia":[{"embeddable":true,"href":"https:\/\/www.delicias-uk.com\/pt-pt\/wp-json\/wp\/v2\/media\/234857"}],"wp:attachment":[{"href":"https:\/\/www.delicias-uk.com\/pt-pt\/wp-json\/wp\/v2\/media?parent=234864"}],"wp:term":[{"taxonomy":"pwb-brand","embeddable":true,"href":"https:\/\/www.delicias-uk.com\/pt-pt\/wp-json\/wp\/v2\/pwb-brand?post=234864"},{"taxonomy":"product_brand","embeddable":true,"href":"https:\/\/www.delicias-uk.com\/pt-pt\/wp-json\/wp\/v2\/product_brand?post=234864"},{"taxonomy":"product_cat","embeddable":true,"href":"https:\/\/www.delicias-uk.com\/pt-pt\/wp-json\/wp\/v2\/product_cat?post=234864"},{"taxonomy":"product_tag","embeddable":true,"href":"https:\/\/www.delicias-uk.com\/pt-pt\/wp-json\/wp\/v2\/product_tag?post=234864"}],"curies":[{"name":"wp","href":"https:\/\/api.w.org\/{rel}","templated":true}]}}