{"id":234414,"date":"2025-09-01T12:50:00","date_gmt":"2025-09-01T11:50:00","guid":{"rendered":"https:\/\/www.delicias-uk.com\/?post_type=product&#038;p=234414"},"modified":"2026-03-30T12:32:49","modified_gmt":"2026-03-30T11:32:49","slug":"guarana-antarctica-zero-pet","status":"publish","type":"product","link":"https:\/\/www.delicias-uk.com\/pt-pt\/produto\/guarana-antarctica-zero-pet\/","title":{"rendered":"Guaran\u00e1 Ant\u00e1rctica Zero Pet 1L x 6"},"content":{"rendered":"<p>Feito a partir de um fruto origin\u00e1rio da Floresta Amaz\u00f4nica, Guaran\u00e1 Antarctica \u00e9 um refrigerante tipicamente brasileiro, com sabor \u00fanico, refrescante e cheio de energia, diferente de tudo que voc\u00ea j\u00e1 experimentou. N\u00e3o Cont\u00e9m Gl\u00faten.<\/p>\n","protected":false},"excerpt":{"rendered":"<ul style=\"list-style-type: disc;\">\n<li>Sem Gl\u00faten<\/li>\n<li>Sabor 100% natural<\/li>\n<li>Pronto para beber<\/li>\n<\/ul>\n","protected":false},"author":43538,"featured_media":226008,"comment_status":"open","ping_status":"closed","template":"","meta":[],"pwb-brand":[],"product_brand":[],"product_cat":[8289,8293,8415,8621],"product_tag":[],"class_list":{"0":"post-234414","1":"product","2":"type-product","3":"status-publish","4":"has-post-thumbnail","6":"product_cat-inicio","7":"product_cat-produtos-brasileiros","8":"product_cat-bebidas","9":"product_cat-refrigerantes-pt-pt","11":"first","12":"instock","13":"taxable","14":"shipping-taxable","15":"purchasable","16":"product-type-simple"},"aioseo_notices":[],"brands":[],"_links":{"self":[{"href":"https:\/\/www.delicias-uk.com\/pt-pt\/wp-json\/wp\/v2\/product\/234414","targetHints":{"allow":["GET"]}}],"collection":[{"href":"https:\/\/www.delicias-uk.com\/pt-pt\/wp-json\/wp\/v2\/product"}],"about":[{"href":"https:\/\/www.delicias-uk.com\/pt-pt\/wp-json\/wp\/v2\/types\/product"}],"author":[{"embeddable":true,"href":"https:\/\/www.delicias-uk.com\/pt-pt\/wp-json\/wp\/v2\/users\/43538"}],"replies":[{"embeddable":true,"href":"https:\/\/www.delicias-uk.com\/pt-pt\/wp-json\/wp\/v2\/comments?post=234414"}],"wp:featuredmedia":[{"embeddable":true,"href":"https:\/\/www.delicias-uk.com\/pt-pt\/wp-json\/wp\/v2\/media\/226008"}],"wp:attachment":[{"href":"https:\/\/www.delicias-uk.com\/pt-pt\/wp-json\/wp\/v2\/media?parent=234414"}],"wp:term":[{"taxonomy":"pwb-brand","embeddable":true,"href":"https:\/\/www.delicias-uk.com\/pt-pt\/wp-json\/wp\/v2\/pwb-brand?post=234414"},{"taxonomy":"product_brand","embeddable":true,"href":"https:\/\/www.delicias-uk.com\/pt-pt\/wp-json\/wp\/v2\/product_brand?post=234414"},{"taxonomy":"product_cat","embeddable":true,"href":"https:\/\/www.delicias-uk.com\/pt-pt\/wp-json\/wp\/v2\/product_cat?post=234414"},{"taxonomy":"product_tag","embeddable":true,"href":"https:\/\/www.delicias-uk.com\/pt-pt\/wp-json\/wp\/v2\/product_tag?post=234414"}],"curies":[{"name":"wp","href":"https:\/\/api.w.org\/{rel}","templated":true}]}}