{"id":233742,"date":"2025-08-22T16:31:04","date_gmt":"2025-08-22T15:31:04","guid":{"rendered":"https:\/\/www.delicias-uk.com\/?post_type=product&#038;p=233742"},"modified":"2026-02-10T13:45:23","modified_gmt":"2026-02-10T13:45:23","slug":"vinho-verde-wine-hamper-casal-garcia-copy","status":"publish","type":"product","link":"https:\/\/www.delicias-uk.com\/pt-pt\/produto\/vinho-verde-wine-hamper-casal-garcia-copy\/","title":{"rendered":"Vinho Verde Wine Hamper Anselmo Mendes"},"content":{"rendered":"<p><strong>O Minho \u00e9 uma das regi\u00f5es vin\u00edcolas mais vibrantes e distintas de Portugal, estendendo-se pelos verdes e exuberantes cen\u00e1rios do noroeste, onde o Atl\u00e2ntico traz frescura e brisas suaves \u00e0s vinhas. Moldada pelos solos gran\u00edticos, pela abundante pluviosidade e pelo clima ameno, a regi\u00e3o d\u00e1 origem a vinhos leves, frescos e cheios de vitalidade.<\/strong><\/p>\n<p>Reconhecida mundialmente pelo <strong>Vinho Verde<\/strong>, a regi\u00e3o do Minho produz vinhos frescos e arom\u00e1ticos, com uma acidez viva e, muitas vezes, um ligeiro agulha que acentua o seu car\u00e1ter jovem. Elaborados a partir de castas aut\u00f3ctones como <strong>Alvarinho, Loureiro, Arinto, Avesso e Trajadura<\/strong>, os brancos s\u00e3o especialmente celebrados pelas suas notas c\u00edtricas e florais, enquanto os ros\u00e9s revelam fruta vermelha vibrante e os tintos apresentam rusticidade aut\u00eantica.<\/p>\n<p>Cada garrafa traduz a harmonia entre tradi\u00e7\u00e3o e inova\u00e7\u00e3o, enraizada em s\u00e9culos de heran\u00e7a vitivin\u00edcola, mas perfeitamente ajustada aos paladares modernos que procuram frescura e eleg\u00e2ncia.<\/p>\n<p><strong>Os nossos cabazes exclusivos re\u00fanem o melhor do Vinho Verde \u2013 vinhos premiados, castas aut\u00eanticas e a ess\u00eancia de uma das regi\u00f5es mais refrescantes e admiradas de Portugal.<\/strong><\/p>\n<p><strong>Por que se chama Vinho Verde?<\/strong><br \/>\nA raz\u00e3o exata continua sendo um mist\u00e9rio, mas a explica\u00e7\u00e3o mais amplamente aceite tem a ver com o facto de a regi\u00e3o estar situada numa \u00e1rea repleta de vegeta\u00e7\u00e3o verdejante. Devido \u00e0 sua proximidade com o Oceano Atl\u00e2ntico, \u00e0 abund\u00e2ncia de cursos de \u00e1gua como rios e ribeiros, assim como ao clima ameno e \u00e0s elevadas precipita\u00e7\u00f5es, a Regi\u00e3o Demarcada dos Vinhos Verdes \u00e9 privilegiada em termos de recursos h\u00eddricos, transformando-a numa vasta paisagem verde. Desde florestas a campos, a regi\u00e3o \u00e9 muito f\u00e9rtil, e o verde \u00e9 a sua cor predominante.<\/p>\n<p data-start=\"84\" data-end=\"583\"><strong data-start=\"84\" data-end=\"126\">ANSELMO MENDES MUROS ANTIGOS ALVARINHO<\/strong><br data-start=\"126\" data-end=\"129\" \/>O <em data-start=\"131\" data-end=\"156\">Muros Antigos Alvarinho<\/em> \u00e9 produzido a partir da nobre casta Alvarinho, cultivada exclusivamente na sub-regi\u00e3o de Mon\u00e7\u00e3o e Melga\u00e7o. A localiza\u00e7\u00e3o privilegiada desta sub-regi\u00e3o proporciona um microclima \u00fanico, rodeado por cordilheiras montanhosas que criam a combina\u00e7\u00e3o perfeita de precipita\u00e7\u00e3o, temperatura e luminosidade, essenciais para a matura\u00e7\u00e3o ideal das uvas. A vindima ocorre cedo, garantindo a frescura arom\u00e1tica caracter\u00edstica deste vinho.<\/p>\n<p data-start=\"585\" data-end=\"827\"><strong data-start=\"585\" data-end=\"601\">Vinifica\u00e7\u00e3o:<\/strong> Uvas colhidas manualmente em pequenas caixas e transportadas rapidamente para a adega. Prensagem de uvas totalmente desenga\u00e7adas. Clarifica\u00e7\u00e3o a frio durante 48 a 72 horas. Fermenta\u00e7\u00e3o longa a baixas temperaturas (14\u201318\u00baC).<\/p>\n<p data-start=\"829\" data-end=\"1041\"><strong data-start=\"829\" data-end=\"848\">Notas de Prova:<\/strong> Notas c\u00edtricas pronunciadas (lim\u00e3o e toranja). Entrada de boca clara, direta e refrescante. Toques de casca de lim\u00e3o aliados a uma acidez viva e saborosa. Final longo e com boa persist\u00eancia.<\/p>\n<p data-start=\"1043\" data-end=\"1094\"><strong data-start=\"1043\" data-end=\"1054\">Castas:<\/strong> 100% Alvarinho<br data-start=\"1069\" data-end=\"1072\" \/><strong data-start=\"1072\" data-end=\"1083\">\u00c1lcool:<\/strong> 13% vol.<\/p>\n<hr data-start=\"1096\" data-end=\"1099\" \/>\n<p data-start=\"1101\" data-end=\"1360\"><strong data-start=\"1101\" data-end=\"1141\">ANSELMO MENDES MUROS ANTIGOS ESCOLHA<\/strong><br data-start=\"1141\" data-end=\"1144\" \/>Vinho branco obtido a partir da sele\u00e7\u00e3o de tr\u00eas das melhores castas da regi\u00e3o: Alvarinho, Loureiro e Avesso. O Alvarinho confere estrutura e corpo, o Loureiro intensidade arom\u00e1tica e o Avesso acidez e mineralidade.<\/p>\n<p data-start=\"1362\" data-end=\"1674\"><strong data-start=\"1362\" data-end=\"1378\">Vinifica\u00e7\u00e3o:<\/strong> Uvas colhidas manualmente em pequenas caixas e transportadas rapidamente para a adega. Desengace total. Prensagem suave do bago inteiro. Clarifica\u00e7\u00e3o do mosto a frio extremo. Fermenta\u00e7\u00e3o longa a baixas temperaturas (12\u201316\u00baC). Est\u00e1gio m\u00ednimo de 4 meses sobre borras finas com b\u00e2tonnage regular.<\/p>\n<p data-start=\"1676\" data-end=\"1890\"><strong data-start=\"1676\" data-end=\"1695\">Notas de Prova:<\/strong> Aroma frutado, com notas de lim\u00e3o e ma\u00e7\u00e3 combinadas com nuances de pedra molhada. Boca fresca, com excelente acidez e notas c\u00edtricas doces (principalmente tangerina). Final longo e cristalino.<\/p>\n<p data-start=\"1892\" data-end=\"1970\"><strong data-start=\"1892\" data-end=\"1903\">Castas:<\/strong> 20% Alvarinho, 40% Loureiro, 40% Avesso<br data-start=\"1943\" data-end=\"1946\" \/><strong data-start=\"1946\" data-end=\"1957\">\u00c1lcool:<\/strong> 12,5% vol.<\/p>\n<p data-start=\"41\" data-end=\"62\"><strong data-start=\"41\" data-end=\"60\">Cabaz de Vinhos<\/strong><\/p>\n<ul data-start=\"64\" data-end=\"243\">\n<li data-start=\"64\" data-end=\"114\">\n<p data-start=\"66\" data-end=\"114\">1 garrafa de Muros Antigos Alvarinho<\/p>\n<\/li>\n<li data-start=\"115\" data-end=\"174\">\n<p data-start=\"117\" data-end=\"174\">1 garrafa de Muros Antigos Escolha<\/p>\n<\/li>\n<\/ul>\n","protected":false},"excerpt":{"rendered":"<ul>\n<li>O melhor de Lisboa \u2013 vinhos premiados, castas aut\u00eanticas.<\/li>\n<li>Cada garrafa de Lisboa traduz o encontro entre tradi\u00e7\u00e3o e inova\u00e7\u00e3o, refletindo a influ\u00eancia atl\u00e2ntica, a riqueza de terroirs e a heran\u00e7a de s\u00e9culos de produ\u00e7\u00e3o vitivin\u00edcola.<\/li>\n<li>Wine Hamper: 1 garrafa de Muros Antigos Alvarinho e 1 garrafa de Muros Antigos Escolha<\/li>\n<\/ul>\n","protected":false},"author":43538,"featured_media":233744,"comment_status":"closed","ping_status":"closed","template":"","meta":[],"pwb-brand":[],"product_brand":[],"product_cat":[8289,8291,8431,8645],"product_tag":[],"class_list":{"0":"post-233742","1":"product","2":"type-product","3":"status-publish","4":"has-post-thumbnail","6":"product_cat-inicio","7":"product_cat-produtos-portugueses","8":"product_cat-vinhos-pt-pt","9":"product_cat-cabaz-de-vinho","11":"first","12":"outofstock","13":"taxable","14":"shipping-taxable","15":"purchasable","16":"product-type-simple"},"aioseo_notices":[],"brands":[],"_links":{"self":[{"href":"https:\/\/www.delicias-uk.com\/pt-pt\/wp-json\/wp\/v2\/product\/233742","targetHints":{"allow":["GET"]}}],"collection":[{"href":"https:\/\/www.delicias-uk.com\/pt-pt\/wp-json\/wp\/v2\/product"}],"about":[{"href":"https:\/\/www.delicias-uk.com\/pt-pt\/wp-json\/wp\/v2\/types\/product"}],"author":[{"embeddable":true,"href":"https:\/\/www.delicias-uk.com\/pt-pt\/wp-json\/wp\/v2\/users\/43538"}],"replies":[{"embeddable":true,"href":"https:\/\/www.delicias-uk.com\/pt-pt\/wp-json\/wp\/v2\/comments?post=233742"}],"wp:featuredmedia":[{"embeddable":true,"href":"https:\/\/www.delicias-uk.com\/pt-pt\/wp-json\/wp\/v2\/media\/233744"}],"wp:attachment":[{"href":"https:\/\/www.delicias-uk.com\/pt-pt\/wp-json\/wp\/v2\/media?parent=233742"}],"wp:term":[{"taxonomy":"pwb-brand","embeddable":true,"href":"https:\/\/www.delicias-uk.com\/pt-pt\/wp-json\/wp\/v2\/pwb-brand?post=233742"},{"taxonomy":"product_brand","embeddable":true,"href":"https:\/\/www.delicias-uk.com\/pt-pt\/wp-json\/wp\/v2\/product_brand?post=233742"},{"taxonomy":"product_cat","embeddable":true,"href":"https:\/\/www.delicias-uk.com\/pt-pt\/wp-json\/wp\/v2\/product_cat?post=233742"},{"taxonomy":"product_tag","embeddable":true,"href":"https:\/\/www.delicias-uk.com\/pt-pt\/wp-json\/wp\/v2\/product_tag?post=233742"}],"curies":[{"name":"wp","href":"https:\/\/api.w.org\/{rel}","templated":true}]}}