{"id":233722,"date":"2025-08-22T14:53:16","date_gmt":"2025-08-22T13:53:16","guid":{"rendered":"https:\/\/www.delicias-uk.com\/?post_type=product&#038;p=233722"},"modified":"2025-09-27T15:59:07","modified_gmt":"2025-09-27T14:59:07","slug":"vinho-verde-wine-hamper-casal-garcia","status":"publish","type":"product","link":"https:\/\/www.delicias-uk.com\/pt-pt\/produto\/vinho-verde-wine-hamper-casal-garcia\/","title":{"rendered":"Vinho Verde Wine Hamper Casal Garcia"},"content":{"rendered":"<p><strong>O Minho \u00e9 uma das regi\u00f5es vin\u00edcolas mais vibrantes e distintas de Portugal, estendendo-se pelos verdes e exuberantes cen\u00e1rios do noroeste, onde o Atl\u00e2ntico traz frescura e brisas suaves \u00e0s vinhas. Moldada pelos solos gran\u00edticos, pela abundante pluviosidade e pelo clima ameno, a regi\u00e3o d\u00e1 origem a vinhos leves, frescos e cheios de vitalidade.<\/strong><\/p>\n<p>Reconhecida mundialmente pelo <strong>Vinho Verde<\/strong>, a regi\u00e3o do Minho produz vinhos frescos e arom\u00e1ticos, com uma acidez viva e, muitas vezes, um ligeiro agulha que acentua o seu car\u00e1ter jovem. Elaborados a partir de castas aut\u00f3ctones como <strong>Alvarinho, Loureiro, Arinto, Avesso e Trajadura<\/strong>, os brancos s\u00e3o especialmente celebrados pelas suas notas c\u00edtricas e florais, enquanto os ros\u00e9s revelam fruta vermelha vibrante e os tintos apresentam rusticidade aut\u00eantica.<\/p>\n<p>Cada garrafa traduz a harmonia entre tradi\u00e7\u00e3o e inova\u00e7\u00e3o, enraizada em s\u00e9culos de heran\u00e7a vitivin\u00edcola, mas perfeitamente ajustada aos paladares modernos que procuram frescura e eleg\u00e2ncia.<\/p>\n<p><strong>Os nossos cabazes exclusivos re\u00fanem o melhor do Vinho Verde \u2013 vinhos premiados, castas aut\u00eanticas e a ess\u00eancia de uma das regi\u00f5es mais refrescantes e admiradas de Portugal.<\/strong><\/p>\n<p><strong>Por que se chama Vinho Verde?<\/strong><br \/>\nA raz\u00e3o exata continua sendo um mist\u00e9rio, mas a explica\u00e7\u00e3o mais amplamente aceite tem a ver com o facto de a regi\u00e3o estar situada numa \u00e1rea repleta de vegeta\u00e7\u00e3o verdejante. Devido \u00e0 sua proximidade com o Oceano Atl\u00e2ntico, \u00e0 abund\u00e2ncia de cursos de \u00e1gua como rios e ribeiros, assim como ao clima ameno e \u00e0s elevadas precipita\u00e7\u00f5es, a Regi\u00e3o Demarcada dos Vinhos Verdes \u00e9 privilegiada em termos de recursos h\u00eddricos, transformando-a numa vasta paisagem verde. Desde florestas a campos, a regi\u00e3o \u00e9 muito f\u00e9rtil, e o verde \u00e9 a sua cor predominante.<\/p>\n<p><strong>CASAL GARCIA BRANCO<\/strong><br \/>\n<strong>Castas:<\/strong> Trajadura, Loureiro, Arinto e Fern\u00e3o Pires<br \/>\n<strong>Solo:<\/strong> Gran\u00edtico e arenoso<br \/>\n<strong>Teor alco\u00f3lico:<\/strong> 9,5% Vol.<br \/>\n<strong>Harmoniza\u00e7\u00e3o:<\/strong> Ideal com peixe, marisco, sushi, massas, pizza e saladas<br \/>\n<strong>Pr\u00e9mios:<\/strong><\/p>\n<ul>\n<li>London Awards: Medalha de Ouro \/\/ 2023<\/li>\n<li>James Suckling: 90 Pontos \/\/ 2020 | 2023<\/li>\n<li>Gilbert &amp; Gaillard International Challenge 2023<\/li>\n<\/ul>\n<p>\u00c9 a bebida ideal para todos os momentos de alegria, devido ao seu perfil \u00fanico e refrescante:<\/p>\n<ul>\n<li>Vinho Verde n\u00ba 1 do mundo<\/li>\n<li>Baixo teor alco\u00f3lico e cal\u00f3rico<\/li>\n<li>Perfil refrescante<\/li>\n<li>Vinho jovem e macio<\/li>\n<\/ul>\n<p><strong>CASAL GARCIA ROS\u00c9<\/strong><br \/>\nUm ros\u00e9 inesquec\u00edvel, que expressa o charme e a vivacidade de Portugal. Com um perfil frutado que exibe notas deliciosas de morango e framboesa maduras, proporciona frescura e leveza. Um vinho solarengo que evoca o esp\u00edrito de um perfeito dia de ver\u00e3o, lembrando pores do sol quentes, brisas do oceano e a alegria de brindar a momentos especiais.<\/p>\n<p><strong>Castas:<\/strong> Touriga Nacional, Sous\u00e3o, Syrah, Tinta Roriz, entre outras<br \/>\n<strong>Teor alco\u00f3lico:<\/strong> 9,5% Vol.<br \/>\n<strong>Notas de Prova:<\/strong><\/p>\n<ul>\n<li><strong>Cor:<\/strong> Rosada, clara, brilhante e ligeiramente efervescente<\/li>\n<li><strong>Aroma:<\/strong> Fresco e frutado, com notas de framboesa e morango<\/li>\n<li><strong>Sabor:<\/strong> Bom equil\u00edbrio, muito fresco, jovem e frutado<\/li>\n<\/ul>\n<p><strong>Harmoniza\u00e7\u00e3o:<\/strong> Ideal com frango assado com alecrim e alho; tartar de salm\u00e3o; massa com pesto, tomate seco e burrata; sobremesas com p\u00eassego congelado<\/p>\n<p><strong>Pr\u00e9mios:<\/strong><\/p>\n<ul>\n<li>Wine Enthusiast: Best Buy<\/li>\n<li>SAKURA Japan Women\u2019s Wine Award: Prata<\/li>\n<\/ul>\n<p><strong>CASAL GARCIA TINTO<\/strong><br \/>\nUm vinho arom\u00e1tico e elegante. Com notas cativantes de frutos vermelhos maduros e um delicado toque de baunilha, revela um aroma jovem e refinado, complementado por uma textura suave. Perfeito para desfrutar acompanhado de boa conversa.<\/p>\n<p><strong>Castas:<\/strong> Touriga Nacional, Alicante Bouschet, Syrah<br \/>\n<strong>Solo:<\/strong> Argilo-calc\u00e1rio<br \/>\n<strong>Teor alco\u00f3lico:<\/strong> 13% Vol.<br \/>\n<strong>Notas de Prova:<\/strong><\/p>\n<ul>\n<li><strong>Cor:<\/strong> L\u00edmpida e brilhante, jovem e de cor granada intensa<\/li>\n<li><strong>Aroma:<\/strong> Limpo e complexo, frutado, com predomin\u00e2ncia de notas de baunilha<\/li>\n<li><strong>Sabor:<\/strong> Fresco e equilibrado, vinho macio, corpo m\u00e9dio e final longo<\/li>\n<\/ul>\n<p><strong>Harmoniza\u00e7\u00e3o:<\/strong> Ideal com massa \u00e0 bolonhesa; steak de atum com glac\u00e9 de soja e gengibre; lasanha de legumes e queijo; tabuleiro de carnes<\/p>\n<p><strong>Pr\u00e9mios:<\/strong><\/p>\n<ul>\n<li>James Suckling: 90 pontos \/\/ 2023<\/li>\n<\/ul>\n<p data-start=\"41\" data-end=\"62\"><strong data-start=\"41\" data-end=\"60\">Cabaz de Vinhos<\/strong><\/p>\n<ul data-start=\"64\" data-end=\"243\">\n<li data-start=\"64\" data-end=\"114\">\n<p data-start=\"66\" data-end=\"114\">1 garrafa de Casal Garcia Branco<\/p>\n<\/li>\n<li data-start=\"115\" data-end=\"174\">\n<p data-start=\"117\" data-end=\"174\">1 garrafa de Casal Garcia Rose<\/p>\n<\/li>\n<li data-start=\"175\" data-end=\"243\">\n<p data-start=\"177\" data-end=\"243\">1 garrafa de Casal Garcia Tinto<\/p>\n<\/li>\n<\/ul>\n","protected":false},"excerpt":{"rendered":"<ul>\n<li>O melhor de Lisboa \u2013 vinhos premiados, castas aut\u00eanticas.<\/li>\n<li>Cada garrafa de Lisboa traduz o encontro entre tradi\u00e7\u00e3o e inova\u00e7\u00e3o, refletindo a influ\u00eancia atl\u00e2ntica, a riqueza de terroirs e a heran\u00e7a de s\u00e9culos de produ\u00e7\u00e3o vitivin\u00edcola.<\/li>\n<li>Wine Hamper: 1 garrafa de Casal Garcia Branco, 1 garrafa de Casal Garcia Rose e 1 garrafa de Casal Garcia Tinto<\/li>\n<\/ul>\n","protected":false},"author":43538,"featured_media":233724,"comment_status":"closed","ping_status":"closed","template":"","meta":[],"pwb-brand":[],"product_brand":[],"product_cat":[8289,8291,8431,8645],"product_tag":[],"class_list":{"0":"post-233722","1":"product","2":"type-product","3":"status-publish","4":"has-post-thumbnail","6":"product_cat-inicio","7":"product_cat-produtos-portugueses","8":"product_cat-vinhos-pt-pt","9":"product_cat-cabaz-de-vinho","11":"first","12":"instock","13":"taxable","14":"shipping-taxable","15":"purchasable","16":"product-type-simple"},"aioseo_notices":[],"brands":[],"_links":{"self":[{"href":"https:\/\/www.delicias-uk.com\/pt-pt\/wp-json\/wp\/v2\/product\/233722","targetHints":{"allow":["GET"]}}],"collection":[{"href":"https:\/\/www.delicias-uk.com\/pt-pt\/wp-json\/wp\/v2\/product"}],"about":[{"href":"https:\/\/www.delicias-uk.com\/pt-pt\/wp-json\/wp\/v2\/types\/product"}],"author":[{"embeddable":true,"href":"https:\/\/www.delicias-uk.com\/pt-pt\/wp-json\/wp\/v2\/users\/43538"}],"replies":[{"embeddable":true,"href":"https:\/\/www.delicias-uk.com\/pt-pt\/wp-json\/wp\/v2\/comments?post=233722"}],"wp:featuredmedia":[{"embeddable":true,"href":"https:\/\/www.delicias-uk.com\/pt-pt\/wp-json\/wp\/v2\/media\/233724"}],"wp:attachment":[{"href":"https:\/\/www.delicias-uk.com\/pt-pt\/wp-json\/wp\/v2\/media?parent=233722"}],"wp:term":[{"taxonomy":"pwb-brand","embeddable":true,"href":"https:\/\/www.delicias-uk.com\/pt-pt\/wp-json\/wp\/v2\/pwb-brand?post=233722"},{"taxonomy":"product_brand","embeddable":true,"href":"https:\/\/www.delicias-uk.com\/pt-pt\/wp-json\/wp\/v2\/product_brand?post=233722"},{"taxonomy":"product_cat","embeddable":true,"href":"https:\/\/www.delicias-uk.com\/pt-pt\/wp-json\/wp\/v2\/product_cat?post=233722"},{"taxonomy":"product_tag","embeddable":true,"href":"https:\/\/www.delicias-uk.com\/pt-pt\/wp-json\/wp\/v2\/product_tag?post=233722"}],"curies":[{"name":"wp","href":"https:\/\/api.w.org\/{rel}","templated":true}]}}