{"id":233692,"date":"2025-08-22T14:02:16","date_gmt":"2025-08-22T13:02:16","guid":{"rendered":"https:\/\/www.delicias-uk.com\/?post_type=product&#038;p=233692"},"modified":"2026-02-08T17:52:19","modified_gmt":"2026-02-08T17:52:19","slug":"lisboa-wine-hamper-mina-velha-copy","status":"publish","type":"product","link":"https:\/\/www.delicias-uk.com\/pt-pt\/produto\/lisboa-wine-hamper-mina-velha-copy\/","title":{"rendered":"Vinho Verde Wine Hamper Aveleda"},"content":{"rendered":"<p><strong>O Minho \u00e9 uma das regi\u00f5es vin\u00edcolas mais vibrantes e distintas de Portugal, estendendo-se pelos verdes e exuberantes cen\u00e1rios do noroeste, onde o Atl\u00e2ntico traz frescura e brisas suaves \u00e0s vinhas. Moldada pelos solos gran\u00edticos, pela abundante pluviosidade e pelo clima ameno, a regi\u00e3o d\u00e1 origem a vinhos leves, frescos e cheios de vitalidade.<\/strong><\/p>\n<p>Reconhecida mundialmente pelo <strong>Vinho Verde<\/strong>, a regi\u00e3o do Minho produz vinhos frescos e arom\u00e1ticos, com uma acidez viva e, muitas vezes, um ligeiro agulha que acentua o seu car\u00e1ter jovem. Elaborados a partir de castas aut\u00f3ctones como <strong>Alvarinho, Loureiro, Arinto, Avesso e Trajadura<\/strong>, os brancos s\u00e3o especialmente celebrados pelas suas notas c\u00edtricas e florais, enquanto os ros\u00e9s revelam fruta vermelha vibrante e os tintos apresentam rusticidade aut\u00eantica.<\/p>\n<p>Cada garrafa traduz a harmonia entre tradi\u00e7\u00e3o e inova\u00e7\u00e3o, enraizada em s\u00e9culos de heran\u00e7a vitivin\u00edcola, mas perfeitamente ajustada aos paladares modernos que procuram frescura e eleg\u00e2ncia.<\/p>\n<p><strong>Os nossos cabazes exclusivos re\u00fanem o melhor do Vinho Verde \u2013 vinhos premiados, castas aut\u00eanticas e a ess\u00eancia de uma das regi\u00f5es mais refrescantes e admiradas de Portugal.<\/strong><\/p>\n<p><strong>Por que se chama Vinho Verde?<\/strong><br \/>\nA raz\u00e3o exata continua sendo um mist\u00e9rio, mas a explica\u00e7\u00e3o mais amplamente aceite tem a ver com o facto de a regi\u00e3o estar situada numa \u00e1rea repleta de vegeta\u00e7\u00e3o verdejante. Devido \u00e0 sua proximidade com o Oceano Atl\u00e2ntico, \u00e0 abund\u00e2ncia de cursos de \u00e1gua como rios e ribeiros, assim como ao clima ameno e \u00e0s elevadas precipita\u00e7\u00f5es, a Regi\u00e3o Demarcada dos Vinhos Verdes \u00e9 privilegiada em termos de recursos h\u00eddricos, transformando-a numa vasta paisagem verde. Desde florestas a campos, a regi\u00e3o \u00e9 muito f\u00e9rtil, e o verde \u00e9 a sua cor predominante.<\/p>\n<p><strong>AVELEDA ALVARINHO<\/strong><br \/>\nUm varietal de Alvarinho elaborado com uvas de dois terroirs diferentes, conferindo equil\u00edbrio e car\u00e1cter a esta rainha das castas brancas portuguesas.<br \/>\n<strong>Cor:<\/strong> Limpida e citrina, com reflexos dourados.<br \/>\n<strong>Aroma:<\/strong> Intenso e equilibrado, com delicadas notas de toranja, folha de laranja e flores brancas.<br \/>\n<strong>Sabor:<\/strong> Acidez equilibrada, combinando eleg\u00e2ncia e frescura, com final firme e persistente. Notas de fruta branca, casca de laranja, anan\u00e1s e flor de laranjeira.<br \/>\n<strong>Casta:<\/strong> Alvarinho<\/p>\n<p><strong>Harmoniza\u00e7\u00e3o:<\/strong><\/p>\n<ul>\n<li>Legumes gratinados<\/li>\n<li>Aperitivos: ostras e espargos com molho de manteiga<\/li>\n<li>Peixes gordos, como atum ou salm\u00e3o<\/li>\n<\/ul>\n<p><strong>Sugest\u00e3o de Servi\u00e7o:<\/strong> 10\u201312\u00baC<br \/>\n<strong>Pr\u00e9mios e Distin\u00e7\u00f5es:<\/strong><\/p>\n<ul>\n<li>2023 Decanter World Wine Awards: 91 pontos \u2013 Aveleda Alvarinho \/ Colheita 2023<\/li>\n<li>2021 James Suckling: 91 pontos \u2013 Aveleda Alvarinho \/ Colheita 2021<\/li>\n<\/ul>\n<p><strong>AVELEDA LOUREIRO &amp; ALVARINHO<\/strong><br \/>\nDa intensidade do Alvarinho e da delicadeza floral do Loureiro nasceu um romance cl\u00e1ssico. Uma uni\u00e3o perfeita, celebrada at\u00e9 hoje na atemporal Quinta da Aveleda.<br \/>\n<strong>Cor:<\/strong> Amarelo lim\u00e3o p\u00e1lido<br \/>\n<strong>Aroma:<\/strong> Aroma c\u00edtrico com notas de lima e um toque de tangerina<br \/>\n<strong>Sabor:<\/strong> Na boca apresenta muita frescura, acidez equilibrada e final longo e intenso<br \/>\n<strong>Castas:<\/strong> Loureiro e Alvarinho<\/p>\n<p><strong>Harmoniza\u00e7\u00e3o:<\/strong><\/p>\n<ul>\n<li>Saladas verdes e legumes frescos<\/li>\n<li>Frango e legumes picantes<\/li>\n<li>Peixes gordos e sushi<\/li>\n<\/ul>\n<p><strong>Sugest\u00e3o de Servi\u00e7o:<\/strong> 10\u201312\u00baC<br \/>\n<strong>Pr\u00e9mios e Distin\u00e7\u00f5es:<\/strong><\/p>\n<ul>\n<li>2023 James Suckling: 90 pontos \u2013 Aveleda Loureiro &amp; Alvarinho \/ Colheita 2023<\/li>\n<li>2022 Wine Enthusiast Best Buy \u2013 Aveleda Loureiro &amp; Alvarinho \/ Colheita 2021<\/li>\n<\/ul>\n<p><strong>AVELEDA LOUREIRO<\/strong><br \/>\nUm varietal expressivo. A sua exuber\u00e2ncia arom\u00e1tica, floral e frutada \u00e9 inconfund\u00edvel.<br \/>\n<strong>Cor:<\/strong> Verde-lim\u00e3o p\u00e1lido<br \/>\n<strong>Aroma:<\/strong> Revela notas de flor de sabugueiro e camomila, com toques de folha de lima<br \/>\n<strong>Sabor:<\/strong> Suave e mineral, com notas frutadas de mel\u00e3o e maracuj\u00e1, e final vivo e fresco<br \/>\n<strong>Casta:<\/strong> Loureiro<\/p>\n<p><strong>Harmoniza\u00e7\u00e3o:<\/strong><\/p>\n<ul>\n<li>Legumes e saladas frescas<\/li>\n<li>Pratos picantes<\/li>\n<li>Sushi e marisco<\/li>\n<\/ul>\n<p><strong>Sugest\u00e3o de Servi\u00e7o:<\/strong> 10\u201312\u00baC<br \/>\n<strong>Pr\u00e9mios e Distin\u00e7\u00f5es:<\/strong><\/p>\n<ul>\n<li>2023 James Suckling: 90 pontos \u2013 Aveleda Loureiro \/ Colheita 2021<\/li>\n<li>2020 Decanter World Wine Awards: 97 pontos \u2013 Aveleda Loureiro \/ Colheita 2020<\/li>\n<\/ul>\n<p data-start=\"41\" data-end=\"62\"><strong data-start=\"41\" data-end=\"60\">Cabaz de Vinhos<\/strong><\/p>\n<ul data-start=\"64\" data-end=\"243\">\n<li data-start=\"64\" data-end=\"114\">\n<p data-start=\"66\" data-end=\"114\">1 garrafa de Aveleda Loureiro<\/p>\n<\/li>\n<li data-start=\"115\" data-end=\"174\">\n<p data-start=\"117\" data-end=\"174\">1 garrafa de Aveleda Alvarinho<\/p>\n<\/li>\n<li data-start=\"175\" data-end=\"243\">\n<p data-start=\"177\" data-end=\"243\">1 garrafa de Aveleda\u00a0 Loureiro e Alvarinho<\/p>\n<\/li>\n<\/ul>\n","protected":false},"excerpt":{"rendered":"<ul>\n<li>O melhor de Lisboa \u2013 vinhos premiados, castas aut\u00eanticas.<\/li>\n<li>Cada garrafa de Lisboa traduz o encontro entre tradi\u00e7\u00e3o e inova\u00e7\u00e3o, refletindo a influ\u00eancia atl\u00e2ntica, a riqueza de terroirs e a heran\u00e7a de s\u00e9culos de produ\u00e7\u00e3o vitivin\u00edcola.<\/li>\n<li>Wine Hamper: 1 garrafa de Aveleda Loureiro, 1 garrafa de Aveleda Alvarinho e 1 garrafa de Aveleda\u00a0 Loureiro e Alvarinho<\/li>\n<\/ul>\n","protected":false},"author":43538,"featured_media":233694,"comment_status":"closed","ping_status":"closed","template":"","meta":[],"pwb-brand":[],"product_brand":[],"product_cat":[8289,8291,8431,8645],"product_tag":[],"class_list":{"0":"post-233692","1":"product","2":"type-product","3":"status-publish","4":"has-post-thumbnail","6":"product_cat-inicio","7":"product_cat-produtos-portugueses","8":"product_cat-vinhos-pt-pt","9":"product_cat-cabaz-de-vinho","11":"first","12":"instock","13":"taxable","14":"shipping-taxable","15":"purchasable","16":"product-type-simple"},"aioseo_notices":[],"brands":[],"_links":{"self":[{"href":"https:\/\/www.delicias-uk.com\/pt-pt\/wp-json\/wp\/v2\/product\/233692","targetHints":{"allow":["GET"]}}],"collection":[{"href":"https:\/\/www.delicias-uk.com\/pt-pt\/wp-json\/wp\/v2\/product"}],"about":[{"href":"https:\/\/www.delicias-uk.com\/pt-pt\/wp-json\/wp\/v2\/types\/product"}],"author":[{"embeddable":true,"href":"https:\/\/www.delicias-uk.com\/pt-pt\/wp-json\/wp\/v2\/users\/43538"}],"replies":[{"embeddable":true,"href":"https:\/\/www.delicias-uk.com\/pt-pt\/wp-json\/wp\/v2\/comments?post=233692"}],"wp:featuredmedia":[{"embeddable":true,"href":"https:\/\/www.delicias-uk.com\/pt-pt\/wp-json\/wp\/v2\/media\/233694"}],"wp:attachment":[{"href":"https:\/\/www.delicias-uk.com\/pt-pt\/wp-json\/wp\/v2\/media?parent=233692"}],"wp:term":[{"taxonomy":"pwb-brand","embeddable":true,"href":"https:\/\/www.delicias-uk.com\/pt-pt\/wp-json\/wp\/v2\/pwb-brand?post=233692"},{"taxonomy":"product_brand","embeddable":true,"href":"https:\/\/www.delicias-uk.com\/pt-pt\/wp-json\/wp\/v2\/product_brand?post=233692"},{"taxonomy":"product_cat","embeddable":true,"href":"https:\/\/www.delicias-uk.com\/pt-pt\/wp-json\/wp\/v2\/product_cat?post=233692"},{"taxonomy":"product_tag","embeddable":true,"href":"https:\/\/www.delicias-uk.com\/pt-pt\/wp-json\/wp\/v2\/product_tag?post=233692"}],"curies":[{"name":"wp","href":"https:\/\/api.w.org\/{rel}","templated":true}]}}