{"id":233679,"date":"2025-08-22T11:14:44","date_gmt":"2025-08-22T10:14:44","guid":{"rendered":"https:\/\/www.delicias-uk.com\/?post_type=product&#038;p=233679"},"modified":"2025-08-22T11:22:43","modified_gmt":"2025-08-22T10:22:43","slug":"lisboa-wine-hamper-mina-velha","status":"publish","type":"product","link":"https:\/\/www.delicias-uk.com\/pt-pt\/produto\/lisboa-wine-hamper-mina-velha\/","title":{"rendered":"Lisboa Wine Hamper Mina Velha"},"content":{"rendered":"<p><strong>Lisboa \u00e9 uma das regi\u00f5es vitivin\u00edcolas mais vers\u00e1teis e din\u00e2micas de Portugal<\/strong>, estendendo-se ao longo da costa atl\u00e2ntica e abra\u00e7ando tanto a influ\u00eancia mar\u00edtima quanto a frescura das serras circundantes. Os ventos frescos do Atl\u00e2ntico e a diversidade de solos \u2013 que variam entre argilo-calc\u00e1rios, arenosos e calc\u00e1rios pedregosos \u2013 criam condi\u00e7\u00f5es \u00fanicas para a produ\u00e7\u00e3o de vinhos expressivos, equilibrados e cheios de car\u00e1ter.<\/p>\n<p>Famosa pela sua diversidade, a regi\u00e3o produz <strong>tintos elegantes e acess\u00edveis<\/strong>, muitas vezes elaborados a partir de castas tradicionais como <strong>Touriga Nacional, Castel\u00e3o e Aragonez<\/strong>, mas tamb\u00e9m incorpora castas internacionais como <strong>Syrah, Merlot e Chardonnay<\/strong>, que aqui encontram uma nova identidade. Os brancos s\u00e3o <strong>frescos, arom\u00e1ticos e vibrantes<\/strong>, perfeitos para acompanhar a gastronomia atl\u00e2ntica, enquanto os ros\u00e9s se destacam pela leveza e modernidade.<\/p>\n<p>Cada garrafa de Lisboa traduz o encontro entre tradi\u00e7\u00e3o e inova\u00e7\u00e3o, refletindo a influ\u00eancia atl\u00e2ntica, a riqueza de terroirs e a heran\u00e7a de s\u00e9culos de produ\u00e7\u00e3o vitivin\u00edcola.<\/p>\n<p><strong>Os nossos cabazes exclusivos re\u00fanem o melhor de Lisboa \u2013 vinhos premiados, castas aut\u00eanticas e a ess\u00eancia de uma das regi\u00f5es vin\u00edcolas mais vers\u00e1teis e promissoras de Portugal.<\/strong><\/p>\n<p><strong>MINA VELHA VINHO BRANCO<br \/>\n<\/strong>Cor citrina com laivos esverdeados. Aroma expressivo a l\u00edchia e notas florais frescas, bem casadas com toques de lima. Na boca \u00e9 f\u00e1cil, suave e refrescante.<br \/>\nCastas: Arinto e Fern\u00e3o Pires<br \/>\nHarmoniza\u00e7\u00e3o: Acompanha bem saladas, marisco e todo o tipo de peixe grelhado.<br \/>\nTemperatura de Servi\u00e7o: 10\u201312\u00baC<br \/>\nTeor Alco\u00f3lico: 12% vol<\/p>\n<p><strong>MINA VELHA VINHO ROS\u00c9<br \/>\n<\/strong>Cor rosada intensa. Aromas frutados de morango e groselha, com leve toque especiado. Na boca \u00e9 fresco, suave e elegante.<br \/>\nCastas: Tinta Roriz e Touriga Nacional<br \/>\nHarmoniza\u00e7\u00e3o: Ideal com comida asi\u00e1tica, peixes gordos e alguns pratos de marisco mais condimentados.<br \/>\nTemperatura de Servi\u00e7o: 10\u201312\u00baC<br \/>\nTeor Alco\u00f3lico: 13% vol<\/p>\n<p><strong>MINA VELHA VINHO TINTO<br \/>\n<\/strong>Cor granada intensa. Aroma expressivo a frutos de baga com notas subtis de chocolate. Na boca \u00e9 f\u00e1cil, suave e elegante.<br \/>\nCastas: Tinta Roriz e Touriga Nacional<br \/>\nHarmoniza\u00e7\u00e3o: Perfeita com carnes vermelhas, enchidos, ca\u00e7a e bacalhau.<br \/>\nTemperatura de Servi\u00e7o: 16\u201318\u00baC<br \/>\nTeor Alco\u00f3lico: 13,5% vol<\/p>\n<p data-start=\"41\" data-end=\"62\"><strong data-start=\"41\" data-end=\"60\">Cabaz de Vinhos<\/strong><\/p>\n<ul data-start=\"64\" data-end=\"243\">\n<li data-start=\"64\" data-end=\"114\">\n<p data-start=\"66\" data-end=\"114\">1 garrafa de Mina Velha Vinho Branco<\/p>\n<\/li>\n<li data-start=\"115\" data-end=\"174\">\n<p data-start=\"117\" data-end=\"174\">1 garrafa de Mina Velha Vinho Ros\u00e9<\/p>\n<\/li>\n<li data-start=\"175\" data-end=\"243\">\n<p data-start=\"177\" data-end=\"243\">1 garrafa de Mina Velha Vinho Tinto<\/p>\n<\/li>\n<\/ul>\n","protected":false},"excerpt":{"rendered":"<ul>\n<li>O melhor de Lisboa \u2013 vinhos premiados, castas aut\u00eanticas.<\/li>\n<li>Cada garrafa de Lisboa traduz o encontro entre tradi\u00e7\u00e3o e inova\u00e7\u00e3o, refletindo a influ\u00eancia atl\u00e2ntica, a riqueza de terroirs e a heran\u00e7a de s\u00e9culos de produ\u00e7\u00e3o vitivin\u00edcola.<\/li>\n<li>Wine Hamper: 1 garrafa de Mina Velha Vinho Branco, 1 garrafa de Mina Velha Vinho Ros\u00e9 e 1 garrafa de Mina Velha Vinho Tinto<\/li>\n<\/ul>\n","protected":false},"author":43538,"featured_media":233681,"comment_status":"closed","ping_status":"closed","template":"","meta":[],"pwb-brand":[],"product_brand":[],"product_cat":[8289,8291,8431,8645],"product_tag":[],"class_list":{"0":"post-233679","1":"product","2":"type-product","3":"status-publish","4":"has-post-thumbnail","6":"product_cat-inicio","7":"product_cat-produtos-portugueses","8":"product_cat-vinhos-pt-pt","9":"product_cat-cabaz-de-vinho","11":"first","12":"instock","13":"taxable","14":"shipping-taxable","15":"purchasable","16":"product-type-simple"},"aioseo_notices":[],"brands":[],"_links":{"self":[{"href":"https:\/\/www.delicias-uk.com\/pt-pt\/wp-json\/wp\/v2\/product\/233679","targetHints":{"allow":["GET"]}}],"collection":[{"href":"https:\/\/www.delicias-uk.com\/pt-pt\/wp-json\/wp\/v2\/product"}],"about":[{"href":"https:\/\/www.delicias-uk.com\/pt-pt\/wp-json\/wp\/v2\/types\/product"}],"author":[{"embeddable":true,"href":"https:\/\/www.delicias-uk.com\/pt-pt\/wp-json\/wp\/v2\/users\/43538"}],"replies":[{"embeddable":true,"href":"https:\/\/www.delicias-uk.com\/pt-pt\/wp-json\/wp\/v2\/comments?post=233679"}],"wp:featuredmedia":[{"embeddable":true,"href":"https:\/\/www.delicias-uk.com\/pt-pt\/wp-json\/wp\/v2\/media\/233681"}],"wp:attachment":[{"href":"https:\/\/www.delicias-uk.com\/pt-pt\/wp-json\/wp\/v2\/media?parent=233679"}],"wp:term":[{"taxonomy":"pwb-brand","embeddable":true,"href":"https:\/\/www.delicias-uk.com\/pt-pt\/wp-json\/wp\/v2\/pwb-brand?post=233679"},{"taxonomy":"product_brand","embeddable":true,"href":"https:\/\/www.delicias-uk.com\/pt-pt\/wp-json\/wp\/v2\/product_brand?post=233679"},{"taxonomy":"product_cat","embeddable":true,"href":"https:\/\/www.delicias-uk.com\/pt-pt\/wp-json\/wp\/v2\/product_cat?post=233679"},{"taxonomy":"product_tag","embeddable":true,"href":"https:\/\/www.delicias-uk.com\/pt-pt\/wp-json\/wp\/v2\/product_tag?post=233679"}],"curies":[{"name":"wp","href":"https:\/\/api.w.org\/{rel}","templated":true}]}}