{"id":233662,"date":"2025-08-22T10:47:24","date_gmt":"2025-08-22T09:47:24","guid":{"rendered":"https:\/\/www.delicias-uk.com\/?post_type=product&#038;p=233662"},"modified":"2025-08-22T10:59:29","modified_gmt":"2025-08-22T09:59:29","slug":"douro-wine-hamper-lua-cheia-copy","status":"publish","type":"product","link":"https:\/\/www.delicias-uk.com\/pt-pt\/produto\/douro-wine-hamper-lua-cheia-copy\/","title":{"rendered":"Lisboa Wine Hamper Sao Sebastiao"},"content":{"rendered":"<p><strong>Lisboa \u00e9 uma das regi\u00f5es vitivin\u00edcolas mais vers\u00e1teis e din\u00e2micas de Portugal<\/strong>, estendendo-se ao longo da costa atl\u00e2ntica e abra\u00e7ando tanto a influ\u00eancia mar\u00edtima quanto a frescura das serras circundantes. Os ventos frescos do Atl\u00e2ntico e a diversidade de solos \u2013 que variam entre argilo-calc\u00e1rios, arenosos e calc\u00e1rios pedregosos \u2013 criam condi\u00e7\u00f5es \u00fanicas para a produ\u00e7\u00e3o de vinhos expressivos, equilibrados e cheios de car\u00e1ter.<\/p>\n<p>Famosa pela sua diversidade, a regi\u00e3o produz <strong>tintos elegantes e acess\u00edveis<\/strong>, muitas vezes elaborados a partir de castas tradicionais como <strong>Touriga Nacional, Castel\u00e3o e Aragonez<\/strong>, mas tamb\u00e9m incorpora castas internacionais como <strong>Syrah, Merlot e Chardonnay<\/strong>, que aqui encontram uma nova identidade. Os brancos s\u00e3o <strong>frescos, arom\u00e1ticos e vibrantes<\/strong>, perfeitos para acompanhar a gastronomia atl\u00e2ntica, enquanto os ros\u00e9s se destacam pela leveza e modernidade.<\/p>\n<p>Cada garrafa de Lisboa traduz o encontro entre tradi\u00e7\u00e3o e inova\u00e7\u00e3o, refletindo a influ\u00eancia atl\u00e2ntica, a riqueza de terroirs e a heran\u00e7a de s\u00e9culos de produ\u00e7\u00e3o vitivin\u00edcola.<\/p>\n<p><strong>Os nossos cabazes exclusivos re\u00fanem o melhor de Lisboa \u2013 vinhos premiados, castas aut\u00eanticas e a ess\u00eancia de uma das regi\u00f5es vin\u00edcolas mais vers\u00e1teis e promissoras de Portugal.<\/strong><\/p>\n<p><strong>S\u00c3O SEBASTI\u00c3O ARINTO VINHO BRANCO<\/strong><\/p>\n<p>Vinho de cor brilhante, nariz c\u00edtrico e mineral. Na boca \u00e9 fresco estruturado e elegante.<\/p>\n<p>Casta: Arinto<\/p>\n<p>Acompanha peixes gordos assados no forno e queijos de pasta mole.<\/p>\n<p>Servir a 10-12\u00baC<\/p>\n<p>Teor \u00c1lcool 13%vol<\/p>\n<p><strong>S\u00c3O SEBASTI\u00c3O SAUVIGNON BLANC VINHO BRANCO<\/strong><\/p>\n<p>Fiel ao meio envolvente onde \u00e9 produzido apresenta, uma cor citrina, nariz rico em notas tropicais frescas. Na boca \u00e9 equilibrado e complexo. Termina com acidez c\u00edtrica viva e vibrante.<\/p>\n<p>Casta: Sauvignon Blanc<\/p>\n<p>Acompanha saladas, marisco, peixe grelhado e queijos de pasta mole.<\/p>\n<p>Servir a 10-12\u00baC<\/p>\n<p>Teor \u00c1lcool 12%vol<\/p>\n<p><strong>\u00a0<\/strong><\/p>\n<p><strong>S\u00c3O SEBASTI\u00c3O SAUVIGNON BLANC + ARINTO VINHO BRANCO<\/strong><\/p>\n<p>Vinho de cor citrina, nariz expressivo com notas de lima e algum tropical fresco. Na boca \u00e9 um vinho suave, com uma acidez c\u00edtrica refrescante.<\/p>\n<p>Castas: Sauvignon Blanc e Arinto<\/p>\n<p>Acompanha bem queijos de pasta mole, peixes gordos, filetes de peixe-espada e carnes brancas.<\/p>\n<p>Servir a 12\u00baC<\/p>\n<p>Teor \u00c1lcool 12%vol<\/p>\n<p data-start=\"41\" data-end=\"62\"><strong data-start=\"41\" data-end=\"60\">Cabaz de Vinhos<\/strong><\/p>\n<ul data-start=\"64\" data-end=\"243\">\n<li data-start=\"64\" data-end=\"114\">\n<p data-start=\"66\" data-end=\"114\">1 garrafa de S\u00e3o Sebasti\u00e3o Arinto Vinho Branco<\/p>\n<\/li>\n<li data-start=\"115\" data-end=\"174\">\n<p data-start=\"117\" data-end=\"174\">1 garrafa de S\u00e3o Sebasti\u00e3o Sauvignon Blanc Vinho Branco<\/p>\n<\/li>\n<li data-start=\"175\" data-end=\"243\">\n<p data-start=\"177\" data-end=\"243\">1 garrafa de S\u00e3o Sebasti\u00e3o Sauvignon Blanc + Arinto Vinho Branco<\/p>\n<\/li>\n<\/ul>\n","protected":false},"excerpt":{"rendered":"<ul>\n<li>O melhor de Lisboa \u2013 vinhos premiados, castas aut\u00eanticas.<\/li>\n<li>Cada garrafa de Lisboa traduz o encontro entre tradi\u00e7\u00e3o e inova\u00e7\u00e3o, refletindo a influ\u00eancia atl\u00e2ntica, a riqueza de terroirs e a heran\u00e7a de s\u00e9culos de produ\u00e7\u00e3o vitivin\u00edcola.<\/li>\n<li>Wine Hamper: 1 garrafa de S\u00e3o Sebasti\u00e3o Arinto Vinho Branco, 1 garrafa de S\u00e3o Sebasti\u00e3o Sauvignon Blanc Vinho Branco e 1 garrafa de S\u00e3o Sebasti\u00e3o Sauvignon Blanc + Arinto Vinho Branco<\/li>\n<\/ul>\n","protected":false},"author":43538,"featured_media":233665,"comment_status":"closed","ping_status":"closed","template":"","meta":[],"pwb-brand":[],"product_brand":[],"product_cat":[8289,8291,8431,8645],"product_tag":[],"class_list":{"0":"post-233662","1":"product","2":"type-product","3":"status-publish","4":"has-post-thumbnail","6":"product_cat-inicio","7":"product_cat-produtos-portugueses","8":"product_cat-vinhos-pt-pt","9":"product_cat-cabaz-de-vinho","11":"first","12":"instock","13":"taxable","14":"shipping-taxable","15":"purchasable","16":"product-type-simple"},"aioseo_notices":[],"brands":[],"_links":{"self":[{"href":"https:\/\/www.delicias-uk.com\/pt-pt\/wp-json\/wp\/v2\/product\/233662","targetHints":{"allow":["GET"]}}],"collection":[{"href":"https:\/\/www.delicias-uk.com\/pt-pt\/wp-json\/wp\/v2\/product"}],"about":[{"href":"https:\/\/www.delicias-uk.com\/pt-pt\/wp-json\/wp\/v2\/types\/product"}],"author":[{"embeddable":true,"href":"https:\/\/www.delicias-uk.com\/pt-pt\/wp-json\/wp\/v2\/users\/43538"}],"replies":[{"embeddable":true,"href":"https:\/\/www.delicias-uk.com\/pt-pt\/wp-json\/wp\/v2\/comments?post=233662"}],"wp:featuredmedia":[{"embeddable":true,"href":"https:\/\/www.delicias-uk.com\/pt-pt\/wp-json\/wp\/v2\/media\/233665"}],"wp:attachment":[{"href":"https:\/\/www.delicias-uk.com\/pt-pt\/wp-json\/wp\/v2\/media?parent=233662"}],"wp:term":[{"taxonomy":"pwb-brand","embeddable":true,"href":"https:\/\/www.delicias-uk.com\/pt-pt\/wp-json\/wp\/v2\/pwb-brand?post=233662"},{"taxonomy":"product_brand","embeddable":true,"href":"https:\/\/www.delicias-uk.com\/pt-pt\/wp-json\/wp\/v2\/product_brand?post=233662"},{"taxonomy":"product_cat","embeddable":true,"href":"https:\/\/www.delicias-uk.com\/pt-pt\/wp-json\/wp\/v2\/product_cat?post=233662"},{"taxonomy":"product_tag","embeddable":true,"href":"https:\/\/www.delicias-uk.com\/pt-pt\/wp-json\/wp\/v2\/product_tag?post=233662"}],"curies":[{"name":"wp","href":"https:\/\/api.w.org\/{rel}","templated":true}]}}