{"id":233632,"date":"2025-08-21T17:16:50","date_gmt":"2025-08-21T16:16:50","guid":{"rendered":"https:\/\/www.delicias-uk.com\/?post_type=product&#038;p=233632"},"modified":"2025-08-21T17:25:06","modified_gmt":"2025-08-21T16:25:06","slug":"douro-wine-hamper-lua-cheia","status":"publish","type":"product","link":"https:\/\/www.delicias-uk.com\/pt-pt\/produto\/douro-wine-hamper-lua-cheia\/","title":{"rendered":"Douro Wine Hamper Lua Cheia"},"content":{"rendered":"<p>O Douro \u00e9 uma das regi\u00f5es vin\u00edcolas mais ic\u00f3nicas e hist\u00f3ricas de Portugal, esculpida nos \u00edngremes socalcos do Vale do Douro, onde o rio serpenteia entre dram\u00e1ticos penhascos gran\u00edticos. Protegidas pelas montanhas circundantes, as vinhas beneficiam de uma exposi\u00e7\u00e3o solar excecional e de um microclima \u00fanico, produzindo vinhos de intensidade, complexidade e longevidade not\u00e1veis.<\/p>\n<p>Famosa pelos seus poderosos vinhos tintos, muitas vezes elaborados a partir das castas tradicionais do Douro, como Touriga Nacional, Touriga Franca e Tinta Roriz, a regi\u00e3o tamb\u00e9m produz brancos arom\u00e1ticos e ros\u00e9s elegantes que refletem a frescura do vale. Cada garrafa traduz o equil\u00edbrio entre tradi\u00e7\u00f5es centen\u00e1rias e t\u00e9cnicas modernas de vinifica\u00e7\u00e3o, moldada pelos solos xistosos, pelas encostas \u00edngremes e pela heran\u00e7a de gera\u00e7\u00f5es de produtores de vinho.<\/p>\n<p>Os nossos cabazes exclusivos re\u00fanem o melhor do Douro \u2013 vinhos premiados, castas aut\u00eanticas e a ess\u00eancia de uma das regi\u00f5es vin\u00edcolas mais celebradas e hist\u00f3ricas de Portugal.<\/p>\n<p><strong>LUA CHEIA BRANCO<\/strong><\/p>\n<p><strong>Vinifica\u00e7\u00e3o:<\/strong> Desenga\u00e7e e esmagamento; 12 horas de macera\u00e7\u00e3o pr\u00e9-fermentativa, clarifica\u00e7\u00e3o est\u00e1tica pelo frio durante 48 horas, utiliza\u00e7\u00e3o de leveduras selecionadas.<\/p>\n<p><strong>Castas:<\/strong> Vinhas Velhas (100%)<\/p>\n<p><strong>LUA CHEIA ROSE<\/strong><\/p>\n<p><strong>Vinifica\u00e7\u00e3o:<\/strong> Desenga\u00e7e e esmagamento; 12 horas de macera\u00e7\u00e3o pr\u00e9-fermentativa, clarifica\u00e7\u00e3o est\u00e1tica pelo frio durante 48 horas, utiliza\u00e7\u00e3o de leveduras selecionadas.<\/p>\n<p><strong>Castas:<\/strong> Vinhas Velhas<\/p>\n<p><strong>LUA CHEIA TINTO<\/strong><\/p>\n<p><strong>Vinifica\u00e7\u00e3o:<\/strong> Desengace e esmagamento, 12H de pr\u00e9-macera\u00e7\u00e3o pr\u00e9-fermentativa a 34\u00ba para maximizar o trabalho das enzimas; utiliza\u00e7\u00e3o de leveduras selecionadas, fermenta\u00e7\u00e3o alco\u00f3lica com controlo de temperatura,remontagens ligeiras.<\/p>\n<p><strong>Castas:<\/strong>\u00a0Vinhas Velhas<\/p>\n<p><strong><\/strong><strong> Cabaz CARM Reserva<\/strong><\/p>\n<ul>\n<li>1 garrafa de Lua Cheia Branco<\/li>\n<li>1 garrafa de Lua Cheia Ros\u00e9<\/li>\n<li>1 garrafa de Lua Cheia Tinto<\/li>\n<\/ul>\n","protected":false},"excerpt":{"rendered":"<ul>\n<li>O melhor do Douro \u2013 vinhos premiados, castas aut\u00eanticas.<\/li>\n<li>Cada garrafa traduz o equil\u00edbrio entre tradi\u00e7\u00f5es centen\u00e1rias e t\u00e9cnicas modernas de vinifica\u00e7\u00e3o, moldada pelos solos xistosos, pelas encostas \u00edngremes e pela heran\u00e7a de gera\u00e7\u00f5es de produtores de vinho.<\/li>\n<li>Wine Hamper: 1 garrafa de Lua Cheia Branco, 1 garrafa de Lua Cheia Ros\u00e9 e 1 garrafa de Lua Cheia Tinto<\/li>\n<\/ul>\n","protected":false},"author":43538,"featured_media":233634,"comment_status":"closed","ping_status":"closed","template":"","meta":[],"pwb-brand":[],"product_brand":[],"product_cat":[8289,8291,8431,8645],"product_tag":[],"class_list":{"0":"post-233632","1":"product","2":"type-product","3":"status-publish","4":"has-post-thumbnail","6":"product_cat-inicio","7":"product_cat-produtos-portugueses","8":"product_cat-vinhos-pt-pt","9":"product_cat-cabaz-de-vinho","11":"first","12":"instock","13":"taxable","14":"shipping-taxable","15":"purchasable","16":"product-type-simple"},"aioseo_notices":[],"brands":[],"_links":{"self":[{"href":"https:\/\/www.delicias-uk.com\/pt-pt\/wp-json\/wp\/v2\/product\/233632","targetHints":{"allow":["GET"]}}],"collection":[{"href":"https:\/\/www.delicias-uk.com\/pt-pt\/wp-json\/wp\/v2\/product"}],"about":[{"href":"https:\/\/www.delicias-uk.com\/pt-pt\/wp-json\/wp\/v2\/types\/product"}],"author":[{"embeddable":true,"href":"https:\/\/www.delicias-uk.com\/pt-pt\/wp-json\/wp\/v2\/users\/43538"}],"replies":[{"embeddable":true,"href":"https:\/\/www.delicias-uk.com\/pt-pt\/wp-json\/wp\/v2\/comments?post=233632"}],"wp:featuredmedia":[{"embeddable":true,"href":"https:\/\/www.delicias-uk.com\/pt-pt\/wp-json\/wp\/v2\/media\/233634"}],"wp:attachment":[{"href":"https:\/\/www.delicias-uk.com\/pt-pt\/wp-json\/wp\/v2\/media?parent=233632"}],"wp:term":[{"taxonomy":"pwb-brand","embeddable":true,"href":"https:\/\/www.delicias-uk.com\/pt-pt\/wp-json\/wp\/v2\/pwb-brand?post=233632"},{"taxonomy":"product_brand","embeddable":true,"href":"https:\/\/www.delicias-uk.com\/pt-pt\/wp-json\/wp\/v2\/product_brand?post=233632"},{"taxonomy":"product_cat","embeddable":true,"href":"https:\/\/www.delicias-uk.com\/pt-pt\/wp-json\/wp\/v2\/product_cat?post=233632"},{"taxonomy":"product_tag","embeddable":true,"href":"https:\/\/www.delicias-uk.com\/pt-pt\/wp-json\/wp\/v2\/product_tag?post=233632"}],"curies":[{"name":"wp","href":"https:\/\/api.w.org\/{rel}","templated":true}]}}