{"id":233618,"date":"2025-08-21T15:52:16","date_gmt":"2025-08-21T14:52:16","guid":{"rendered":"https:\/\/www.delicias-uk.com\/?post_type=product&#038;p=233618"},"modified":"2025-08-21T17:02:44","modified_gmt":"2025-08-21T16:02:44","slug":"douro-wine-hamper-carm","status":"publish","type":"product","link":"https:\/\/www.delicias-uk.com\/pt-pt\/produto\/douro-wine-hamper-carm\/","title":{"rendered":"Douro Wine Hamper Carm"},"content":{"rendered":"<p>O Douro \u00e9 uma das regi\u00f5es vin\u00edcolas mais ic\u00f3nicas e hist\u00f3ricas de Portugal, esculpida nos \u00edngremes socalcos do Vale do Douro, onde o rio serpenteia entre dram\u00e1ticos penhascos gran\u00edticos. Protegidas pelas montanhas circundantes, as vinhas beneficiam de uma exposi\u00e7\u00e3o solar excecional e de um microclima \u00fanico, produzindo vinhos de intensidade, complexidade e longevidade not\u00e1veis.<\/p>\n<p>Famosa pelos seus poderosos vinhos tintos, muitas vezes elaborados a partir das castas tradicionais do Douro, como Touriga Nacional, Touriga Franca e Tinta Roriz, a regi\u00e3o tamb\u00e9m produz brancos arom\u00e1ticos e ros\u00e9s elegantes que refletem a frescura do vale. Cada garrafa traduz o equil\u00edbrio entre tradi\u00e7\u00f5es centen\u00e1rias e t\u00e9cnicas modernas de vinifica\u00e7\u00e3o, moldada pelos solos xistosos, pelas encostas \u00edngremes e pela heran\u00e7a de gera\u00e7\u00f5es de produtores de vinho.<\/p>\n<p>Os nossos cabazes exclusivos re\u00fanem o melhor do Douro \u2013 vinhos premiados, castas aut\u00eanticas e a ess\u00eancia de uma das regi\u00f5es vin\u00edcolas mais celebradas e hist\u00f3ricas de Portugal.<\/p>\n<p><strong>VINHO TINTO CARM RESERVA<\/strong><br \/>\n<strong>Castas:<\/strong> Selecion\u00e1mos uvas das castas Tinta Roriz, Touriga Franca e Touriga Nacional, todas produzidas nas quintas da nossa propriedade, para criar um vinho equilibrado: taninos firmes da Tinta Roriz, notas de esteva e taninos suaves da Touriga Franca, aromas de frutos pretos e silvestres, aliados \u00e0s notas florais frescas e intensas da Touriga Nacional.<br \/>\n<strong>Vinifica\u00e7\u00e3o:<\/strong> Vinificado na adega da CARM, na Quinta das Marvalhas, em Almendra, no cora\u00e7\u00e3o do Douro Superior.<br \/>\n<strong>Notas de Prova:<\/strong> Fresco e elegante, no nariz revela notas de frutos silvestres e cerejas pretas, equilibradas com subtis notas de alca\u00e7uz e madeira muito bem integrada. Na boca \u00e9 intenso, com taninos firmes, textura suave e final persistente.<br \/>\n<strong>Harmoniza\u00e7\u00e3o:<\/strong> Ideal com carnes, queijos e a maioria dos pratos da cozinha mediterr\u00e2nea. Servir entre 15\u00baC e 16\u00baC.<br \/>\n<strong>\u00c1lcool:<\/strong> 14%<\/p>\n<p><strong>VINHO ROS\u00c9 CARM TOURIGA NACIONAL<\/strong><br \/>\n<strong>Castas:<\/strong> 100% Touriga Nacional, proveniente de vinhas com exposi\u00e7\u00f5es a norte e nascente, que garantem frescura e eleg\u00e2ncia.<br \/>\n<strong>Vinifica\u00e7\u00e3o:<\/strong> Vinificado na adega da Quinta das Marvalhas, em Almendra, no cora\u00e7\u00e3o do Douro Superior, equipada com tecnologia de ponta que permite total controlo de temperatura \u2013 essencial no clima extremo da regi\u00e3o.<br \/>\n<strong>Notas de Prova:<\/strong> Aroma complexo, com perfil gastron\u00f3mico, ideal para acompanhar toda a cozinha mediterr\u00e2nea. No nariz, revela frescura, frutos vermelhos, notas florais elegantes e nuances vegetais t\u00edpicas da casta. Na boca \u00e9 longo, fresco e rico, com acidez equilibrada.<br \/>\n<strong>\u00c1lcool:<\/strong> 12,8%<\/p>\n<p><strong>VINHO BRANCO CARM RESERVA<\/strong><br \/>\n<strong>Castas:<\/strong> Provenientes de vinhas velhas do Douro Superior, com predomin\u00e2ncia de C\u00f4dega do Larinho, Rabigato e Viosinho.<br \/>\n<strong>Vinifica\u00e7\u00e3o:<\/strong> Produzida na adega da Quinta das Marvalhas, equipada com tecnologia avan\u00e7ada que permite total controlo de temperatura, essencial para preservar frescura no clima do Douro Superior.<br \/>\n<strong>Notas de Prova:<\/strong> Vinho muito fresco, com notas c\u00edtricas em harmonia com nuances florais e fortes notas minerais. Na boca surpreende pela estrutura e volume, terminando longo e persistente.<br \/>\n<strong>Harmoniza\u00e7\u00e3o:<\/strong> Excelente com peixe, marisco, carnes brancas e pratos de vegetais. Servir fresco, entre 8\u00baC e 12\u00baC.<br \/>\n<strong>\u00c1lcool:<\/strong> 12,5%<\/p>\n<p><strong><\/strong><strong> Cabaz CARM Reserva<\/strong><\/p>\n<ul>\n<li style=\"list-style-type: none;\">\n<ul>\n<li>1 garrafa de CARM Reserva Branco<\/li>\n<li>1 garrafa de CARM Touriga Nacional Ros\u00e9<\/li>\n<li>1 garrafa de CARM Reserva Tinto<\/li>\n<\/ul>\n<\/li>\n<\/ul>\n","protected":false},"excerpt":{"rendered":"<ul>\n<li>O melhor do Douro \u2013 vinhos premiados, castas aut\u00eanticas.<\/li>\n<li>Cada garrafa traduz o equil\u00edbrio entre tradi\u00e7\u00f5es centen\u00e1rias e t\u00e9cnicas modernas de vinifica\u00e7\u00e3o, moldada pelos solos xistosos, pelas encostas \u00edngremes e pela heran\u00e7a de gera\u00e7\u00f5es de produtores de vinho.<\/li>\n<li>Wine Hamper: 1 garrafa de CARM Reserva Branco, 1 garrafa de CARM Touriga Nacional Ros\u00e9 e 1 garrafa de CARM Reserva Tinto<\/li>\n<\/ul>\n","protected":false},"author":43538,"featured_media":233620,"comment_status":"closed","ping_status":"closed","template":"","meta":[],"pwb-brand":[],"product_brand":[],"product_cat":[8289,8291,8431,8645],"product_tag":[],"class_list":{"0":"post-233618","1":"product","2":"type-product","3":"status-publish","4":"has-post-thumbnail","6":"product_cat-inicio","7":"product_cat-produtos-portugueses","8":"product_cat-vinhos-pt-pt","9":"product_cat-cabaz-de-vinho","11":"first","12":"instock","13":"taxable","14":"shipping-taxable","15":"purchasable","16":"product-type-simple"},"aioseo_notices":[],"brands":[],"_links":{"self":[{"href":"https:\/\/www.delicias-uk.com\/pt-pt\/wp-json\/wp\/v2\/product\/233618","targetHints":{"allow":["GET"]}}],"collection":[{"href":"https:\/\/www.delicias-uk.com\/pt-pt\/wp-json\/wp\/v2\/product"}],"about":[{"href":"https:\/\/www.delicias-uk.com\/pt-pt\/wp-json\/wp\/v2\/types\/product"}],"author":[{"embeddable":true,"href":"https:\/\/www.delicias-uk.com\/pt-pt\/wp-json\/wp\/v2\/users\/43538"}],"replies":[{"embeddable":true,"href":"https:\/\/www.delicias-uk.com\/pt-pt\/wp-json\/wp\/v2\/comments?post=233618"}],"wp:featuredmedia":[{"embeddable":true,"href":"https:\/\/www.delicias-uk.com\/pt-pt\/wp-json\/wp\/v2\/media\/233620"}],"wp:attachment":[{"href":"https:\/\/www.delicias-uk.com\/pt-pt\/wp-json\/wp\/v2\/media?parent=233618"}],"wp:term":[{"taxonomy":"pwb-brand","embeddable":true,"href":"https:\/\/www.delicias-uk.com\/pt-pt\/wp-json\/wp\/v2\/pwb-brand?post=233618"},{"taxonomy":"product_brand","embeddable":true,"href":"https:\/\/www.delicias-uk.com\/pt-pt\/wp-json\/wp\/v2\/product_brand?post=233618"},{"taxonomy":"product_cat","embeddable":true,"href":"https:\/\/www.delicias-uk.com\/pt-pt\/wp-json\/wp\/v2\/product_cat?post=233618"},{"taxonomy":"product_tag","embeddable":true,"href":"https:\/\/www.delicias-uk.com\/pt-pt\/wp-json\/wp\/v2\/product_tag?post=233618"}],"curies":[{"name":"wp","href":"https:\/\/api.w.org\/{rel}","templated":true}]}}