{"id":233585,"date":"2025-08-21T14:38:37","date_gmt":"2025-08-21T13:38:37","guid":{"rendered":"https:\/\/www.delicias-uk.com\/?post_type=product&#038;p=233585"},"modified":"2025-08-21T14:50:00","modified_gmt":"2025-08-21T13:50:00","slug":"douro-wine-hamper-quinta-da-pacheca","status":"publish","type":"product","link":"https:\/\/www.delicias-uk.com\/pt-pt\/produto\/douro-wine-hamper-quinta-da-pacheca\/","title":{"rendered":"Douro Wine Hamper Quinta da Pacheca"},"content":{"rendered":"<p>O Douro \u00e9 uma das regi\u00f5es vin\u00edcolas mais ic\u00f3nicas e hist\u00f3ricas de Portugal, esculpida nos \u00edngremes socalcos do Vale do Douro, onde o rio serpenteia entre dram\u00e1ticos penhascos gran\u00edticos. Protegidas pelas montanhas circundantes, as vinhas beneficiam de uma exposi\u00e7\u00e3o solar excecional e de um microclima \u00fanico, produzindo vinhos de intensidade, complexidade e longevidade not\u00e1veis.<\/p>\n<p>Famosa pelos seus poderosos vinhos tintos, muitas vezes elaborados a partir das castas tradicionais do Douro, como Touriga Nacional, Touriga Franca e Tinta Roriz, a regi\u00e3o tamb\u00e9m produz brancos arom\u00e1ticos e ros\u00e9s elegantes que refletem a frescura do vale. Cada garrafa traduz o equil\u00edbrio entre tradi\u00e7\u00f5es centen\u00e1rias e t\u00e9cnicas modernas de vinifica\u00e7\u00e3o, moldada pelos solos xistosos, pelas encostas \u00edngremes e pela heran\u00e7a de gera\u00e7\u00f5es de produtores de vinho.<\/p>\n<p>Os nossos cabazes exclusivos re\u00fanem o melhor do Douro \u2013 vinhos premiados, castas aut\u00eanticas e a ess\u00eancia de uma das regi\u00f5es vin\u00edcolas mais celebradas e hist\u00f3ricas de Portugal.<\/p>\n<p><strong>VINHO TINTO PACHECA COLHEITA<\/strong><\/p>\n<p>Apresenta uma cor vermelha intensa e um nariz rico em notas florais, fruta preta e delicadas notas de especiarias seguidas de notas de chocolate e algumas barricas, um vinho na boca \u00e9 denso, estruturado e complexo, onde os taninos se destacam. palato revelado e polido denota fruta vermelha madura e nuances evidentes de especiarias, o final de boca tem uma boa dura\u00e7\u00e3o e uma persist\u00eancia m\u00e9dia\/alta.<\/p>\n<p><strong>Casta<\/strong>: Touriga Nacional, Touriga Franca, Tinta Roriz, Tinta Barroca<\/p>\n<p><strong>Harmoniza\u00e7\u00e3o<\/strong>: Carnes vermelhas , Peixes, T\u00e1bua de frios<\/p>\n<p><strong>Armazenagem<\/strong>: 6 meses em barricas francesas<\/p>\n<p><strong>Envelhecimento:\u00a0<\/strong>Envelhecido em barricas novas de carvalho franc\u00eas durante 3 meses.<\/p>\n<p>&nbsp;<\/p>\n<p><strong>VINHO ROSE PACHECA COLHEITA<\/strong><\/p>\n<p>Mais uma colheita selecionada da Quinta da Pacheca, o Pacheca Colheita Ros\u00e9 \u00e9 um vinho de elevado frescor, com os aromas t\u00edpicos dos ros\u00e9s, com predomin\u00e2ncia do de frutos silvestres e um encantador floral. Considerado o grande vinho para dias quentes, \u00e9 uma excelente op\u00e7\u00e3o para presentear e servir junto com pratos leves.<\/p>\n<p><strong>Casta<\/strong>: Touriga Franca, Tinta Roriz, Tinto C\u00e3o<\/p>\n<p><strong>Harmoniza\u00e7\u00e3o<\/strong>: Saladas e Aperitivos, Frutos do Mar<\/p>\n<p><strong>\u00a0<\/strong><\/p>\n<p><strong>VINHO BRANCO PACHECA COLHEITA<\/strong><\/p>\n<p>O Pacheca Colheita Branco impressiona desde o in\u00edcio com sua profus\u00e3o de aromas de frutas de polpa amarela e notas florais, sendo um vinho muito elegante e pronto para ser apreciado desde o primeiro momento. Um coringa das adegas. Sem d\u00favida um excelente escolha qualidade\/pre\u00e7o. Um achado!<\/p>\n<p><strong>Casta<\/strong>: Moscatel Galego , Malvasia Fina, Gouveio<\/p>\n<p><strong>Harmoniza\u00e7\u00e3o<\/strong>: Frutos do Mar , Saladas e Aperitivos, cozinha mediterr\u00e2nea.<\/p>\n<p><strong>Wine Hamper<\/strong><\/p>\n<ul>\n<li>1 garrafa Quinta da Pacheca Vinho Branco<\/li>\n<li>1 garrafa Quinta da Pacheca Vinho Rose<\/li>\n<li>1 garrafa Quinta da Pacheca Vinho Tinto<\/li>\n<\/ul>\n<p>&nbsp;<\/p>\n<p>Com mais de 300 anos de hist\u00f3ria, a Quinta da Pacheca \u00e9 uma das propriedades mais ic\u00f3nicas do Douro, reconhecida pela sua profunda liga\u00e7\u00e3o ao vinho e \u00e0 terra. Oferece uma experi\u00eancia completa de enoturismo, incluindo hotel, restaurante, visitas guiadas \u00e0s vinhas e \u00e0 adega, provas de vinho e atividades sazonais.<\/p>\n","protected":false},"excerpt":{"rendered":"<ul>\n<li>O melhor do Douro \u2013 vinhos premiados, castas aut\u00eanticas.<\/li>\n<li>Cada garrafa traduz o equil\u00edbrio entre tradi\u00e7\u00f5es centen\u00e1rias e t\u00e9cnicas modernas de vinifica\u00e7\u00e3o, moldada pelos solos xistosos, pelas encostas \u00edngremes e pela heran\u00e7a de gera\u00e7\u00f5es de produtores de vinho.<\/li>\n<li>Wine Hamper: 1 garrafa Quinta da Pacheca Vinho Branco, 1 garrafa Quinta da Pacheca Vinho Rose e 1 garrafa Quinta da Pacheca Vinho Tinto<\/li>\n<\/ul>\n","protected":false},"author":43538,"featured_media":233587,"comment_status":"closed","ping_status":"closed","template":"","meta":[],"pwb-brand":[],"product_brand":[],"product_cat":[8289,8291,8431,8645],"product_tag":[],"class_list":{"0":"post-233585","1":"product","2":"type-product","3":"status-publish","4":"has-post-thumbnail","6":"product_cat-inicio","7":"product_cat-produtos-portugueses","8":"product_cat-vinhos-pt-pt","9":"product_cat-cabaz-de-vinho","11":"first","12":"instock","13":"taxable","14":"shipping-taxable","15":"purchasable","16":"product-type-simple"},"aioseo_notices":[],"brands":[],"_links":{"self":[{"href":"https:\/\/www.delicias-uk.com\/pt-pt\/wp-json\/wp\/v2\/product\/233585","targetHints":{"allow":["GET"]}}],"collection":[{"href":"https:\/\/www.delicias-uk.com\/pt-pt\/wp-json\/wp\/v2\/product"}],"about":[{"href":"https:\/\/www.delicias-uk.com\/pt-pt\/wp-json\/wp\/v2\/types\/product"}],"author":[{"embeddable":true,"href":"https:\/\/www.delicias-uk.com\/pt-pt\/wp-json\/wp\/v2\/users\/43538"}],"replies":[{"embeddable":true,"href":"https:\/\/www.delicias-uk.com\/pt-pt\/wp-json\/wp\/v2\/comments?post=233585"}],"wp:featuredmedia":[{"embeddable":true,"href":"https:\/\/www.delicias-uk.com\/pt-pt\/wp-json\/wp\/v2\/media\/233587"}],"wp:attachment":[{"href":"https:\/\/www.delicias-uk.com\/pt-pt\/wp-json\/wp\/v2\/media?parent=233585"}],"wp:term":[{"taxonomy":"pwb-brand","embeddable":true,"href":"https:\/\/www.delicias-uk.com\/pt-pt\/wp-json\/wp\/v2\/pwb-brand?post=233585"},{"taxonomy":"product_brand","embeddable":true,"href":"https:\/\/www.delicias-uk.com\/pt-pt\/wp-json\/wp\/v2\/product_brand?post=233585"},{"taxonomy":"product_cat","embeddable":true,"href":"https:\/\/www.delicias-uk.com\/pt-pt\/wp-json\/wp\/v2\/product_cat?post=233585"},{"taxonomy":"product_tag","embeddable":true,"href":"https:\/\/www.delicias-uk.com\/pt-pt\/wp-json\/wp\/v2\/product_tag?post=233585"}],"curies":[{"name":"wp","href":"https:\/\/api.w.org\/{rel}","templated":true}]}}