{"id":233284,"date":"2025-08-18T12:19:41","date_gmt":"2025-08-18T11:19:41","guid":{"rendered":"https:\/\/www.delicias-uk.com\/?post_type=product&#038;p=233284"},"modified":"2026-01-21T17:48:19","modified_gmt":"2026-01-21T17:48:19","slug":"compal-100-pessego-tetra-pack-1lt","status":"publish","type":"product","link":"https:\/\/www.delicias-uk.com\/pt-pt\/produto\/compal-100-pessego-tetra-pack-1lt\/","title":{"rendered":"Compal 100% Pessego Tetra Pack 1Lt"},"content":{"rendered":"<p>Uma explos\u00e3o de sabores surpreendente! Sem adi\u00e7\u00e3o de a\u00e7\u00facares e nada para al\u00e9m da fruta.<\/p>\n<p>&nbsp;<\/p>\n","protected":false},"excerpt":{"rendered":"<p>Uma explos\u00e3o de sabores surpreendente! Sem adi\u00e7\u00e3o de a\u00e7\u00facares e nada para al\u00e9m da fruta. &nbsp;<\/p>\n","protected":false},"author":43538,"featured_media":233286,"comment_status":"open","ping_status":"closed","template":"","meta":[],"pwb-brand":[],"product_brand":[],"product_cat":[8455],"product_tag":[],"class_list":{"0":"post-233284","1":"product","2":"type-product","3":"status-publish","4":"has-post-thumbnail","6":"product_cat-sumos","8":"first","9":"instock","10":"taxable","11":"shipping-taxable","12":"purchasable","13":"product-type-simple"},"aioseo_notices":[],"brands":[],"_links":{"self":[{"href":"https:\/\/www.delicias-uk.com\/pt-pt\/wp-json\/wp\/v2\/product\/233284","targetHints":{"allow":["GET"]}}],"collection":[{"href":"https:\/\/www.delicias-uk.com\/pt-pt\/wp-json\/wp\/v2\/product"}],"about":[{"href":"https:\/\/www.delicias-uk.com\/pt-pt\/wp-json\/wp\/v2\/types\/product"}],"author":[{"embeddable":true,"href":"https:\/\/www.delicias-uk.com\/pt-pt\/wp-json\/wp\/v2\/users\/43538"}],"replies":[{"embeddable":true,"href":"https:\/\/www.delicias-uk.com\/pt-pt\/wp-json\/wp\/v2\/comments?post=233284"}],"wp:featuredmedia":[{"embeddable":true,"href":"https:\/\/www.delicias-uk.com\/pt-pt\/wp-json\/wp\/v2\/media\/233286"}],"wp:attachment":[{"href":"https:\/\/www.delicias-uk.com\/pt-pt\/wp-json\/wp\/v2\/media?parent=233284"}],"wp:term":[{"taxonomy":"pwb-brand","embeddable":true,"href":"https:\/\/www.delicias-uk.com\/pt-pt\/wp-json\/wp\/v2\/pwb-brand?post=233284"},{"taxonomy":"product_brand","embeddable":true,"href":"https:\/\/www.delicias-uk.com\/pt-pt\/wp-json\/wp\/v2\/product_brand?post=233284"},{"taxonomy":"product_cat","embeddable":true,"href":"https:\/\/www.delicias-uk.com\/pt-pt\/wp-json\/wp\/v2\/product_cat?post=233284"},{"taxonomy":"product_tag","embeddable":true,"href":"https:\/\/www.delicias-uk.com\/pt-pt\/wp-json\/wp\/v2\/product_tag?post=233284"}],"curies":[{"name":"wp","href":"https:\/\/api.w.org\/{rel}","templated":true}]}}