{"id":233276,"date":"2025-08-18T11:56:21","date_gmt":"2025-08-18T10:56:21","guid":{"rendered":"https:\/\/www.delicias-uk.com\/?post_type=product&#038;p=233276"},"modified":"2026-02-24T11:55:56","modified_gmt":"2026-02-24T11:55:56","slug":"chourico-de-carne-corrente-porminho-400g","status":"publish","type":"product","link":"https:\/\/www.delicias-uk.com\/pt-pt\/produto\/chourico-de-carne-corrente-porminho-400g\/","title":{"rendered":"Chouri\u00e7o de Carne Corrente Porminho 400g"},"content":{"rendered":"<p>Produto que pode ser consumido sem cozedura, cortado \u00e0s fatias. Pode tamb\u00e9m ser consumido grelhado, assado na grelha ou em assadeira de barro com aguardente, cozido, estufado ou como acompanhamento da cozinha tradicional portuguesa.<\/p>\n<p><strong>Ingredientes<\/strong>: Carne de porco (47%) e gordura (origem UE), pasta de piment\u00e3o (pimentos vermelhos e sal), sal, prote\u00edna de soja, especiarias, estabilizantes (E450, E452), dextrose, antioxidante (E316) e conservante (E250).<\/p>\n<p><strong>Alerg\u00e9nios<\/strong>: cont\u00e9m\u00a0<strong>SOJA<\/strong>.<\/p>\n<p><strong>Informa\u00e7\u00e3o nutricional por 100g:<\/strong><\/p>\n<ul>\n<li>Energia 1383 kJ\/ 334 kcal<\/li>\n<li>Gordura 28 g<\/li>\n<li>dos quais Saturados 10 g<\/li>\n<li>Carboidratos 2,4 g<\/li>\n<li>dos quais A\u00e7\u00facares 0,6 g<\/li>\n<li>Prote\u00edna 18 g<\/li>\n<li>Sal 3,3 g<\/li>\n<\/ul>\n<p><strong>Origem da carne<\/strong>: UE<\/p>\n","protected":false},"excerpt":{"rendered":"<ul style=\"list-style-type: disc;\">\n<li>Peso l\u00edquido 400g<\/li>\n<li>Sem gl\u00faten e lactose<\/li>\n<li>Feito de carne de porco<\/li>\n<\/ul>\n","protected":false},"author":43538,"featured_media":233278,"comment_status":"open","ping_status":"closed","template":"","meta":[],"pwb-brand":[],"product_brand":[],"product_cat":[8289,8291,8337,8663],"product_tag":[],"class_list":{"0":"post-233276","1":"product","2":"type-product","3":"status-publish","4":"has-post-thumbnail","6":"product_cat-inicio","7":"product_cat-produtos-portugueses","8":"product_cat-charcutaria","9":"product_cat-chourico-e-salsicha","11":"first","12":"instock","13":"taxable","14":"shipping-taxable","15":"purchasable","16":"product-type-simple"},"aioseo_notices":[],"brands":[],"_links":{"self":[{"href":"https:\/\/www.delicias-uk.com\/pt-pt\/wp-json\/wp\/v2\/product\/233276","targetHints":{"allow":["GET"]}}],"collection":[{"href":"https:\/\/www.delicias-uk.com\/pt-pt\/wp-json\/wp\/v2\/product"}],"about":[{"href":"https:\/\/www.delicias-uk.com\/pt-pt\/wp-json\/wp\/v2\/types\/product"}],"author":[{"embeddable":true,"href":"https:\/\/www.delicias-uk.com\/pt-pt\/wp-json\/wp\/v2\/users\/43538"}],"replies":[{"embeddable":true,"href":"https:\/\/www.delicias-uk.com\/pt-pt\/wp-json\/wp\/v2\/comments?post=233276"}],"wp:featuredmedia":[{"embeddable":true,"href":"https:\/\/www.delicias-uk.com\/pt-pt\/wp-json\/wp\/v2\/media\/233278"}],"wp:attachment":[{"href":"https:\/\/www.delicias-uk.com\/pt-pt\/wp-json\/wp\/v2\/media?parent=233276"}],"wp:term":[{"taxonomy":"pwb-brand","embeddable":true,"href":"https:\/\/www.delicias-uk.com\/pt-pt\/wp-json\/wp\/v2\/pwb-brand?post=233276"},{"taxonomy":"product_brand","embeddable":true,"href":"https:\/\/www.delicias-uk.com\/pt-pt\/wp-json\/wp\/v2\/product_brand?post=233276"},{"taxonomy":"product_cat","embeddable":true,"href":"https:\/\/www.delicias-uk.com\/pt-pt\/wp-json\/wp\/v2\/product_cat?post=233276"},{"taxonomy":"product_tag","embeddable":true,"href":"https:\/\/www.delicias-uk.com\/pt-pt\/wp-json\/wp\/v2\/product_tag?post=233276"}],"curies":[{"name":"wp","href":"https:\/\/api.w.org\/{rel}","templated":true}]}}