{"id":232748,"date":"2025-08-06T14:37:02","date_gmt":"2025-08-06T13:37:02","guid":{"rendered":"https:\/\/www.delicias-uk.com\/?post_type=product&#038;p=232748"},"modified":"2025-08-06T14:38:06","modified_gmt":"2025-08-06T13:38:06","slug":"muros-melgaco-alvarinho-2024-75cl","status":"publish","type":"product","link":"https:\/\/www.delicias-uk.com\/pt-pt\/produto\/muros-melgaco-alvarinho-2024-75cl\/","title":{"rendered":"Muros Melga\u00e7o Alvarinho 2024 75cl"},"content":{"rendered":"<p>Vinho branco feito de uvas da casta Alvarinho, exclusivamente produzidas em Melga\u00e7o. As vinhas s\u00e3o de encostas expostas a Sul, com elevada matura\u00e7\u00e3o e n\u00edveis altos de acidez. Fermenta e estagia em barricas de carvalho franc\u00eas durante 6 meses. Hoje, a sua complexidade e excel\u00eancia resultam de mais de 25 anos de estudo no alcance da perfei\u00e7\u00e3o. Ao longo destes anos tornou- -se uma refer\u00eancia em Portugal pela sua eleg\u00e2ncia, classe e consist\u00eancia. No nariz austero, mineral com ligeiro caramelo. O ataque de boca \u00e9 franco, seco e muito fresco. Termina longo.<\/p>\n","protected":false},"excerpt":{"rendered":"<ul style=\"list-style-type: disc;\">\n<li>Produtor: Anselmo Mendes<\/li>\n<li>Regiao: Minho<\/li>\n<li>Pa\u00eds: Portugal<\/li>\n<li>Tipo de Vinho: Branco<\/li>\n<li>Castas:\u00a0 Alvarinho<\/li>\n<li>Garrafa: 75cl<\/li>\n<li>Teor Alcoolico: 12.5%<\/li>\n<\/ul>\n","protected":false},"author":43538,"featured_media":93777,"comment_status":"open","ping_status":"closed","template":"","meta":[],"pwb-brand":[],"product_brand":[],"product_cat":[8289,8291,8431,8489,8881],"product_tag":[],"class_list":{"0":"post-232748","1":"product","2":"type-product","3":"status-publish","4":"has-post-thumbnail","6":"product_cat-inicio","7":"product_cat-produtos-portugueses","8":"product_cat-vinhos-pt-pt","9":"product_cat-vinho-branco","10":"product_cat-minho-pt-pt-vinho-branco","12":"first","13":"instock","14":"taxable","15":"shipping-taxable","16":"purchasable","17":"product-type-simple"},"aioseo_notices":[],"brands":[],"_links":{"self":[{"href":"https:\/\/www.delicias-uk.com\/pt-pt\/wp-json\/wp\/v2\/product\/232748","targetHints":{"allow":["GET"]}}],"collection":[{"href":"https:\/\/www.delicias-uk.com\/pt-pt\/wp-json\/wp\/v2\/product"}],"about":[{"href":"https:\/\/www.delicias-uk.com\/pt-pt\/wp-json\/wp\/v2\/types\/product"}],"author":[{"embeddable":true,"href":"https:\/\/www.delicias-uk.com\/pt-pt\/wp-json\/wp\/v2\/users\/43538"}],"replies":[{"embeddable":true,"href":"https:\/\/www.delicias-uk.com\/pt-pt\/wp-json\/wp\/v2\/comments?post=232748"}],"wp:featuredmedia":[{"embeddable":true,"href":"https:\/\/www.delicias-uk.com\/pt-pt\/wp-json\/wp\/v2\/media\/93777"}],"wp:attachment":[{"href":"https:\/\/www.delicias-uk.com\/pt-pt\/wp-json\/wp\/v2\/media?parent=232748"}],"wp:term":[{"taxonomy":"pwb-brand","embeddable":true,"href":"https:\/\/www.delicias-uk.com\/pt-pt\/wp-json\/wp\/v2\/pwb-brand?post=232748"},{"taxonomy":"product_brand","embeddable":true,"href":"https:\/\/www.delicias-uk.com\/pt-pt\/wp-json\/wp\/v2\/product_brand?post=232748"},{"taxonomy":"product_cat","embeddable":true,"href":"https:\/\/www.delicias-uk.com\/pt-pt\/wp-json\/wp\/v2\/product_cat?post=232748"},{"taxonomy":"product_tag","embeddable":true,"href":"https:\/\/www.delicias-uk.com\/pt-pt\/wp-json\/wp\/v2\/product_tag?post=232748"}],"curies":[{"name":"wp","href":"https:\/\/api.w.org\/{rel}","templated":true}]}}