{"id":232541,"date":"2025-08-01T17:43:50","date_gmt":"2025-08-01T16:43:50","guid":{"rendered":"https:\/\/www.delicias-uk.com\/?post_type=product&#038;p=232541"},"modified":"2026-04-18T12:54:10","modified_gmt":"2026-04-18T11:54:10","slug":"cabaz-charcutaria-tradicional-portuguesa-delicias","status":"publish","type":"product","link":"https:\/\/www.delicias-uk.com\/pt-pt\/produto\/cabaz-charcutaria-tradicional-portuguesa-delicias\/","title":{"rendered":"Cabaz Charcutaria Tradicional Portuguesa Delicias"},"content":{"rendered":"<p>Envie amor a um amigo ou membro da fam\u00edlia com Cabaz Charcutaria Tradicional Portuguesa Delicias<\/p>\n<p>Delicias Cabazes est\u00e3o cheios de guloseimas que s\u00e3o o presente perfeito para os entes queridos. De cabazes completos com vinho, queijo e charcutaria a cabazes repletos de mimos, h\u00e1 algo para todos.<\/p>\n<p><strong>Conte\u00fado do Cabaz:<\/strong><\/p>\n<p>1 unidade Presunto Curado Prisca Fatiado 200g (ref: CHA-PRE434)<\/p>\n<p>1 unidade Chourica Prisca Transmontana 180g (ref: CHA-TRA0701)<\/p>\n<p>1 unidade Mini Salsich\u00e3o Porminho 100g (ref: CHA-CHR0323)<\/p>\n<p>1 unidade Chourica prisca Castelhano Extra 200g (ref: CHA-CHR264)<\/p>\n<p>1 unidade Salame Porminho 200g (ref: CHA-CHR0330)<\/p>\n<p>1 unidade Paio York Porminho 200g (ref: CHA-CHR0328)<\/p>\n<p>1 unidade Mini Chorico Snack Porminho 100g (ref: CHA-CHR0322)<\/p>\n<p>1 unidade Queijo Curado Serra das Beiras Mistura 500g (ref: DAIC-MIX1705)<\/p>\n<p>1 unidade Tosta Diatosta 300g (ref: GRO-TST5233)<\/p>\n<p>1 unidade Dona Ermelinda Vinho Tinto 75cl (ref: WWH-PTPS1655)<\/p>\n<p><em>Observe que itens individuais podem estar sujeitos a substitui\u00e7\u00e3o devido \u00e0 disponibilidade.<\/em><\/p>\n<p>&nbsp;<\/p>\n<p>&nbsp;<\/p>\n","protected":false},"excerpt":{"rendered":"<p class=\"MsoNormal\"><span lang=\"pt\" xml:lang=\"pt\">Envie amor a um amigo ou membro da fam\u00edlia com Cabaz Charcutaria Tradicional Portuguesa Delicias.<\/span><\/p>\n<p class=\"MsoNormal\"><span lang=\"pt-br\" xml:lang=\"pt-br\">Delicias Cabazes est\u00e3o cheios de guloseimas que s\u00e3o o presente perfeito para os entes queridos. De cabazes completos com vinho, queijo e charcutaria a cabazes repletos de mimos, h\u00e1 algo para todos. <\/span><\/p>\n","protected":false},"author":43538,"featured_media":232543,"comment_status":"open","ping_status":"closed","template":"","meta":[],"pwb-brand":[],"product_brand":[],"product_cat":[8289,8291,8447,8293,8439,8435],"product_tag":[],"class_list":{"0":"post-232541","1":"product","2":"type-product","3":"status-publish","4":"has-post-thumbnail","6":"product_cat-inicio","7":"product_cat-produtos-portugueses","8":"product_cat-cabazes-pt-pt-produtos-portugueses","9":"product_cat-produtos-brasileiros","10":"product_cat-cabazes-pt-pt-produtos-brasileiros","11":"product_cat-cabazes-pt-pt","13":"first","14":"instock","15":"taxable","16":"shipping-taxable","17":"purchasable","18":"product-type-simple"},"aioseo_notices":[],"brands":[],"_links":{"self":[{"href":"https:\/\/www.delicias-uk.com\/pt-pt\/wp-json\/wp\/v2\/product\/232541","targetHints":{"allow":["GET"]}}],"collection":[{"href":"https:\/\/www.delicias-uk.com\/pt-pt\/wp-json\/wp\/v2\/product"}],"about":[{"href":"https:\/\/www.delicias-uk.com\/pt-pt\/wp-json\/wp\/v2\/types\/product"}],"author":[{"embeddable":true,"href":"https:\/\/www.delicias-uk.com\/pt-pt\/wp-json\/wp\/v2\/users\/43538"}],"replies":[{"embeddable":true,"href":"https:\/\/www.delicias-uk.com\/pt-pt\/wp-json\/wp\/v2\/comments?post=232541"}],"wp:featuredmedia":[{"embeddable":true,"href":"https:\/\/www.delicias-uk.com\/pt-pt\/wp-json\/wp\/v2\/media\/232543"}],"wp:attachment":[{"href":"https:\/\/www.delicias-uk.com\/pt-pt\/wp-json\/wp\/v2\/media?parent=232541"}],"wp:term":[{"taxonomy":"pwb-brand","embeddable":true,"href":"https:\/\/www.delicias-uk.com\/pt-pt\/wp-json\/wp\/v2\/pwb-brand?post=232541"},{"taxonomy":"product_brand","embeddable":true,"href":"https:\/\/www.delicias-uk.com\/pt-pt\/wp-json\/wp\/v2\/product_brand?post=232541"},{"taxonomy":"product_cat","embeddable":true,"href":"https:\/\/www.delicias-uk.com\/pt-pt\/wp-json\/wp\/v2\/product_cat?post=232541"},{"taxonomy":"product_tag","embeddable":true,"href":"https:\/\/www.delicias-uk.com\/pt-pt\/wp-json\/wp\/v2\/product_tag?post=232541"}],"curies":[{"name":"wp","href":"https:\/\/api.w.org\/{rel}","templated":true}]}}