{"id":232522,"date":"2025-08-01T16:09:21","date_gmt":"2025-08-01T15:09:21","guid":{"rendered":"https:\/\/www.delicias-uk.com\/?post_type=product&#038;p=232522"},"modified":"2025-08-04T11:25:34","modified_gmt":"2025-08-04T10:25:34","slug":"cabaz-sabores-do-brasil","status":"publish","type":"product","link":"https:\/\/www.delicias-uk.com\/pt-pt\/produto\/cabaz-sabores-do-brasil\/","title":{"rendered":"Cabaz Sabores do Brasil"},"content":{"rendered":"<p>Envie amor a um amigo ou membro da fam\u00edlia com Taste Of Brazil Cabaz Delicias.<\/p>\n<p>Delicias Cabazes est\u00e3o cheios de guloseimas que s\u00e3o o presente perfeito para os entes queridos. De cabazes completos com vinho, queijo e charcutaria a cabazes repletos de mimos, h\u00e1 algo para todos.<\/p>\n<p><strong>Conte\u00fado do Cabaz:<\/strong><\/p>\n<p>1 unidade Cachaca Vale Verde Prata 40% Alc 70cl (ref: SPI-CAC7447)<\/p>\n<p>1 unidade Queijo Paiva Amanteigado 500g (ref: DAIC-COW1621)<\/p>\n<p>1 unidade Tapioca Hidratada Granum 500g \u00a0(ref: FLR-TAP2661)<\/p>\n<p>1 unidade Goiabada Cremosa Predileta 320g (ref: PRE-JAM6294)<\/p>\n<p>1 unidade Bala De Banana Zero Organica Dacolonia 100g (ref: SWE-NUT7863)<\/p>\n<p>1 unidade Cafe Pilao Moido Em Vacum 250g (ref: COF-GRO1098)<\/p>\n<p>1 unidade Cha Barao De Cotegipe Maracuja 13g x 10 (ref: COF-TEA1181)<\/p>\n<p>1 unidade Cocada Cremosa Sococo Queimado 335g (ref: PRE-MRM6363)<\/p>\n<p>1 unidade Farofa Mandioca Pronta Yoki 500g (ref: FLR-MAN2609)<\/p>\n<p>1 unidade Guarana Antartica Six-Pack Lata 330ml x 6 (ref: DRI-SOF2178)<\/p>\n<p>1 unidade Homemade Geleia Damasco 320g (ref: PRE-JAM6228)<\/p>\n<p>1 unidade Pastelaria Pronta Brigadeiros Cacau Congelado Cv Fabridoce 120g (ref: FRZB-PAT2909)<\/p>\n<p>1 unidade Pacoca Rolha Moreninha do Rio 300g (ref: GRO-SNK5080)<\/p>\n<p>1 unidade Palmito Pupunha Granum 400g (ref: VEG-PAL8095)<\/p>\n<p class=\"MsoNormal\"><em>Observe que itens individuais podem estar sujeitos a substitui\u00e7\u00e3o devido \u00e0 disponibilidade.<\/em><\/p>\n<p>&nbsp;<\/p>\n<p>&nbsp;<\/p>\n","protected":false},"excerpt":{"rendered":"<p class=\"MsoNormal\"><span lang=\"pt\" xml:lang=\"pt\">Envie amor a um amigo ou membro da fam\u00edlia com Taste Of Brazil Cabaz Delicias.<\/span><\/p>\n<p class=\"MsoNormal\"><span lang=\"pt-br\" xml:lang=\"pt-br\">Delicias Cabazes est\u00e3o cheios de guloseimas que s\u00e3o o presente perfeito para os entes queridos. De cabazes completos com vinho, queijo e charcutaria a cabazes repletos de mimos, h\u00e1 algo para todos. <\/span><\/p>\n","protected":false},"author":43538,"featured_media":232524,"comment_status":"open","ping_status":"closed","template":"","meta":[],"pwb-brand":[],"product_brand":[],"product_cat":[8289,8291,8447,8293,8439,8435],"product_tag":[],"class_list":{"0":"post-232522","1":"product","2":"type-product","3":"status-publish","4":"has-post-thumbnail","6":"product_cat-inicio","7":"product_cat-produtos-portugueses","8":"product_cat-cabazes-pt-pt-produtos-portugueses","9":"product_cat-produtos-brasileiros","10":"product_cat-cabazes-pt-pt-produtos-brasileiros","11":"product_cat-cabazes-pt-pt","13":"first","14":"instock","15":"taxable","16":"shipping-taxable","17":"purchasable","18":"product-type-simple"},"aioseo_notices":[],"brands":[],"_links":{"self":[{"href":"https:\/\/www.delicias-uk.com\/pt-pt\/wp-json\/wp\/v2\/product\/232522","targetHints":{"allow":["GET"]}}],"collection":[{"href":"https:\/\/www.delicias-uk.com\/pt-pt\/wp-json\/wp\/v2\/product"}],"about":[{"href":"https:\/\/www.delicias-uk.com\/pt-pt\/wp-json\/wp\/v2\/types\/product"}],"author":[{"embeddable":true,"href":"https:\/\/www.delicias-uk.com\/pt-pt\/wp-json\/wp\/v2\/users\/43538"}],"replies":[{"embeddable":true,"href":"https:\/\/www.delicias-uk.com\/pt-pt\/wp-json\/wp\/v2\/comments?post=232522"}],"wp:featuredmedia":[{"embeddable":true,"href":"https:\/\/www.delicias-uk.com\/pt-pt\/wp-json\/wp\/v2\/media\/232524"}],"wp:attachment":[{"href":"https:\/\/www.delicias-uk.com\/pt-pt\/wp-json\/wp\/v2\/media?parent=232522"}],"wp:term":[{"taxonomy":"pwb-brand","embeddable":true,"href":"https:\/\/www.delicias-uk.com\/pt-pt\/wp-json\/wp\/v2\/pwb-brand?post=232522"},{"taxonomy":"product_brand","embeddable":true,"href":"https:\/\/www.delicias-uk.com\/pt-pt\/wp-json\/wp\/v2\/product_brand?post=232522"},{"taxonomy":"product_cat","embeddable":true,"href":"https:\/\/www.delicias-uk.com\/pt-pt\/wp-json\/wp\/v2\/product_cat?post=232522"},{"taxonomy":"product_tag","embeddable":true,"href":"https:\/\/www.delicias-uk.com\/pt-pt\/wp-json\/wp\/v2\/product_tag?post=232522"}],"curies":[{"name":"wp","href":"https:\/\/api.w.org\/{rel}","templated":true}]}}